{"id":22336,"date":"2024-01-25T17:40:36","date_gmt":"2024-01-25T15:40:36","guid":{"rendered":"https:\/\/lemila.lt\/index.php\/product\/%e2%84%967-sweet-cinnamon\/"},"modified":"2026-04-06T20:32:22","modified_gmt":"2026-04-06T17:32:22","slug":"7-sweet-cinnamon","status":"publish","type":"product","link":"https:\/\/lemila.lt\/lv\/product\/7-sweet-cinnamon\/","title":{"rendered":"Nr. 7 Sald\u0101 kan\u0113\u013ca"},"content":{"rendered":"<p>Izv\u0113loties Etalon Mix, PMU profesion\u0101\u013ci var b\u016bt dro\u0161i, ka izmanto tikai augst\u0101k\u0101s kvalit\u0101tes produktus, kas atbilst m\u016bsdienu skaistumkop\u0161anas nozares tendenc\u0113m un pras\u012bb\u0101m. Atkl\u0101jiet Etalon Mix un p\u0101rliecinieties par profesion\u0101\u013cu izv\u0113les priek\u0161roc\u012bb\u0101m.<\/p>","protected":false},"excerpt":{"rendered":"<p>- smil\u0161kr\u0101sas un sarkan\u012bgi br\u016bns tonis tiem, kam l\u016bpas ir dabiski gai\u0161as.<br \/>\n- piem\u0113rots blond\u012bn\u0113m un cilv\u0113kiem ar vasaras raibumiem.<br \/>\n- nav ieteicams klientiem ar dabiski \u013coti tum\u0161i violet\u0101m un br\u016bn\u0101m l\u016bp\u0101m.<\/p>","protected":false},"featured_media":22338,"comment_status":"closed","ping_status":"closed","template":"","meta":[],"product_brand":[218],"product_cat":[208,112],"product_tag":[],"class_list":{"0":"post-22336","1":"product","2":"type-product","3":"status-publish","4":"has-post-thumbnail","6":"product_brand-etalon-mix","7":"product_cat-lupu-pigmentai","8":"product_cat-pigmentai","10":"first","11":"instock","12":"taxable","13":"shipping-taxable","14":"purchasable","15":"product-type-variable"},"_links":{"self":[{"href":"https:\/\/lemila.lt\/lv\/wp-json\/wp\/v2\/product\/22336","targetHints":{"allow":["GET"]}}],"collection":[{"href":"https:\/\/lemila.lt\/lv\/wp-json\/wp\/v2\/product"}],"about":[{"href":"https:\/\/lemila.lt\/lv\/wp-json\/wp\/v2\/types\/product"}],"replies":[{"embeddable":true,"href":"https:\/\/lemila.lt\/lv\/wp-json\/wp\/v2\/comments?post=22336"}],"version-history":[{"count":3,"href":"https:\/\/lemila.lt\/lv\/wp-json\/wp\/v2\/product\/22336\/revisions"}],"predecessor-version":[{"id":22561,"href":"https:\/\/lemila.lt\/lv\/wp-json\/wp\/v2\/product\/22336\/revisions\/22561"}],"wp:featuredmedia":[{"embeddable":true,"href":"https:\/\/lemila.lt\/lv\/wp-json\/wp\/v2\/media\/22338"}],"wp:attachment":[{"href":"https:\/\/lemila.lt\/lv\/wp-json\/wp\/v2\/media?parent=22336"}],"wp:term":[{"taxonomy":"product_brand","embeddable":true,"href":"https:\/\/lemila.lt\/lv\/wp-json\/wp\/v2\/product_brand?post=22336"},{"taxonomy":"product_cat","embeddable":true,"href":"https:\/\/lemila.lt\/lv\/wp-json\/wp\/v2\/product_cat?post=22336"},{"taxonomy":"product_tag","embeddable":true,"href":"https:\/\/lemila.lt\/lv\/wp-json\/wp\/v2\/product_tag?post=22336"}],"curies":[{"name":"wp","href":"https:\/\/api.w.org\/{rel}","templated":true}]}}