{"id":22333,"date":"2024-01-25T17:40:36","date_gmt":"2024-01-25T15:40:36","guid":{"rendered":"https:\/\/lemila.lt\/index.php\/product\/%e2%84%966-dusty-rose\/"},"modified":"2026-03-20T20:31:53","modified_gmt":"2026-03-20T18:31:53","slug":"6-dusty-rose","status":"publish","type":"product","link":"https:\/\/lemila.lt\/lv\/product\/6-dusty-rose\/","title":{"rendered":"Nr. 6 Putek\u013caina roze"},"content":{"rendered":"<p>Izv\u0113loties Etalon Mix, PMU profesion\u0101\u013ci var b\u016bt dro\u0161i, ka izmanto tikai augst\u0101k\u0101s kvalit\u0101tes produktus, kas atbilst m\u016bsdienu skaistumkop\u0161anas nozares tendenc\u0113m un pras\u012bb\u0101m. Atkl\u0101jiet Etalon Mix un p\u0101rliecinieties par profesion\u0101\u013cu izv\u0113les priek\u0161roc\u012bb\u0101m.<\/p>","protected":false},"excerpt":{"rendered":"<p>- pastelis maigi roz\u0101 ar vieglu ceri\u0146a nokr\u0101su<br \/>\n- dabiskajiem PMU to\u0146iem<br \/>\n- Lai ieg\u016btu spilgt\u0101kus to\u0146us, izmantojiet kop\u0101 ar Nr.4 Red velvet, Nr.5 Cherry mousse un Terracotta korektoru.<\/p>","protected":false},"featured_media":22335,"comment_status":"closed","ping_status":"closed","template":"","meta":[],"product_brand":[218],"product_cat":[208,112],"product_tag":[],"class_list":{"0":"post-22333","1":"product","2":"type-product","3":"status-publish","4":"has-post-thumbnail","6":"product_brand-etalon-mix","7":"product_cat-lupu-pigmentai","8":"product_cat-pigmentai","10":"first","11":"instock","12":"taxable","13":"shipping-taxable","14":"purchasable","15":"product-type-variable"},"_links":{"self":[{"href":"https:\/\/lemila.lt\/lv\/wp-json\/wp\/v2\/product\/22333","targetHints":{"allow":["GET"]}}],"collection":[{"href":"https:\/\/lemila.lt\/lv\/wp-json\/wp\/v2\/product"}],"about":[{"href":"https:\/\/lemila.lt\/lv\/wp-json\/wp\/v2\/types\/product"}],"replies":[{"embeddable":true,"href":"https:\/\/lemila.lt\/lv\/wp-json\/wp\/v2\/comments?post=22333"}],"version-history":[{"count":4,"href":"https:\/\/lemila.lt\/lv\/wp-json\/wp\/v2\/product\/22333\/revisions"}],"predecessor-version":[{"id":26236,"href":"https:\/\/lemila.lt\/lv\/wp-json\/wp\/v2\/product\/22333\/revisions\/26236"}],"wp:featuredmedia":[{"embeddable":true,"href":"https:\/\/lemila.lt\/lv\/wp-json\/wp\/v2\/media\/22335"}],"wp:attachment":[{"href":"https:\/\/lemila.lt\/lv\/wp-json\/wp\/v2\/media?parent=22333"}],"wp:term":[{"taxonomy":"product_brand","embeddable":true,"href":"https:\/\/lemila.lt\/lv\/wp-json\/wp\/v2\/product_brand?post=22333"},{"taxonomy":"product_cat","embeddable":true,"href":"https:\/\/lemila.lt\/lv\/wp-json\/wp\/v2\/product_cat?post=22333"},{"taxonomy":"product_tag","embeddable":true,"href":"https:\/\/lemila.lt\/lv\/wp-json\/wp\/v2\/product_tag?post=22333"}],"curies":[{"name":"wp","href":"https:\/\/api.w.org\/{rel}","templated":true}]}}