{"id":22330,"date":"2024-01-25T17:40:36","date_gmt":"2024-01-25T15:40:36","guid":{"rendered":"https:\/\/lemila.lt\/index.php\/product\/%e2%84%962-pink-caramel\/"},"modified":"2026-04-10T22:57:23","modified_gmt":"2026-04-10T19:57:23","slug":"2-pink-caramel","status":"publish","type":"product","link":"https:\/\/lemila.lt\/lv\/product\/2-pink-caramel\/","title":{"rendered":"Nr. 2 Roz\u0101 karamele"},"content":{"rendered":"<p>Izv\u0113loties Etalon Mix, PMU profesion\u0101\u013ci var b\u016bt dro\u0161i, ka izmanto tikai augst\u0101k\u0101s kvalit\u0101tes produktus, kas atbilst m\u016bsdienu skaistumkop\u0161anas nozares tendenc\u0113m un pras\u012bb\u0101m. Atkl\u0101jiet Etalon Mix un p\u0101rliecinieties par profesion\u0101\u013cu izv\u0113les priek\u0161roc\u012bb\u0101m.<\/p>","protected":false},"excerpt":{"rendered":"<p>- silta roz\u0101 kr\u0101sa<br \/>\n- vislab\u0101kais tonis novecojo\u0161\u0101m aukst\u0101m l\u016bp\u0101m<br \/>\n- lieliska izv\u0113le tiem, kam pat\u012bk roz\u0101 un karame\u013cu kr\u0101sas.<\/p>","protected":false},"featured_media":22332,"comment_status":"closed","ping_status":"closed","template":"","meta":[],"product_brand":[218],"product_cat":[208,112],"product_tag":[],"class_list":{"0":"post-22330","1":"product","2":"type-product","3":"status-publish","4":"has-post-thumbnail","6":"product_brand-etalon-mix","7":"product_cat-lupu-pigmentai","8":"product_cat-pigmentai","10":"first","11":"instock","12":"taxable","13":"shipping-taxable","14":"purchasable","15":"product-type-variable"},"_links":{"self":[{"href":"https:\/\/lemila.lt\/lv\/wp-json\/wp\/v2\/product\/22330","targetHints":{"allow":["GET"]}}],"collection":[{"href":"https:\/\/lemila.lt\/lv\/wp-json\/wp\/v2\/product"}],"about":[{"href":"https:\/\/lemila.lt\/lv\/wp-json\/wp\/v2\/types\/product"}],"replies":[{"embeddable":true,"href":"https:\/\/lemila.lt\/lv\/wp-json\/wp\/v2\/comments?post=22330"}],"version-history":[{"count":4,"href":"https:\/\/lemila.lt\/lv\/wp-json\/wp\/v2\/product\/22330\/revisions"}],"predecessor-version":[{"id":25928,"href":"https:\/\/lemila.lt\/lv\/wp-json\/wp\/v2\/product\/22330\/revisions\/25928"}],"wp:featuredmedia":[{"embeddable":true,"href":"https:\/\/lemila.lt\/lv\/wp-json\/wp\/v2\/media\/22332"}],"wp:attachment":[{"href":"https:\/\/lemila.lt\/lv\/wp-json\/wp\/v2\/media?parent=22330"}],"wp:term":[{"taxonomy":"product_brand","embeddable":true,"href":"https:\/\/lemila.lt\/lv\/wp-json\/wp\/v2\/product_brand?post=22330"},{"taxonomy":"product_cat","embeddable":true,"href":"https:\/\/lemila.lt\/lv\/wp-json\/wp\/v2\/product_cat?post=22330"},{"taxonomy":"product_tag","embeddable":true,"href":"https:\/\/lemila.lt\/lv\/wp-json\/wp\/v2\/product_tag?post=22330"}],"curies":[{"name":"wp","href":"https:\/\/api.w.org\/{rel}","templated":true}]}}