{"id":22324,"date":"2024-01-25T17:40:36","date_gmt":"2024-01-25T15:40:36","guid":{"rendered":"https:\/\/lemila.lt\/index.php\/product\/%e2%84%963-berry-nectar\/"},"modified":"2026-04-13T22:02:04","modified_gmt":"2026-04-13T19:02:04","slug":"3-berry-nectar","status":"publish","type":"product","link":"https:\/\/lemila.lt\/lv\/product\/3-berry-nectar\/","title":{"rendered":"Nr. 3 ogu nekt\u0101rs"},"content":{"rendered":"<p>Izv\u0113loties Etalon Mix, PMU profesion\u0101\u013ci var b\u016bt dro\u0161i, ka izmanto tikai augst\u0101k\u0101s kvalit\u0101tes produktus, kas atbilst m\u016bsdienu skaistumkop\u0161anas nozares tendenc\u0113m un pras\u012bb\u0101m. Atkl\u0101jiet Etalon Mix un p\u0101rliecinieties par profesion\u0101\u013cu izv\u0113les priek\u0161roc\u012bb\u0101m.<\/p>","protected":false},"excerpt":{"rendered":"<p>- \u0161is ir v\u0113ss, vid\u0113ji pies\u0101tin\u0101ts akvare\u013ckr\u0101sas tonis.<br \/>\n- Piem\u0113rots gan gai\u0161\u0101m, gan tum\u0161\u0101dain\u0101m meiten\u0113m.<br \/>\n- labi nosedz vec\u0101 tetov\u0113juma persiku nokr\u0101sas.<\/p>","protected":false},"featured_media":22326,"comment_status":"closed","ping_status":"closed","template":"","meta":[],"product_brand":[218],"product_cat":[208,112],"product_tag":[],"class_list":{"0":"post-22324","1":"product","2":"type-product","3":"status-publish","4":"has-post-thumbnail","6":"product_brand-etalon-mix","7":"product_cat-lupu-pigmentai","8":"product_cat-pigmentai","10":"first","11":"instock","12":"taxable","13":"shipping-taxable","14":"purchasable","15":"product-type-variable"},"_links":{"self":[{"href":"https:\/\/lemila.lt\/lv\/wp-json\/wp\/v2\/product\/22324","targetHints":{"allow":["GET"]}}],"collection":[{"href":"https:\/\/lemila.lt\/lv\/wp-json\/wp\/v2\/product"}],"about":[{"href":"https:\/\/lemila.lt\/lv\/wp-json\/wp\/v2\/types\/product"}],"replies":[{"embeddable":true,"href":"https:\/\/lemila.lt\/lv\/wp-json\/wp\/v2\/comments?post=22324"}],"version-history":[{"count":3,"href":"https:\/\/lemila.lt\/lv\/wp-json\/wp\/v2\/product\/22324\/revisions"}],"predecessor-version":[{"id":22565,"href":"https:\/\/lemila.lt\/lv\/wp-json\/wp\/v2\/product\/22324\/revisions\/22565"}],"wp:featuredmedia":[{"embeddable":true,"href":"https:\/\/lemila.lt\/lv\/wp-json\/wp\/v2\/media\/22326"}],"wp:attachment":[{"href":"https:\/\/lemila.lt\/lv\/wp-json\/wp\/v2\/media?parent=22324"}],"wp:term":[{"taxonomy":"product_brand","embeddable":true,"href":"https:\/\/lemila.lt\/lv\/wp-json\/wp\/v2\/product_brand?post=22324"},{"taxonomy":"product_cat","embeddable":true,"href":"https:\/\/lemila.lt\/lv\/wp-json\/wp\/v2\/product_cat?post=22324"},{"taxonomy":"product_tag","embeddable":true,"href":"https:\/\/lemila.lt\/lv\/wp-json\/wp\/v2\/product_tag?post=22324"}],"curies":[{"name":"wp","href":"https:\/\/api.w.org\/{rel}","templated":true}]}}