{"id":22321,"date":"2024-01-25T17:40:36","date_gmt":"2024-01-25T15:40:36","guid":{"rendered":"https:\/\/lemila.lt\/index.php\/product\/%e2%84%964-red-velvet\/"},"modified":"2026-02-17T09:42:36","modified_gmt":"2026-02-17T07:42:36","slug":"4-red-velvet","status":"publish","type":"product","link":"https:\/\/lemila.lt\/lv\/product\/4-red-velvet\/","title":{"rendered":"Nr. 4 Red Velvet"},"content":{"rendered":"<p>Izv\u0113loties Etalon Mix, PMU profesion\u0101\u013ci var b\u016bt dro\u0161i, ka izmanto tikai augst\u0101k\u0101s kvalit\u0101tes produktus, kas atbilst m\u016bsdienu skaistumkop\u0161anas nozares tendenc\u0113m un pras\u012bb\u0101m. Atkl\u0101jiet Etalon Mix un p\u0101rliecinieties par profesion\u0101\u013cu izv\u0113les priek\u0161roc\u012bb\u0101m.<\/p>","protected":false},"excerpt":{"rendered":"<p>- spilgti sarkana akvare\u013ckr\u0101sa<br \/>\n- labi kombin\u0113jas ar dzeltenu korektoru, lai izceltu sarkano kr\u0101su.<br \/>\n- to var izmantot k\u0101 spilgti sarkanu piez\u012bmi galvenajos to\u0146os, lai rad\u012btu spilgt\u0101ku akcentu.<\/p>","protected":false},"featured_media":22323,"comment_status":"closed","ping_status":"closed","template":"","meta":[],"product_brand":[218],"product_cat":[208,112],"product_tag":[],"class_list":{"0":"post-22321","1":"product","2":"type-product","3":"status-publish","4":"has-post-thumbnail","6":"product_brand-etalon-mix","7":"product_cat-lupu-pigmentai","8":"product_cat-pigmentai","10":"first","11":"instock","12":"taxable","13":"shipping-taxable","14":"purchasable","15":"product-type-variable"},"_links":{"self":[{"href":"https:\/\/lemila.lt\/lv\/wp-json\/wp\/v2\/product\/22321","targetHints":{"allow":["GET"]}}],"collection":[{"href":"https:\/\/lemila.lt\/lv\/wp-json\/wp\/v2\/product"}],"about":[{"href":"https:\/\/lemila.lt\/lv\/wp-json\/wp\/v2\/types\/product"}],"replies":[{"embeddable":true,"href":"https:\/\/lemila.lt\/lv\/wp-json\/wp\/v2\/comments?post=22321"}],"version-history":[{"count":3,"href":"https:\/\/lemila.lt\/lv\/wp-json\/wp\/v2\/product\/22321\/revisions"}],"predecessor-version":[{"id":22566,"href":"https:\/\/lemila.lt\/lv\/wp-json\/wp\/v2\/product\/22321\/revisions\/22566"}],"wp:featuredmedia":[{"embeddable":true,"href":"https:\/\/lemila.lt\/lv\/wp-json\/wp\/v2\/media\/22323"}],"wp:attachment":[{"href":"https:\/\/lemila.lt\/lv\/wp-json\/wp\/v2\/media?parent=22321"}],"wp:term":[{"taxonomy":"product_brand","embeddable":true,"href":"https:\/\/lemila.lt\/lv\/wp-json\/wp\/v2\/product_brand?post=22321"},{"taxonomy":"product_cat","embeddable":true,"href":"https:\/\/lemila.lt\/lv\/wp-json\/wp\/v2\/product_cat?post=22321"},{"taxonomy":"product_tag","embeddable":true,"href":"https:\/\/lemila.lt\/lv\/wp-json\/wp\/v2\/product_tag?post=22321"}],"curies":[{"name":"wp","href":"https:\/\/api.w.org\/{rel}","templated":true}]}}