{"id":22308,"date":"2024-01-25T16:12:25","date_gmt":"2024-01-25T14:12:25","guid":{"rendered":"https:\/\/lemila.lt\/index.php\/product\/skin-5\/"},"modified":"2025-12-30T16:18:42","modified_gmt":"2025-12-30T14:18:42","slug":"skin-5","status":"publish","type":"product","link":"https:\/\/lemila.lt\/lv\/product\/skin-5\/","title":{"rendered":"\u0100DA 5"},"content":{"rendered":"<p>Izv\u0113loties Etalon Mix, PMU profesion\u0101\u013ci var b\u016bt dro\u0161i, ka izmanto tikai augst\u0101k\u0101s kvalit\u0101tes produktus, kas atbilst m\u016bsdienu skaistumkop\u0161anas nozares tendenc\u0113m un pras\u012bb\u0101m. Atkl\u0101jiet Etalon Mix un p\u0101rliecinieties par profesion\u0101\u013cu izv\u0113les priek\u0161roc\u012bb\u0101m.<\/p>","protected":false},"excerpt":{"rendered":"<p>- pel\u0113ks - ceri\u0146i<br \/>\n- tum\u0161\u0101kais un aukst\u0101kais kamufl\u0101\u017eas tonis.<br \/>\n- ko izmanto vitiligo un kr\u016b\u0161u areolu mask\u0113\u0161anai paredz\u0113tu mask\u0113\u0161an\u0101s to\u0146u un mask\u0113\u0161an\u0101s mais\u012bjumu rad\u012b\u0161an\u0101 un tum\u0161o\u0161an\u0101.<\/p>","protected":false},"featured_media":22310,"comment_status":"closed","ping_status":"closed","template":"","meta":[],"product_brand":[218],"product_cat":[207,112],"product_tag":[],"class_list":{"0":"post-22308","1":"product","2":"type-product","3":"status-publish","4":"has-post-thumbnail","6":"product_brand-etalon-mix","7":"product_cat-kamufliazas","8":"product_cat-pigmentai","10":"first","11":"outofstock","12":"taxable","13":"shipping-taxable","14":"purchasable","15":"product-type-simple"},"_links":{"self":[{"href":"https:\/\/lemila.lt\/lv\/wp-json\/wp\/v2\/product\/22308","targetHints":{"allow":["GET"]}}],"collection":[{"href":"https:\/\/lemila.lt\/lv\/wp-json\/wp\/v2\/product"}],"about":[{"href":"https:\/\/lemila.lt\/lv\/wp-json\/wp\/v2\/types\/product"}],"replies":[{"embeddable":true,"href":"https:\/\/lemila.lt\/lv\/wp-json\/wp\/v2\/comments?post=22308"}],"version-history":[{"count":3,"href":"https:\/\/lemila.lt\/lv\/wp-json\/wp\/v2\/product\/22308\/revisions"}],"predecessor-version":[{"id":22568,"href":"https:\/\/lemila.lt\/lv\/wp-json\/wp\/v2\/product\/22308\/revisions\/22568"}],"wp:featuredmedia":[{"embeddable":true,"href":"https:\/\/lemila.lt\/lv\/wp-json\/wp\/v2\/media\/22310"}],"wp:attachment":[{"href":"https:\/\/lemila.lt\/lv\/wp-json\/wp\/v2\/media?parent=22308"}],"wp:term":[{"taxonomy":"product_brand","embeddable":true,"href":"https:\/\/lemila.lt\/lv\/wp-json\/wp\/v2\/product_brand?post=22308"},{"taxonomy":"product_cat","embeddable":true,"href":"https:\/\/lemila.lt\/lv\/wp-json\/wp\/v2\/product_cat?post=22308"},{"taxonomy":"product_tag","embeddable":true,"href":"https:\/\/lemila.lt\/lv\/wp-json\/wp\/v2\/product_tag?post=22308"}],"curies":[{"name":"wp","href":"https:\/\/api.w.org\/{rel}","templated":true}]}}