{"id":22288,"date":"2024-01-25T14:08:55","date_gmt":"2024-01-25T12:08:55","guid":{"rendered":"https:\/\/lemila.lt\/?post_type=product&#038;p=22288"},"modified":"2025-03-29T19:01:33","modified_gmt":"2025-03-29T17:01:33","slug":"vitamino-ad-tepaliukas-kremas-5-gr","status":"publish","type":"product","link":"https:\/\/lemila.lt\/lv\/product\/vitamino-ad-tepaliukas-kremas-5-gr\/","title":{"rendered":"A+D vitam\u012bna ziede - kr\u0113ms (5 gr.)"},"content":{"rendered":"<p>Kr\u0113ms mazina iekaisumu, nov\u0113r\u0161 niezi un pa\u0101trina dz\u012b\u0161anu, vienlaikus saglab\u0101jot pigmenta kr\u0101su bez kr\u0101sas mai\u0146as.<\/p>","protected":false},"excerpt":{"rendered":"<p>Lieto\u0161anai p\u0113c permanent\u0101 grima, tetov\u0113\u0161anas, mikrot\u0113lo\u0161anas un microblading proced\u016br\u0101m.<\/p>","protected":false},"featured_media":22289,"comment_status":"open","ping_status":"closed","template":"","meta":[],"product_brand":[],"product_cat":[263],"product_tag":[],"class_list":{"0":"post-22288","1":"product","2":"type-product","3":"status-publish","4":"has-post-thumbnail","6":"product_cat-pmu-aksesuarai","8":"first","9":"instock","10":"sale","11":"taxable","12":"shipping-taxable","13":"purchasable","14":"product-type-simple"},"_links":{"self":[{"href":"https:\/\/lemila.lt\/lv\/wp-json\/wp\/v2\/product\/22288","targetHints":{"allow":["GET"]}}],"collection":[{"href":"https:\/\/lemila.lt\/lv\/wp-json\/wp\/v2\/product"}],"about":[{"href":"https:\/\/lemila.lt\/lv\/wp-json\/wp\/v2\/types\/product"}],"replies":[{"embeddable":true,"href":"https:\/\/lemila.lt\/lv\/wp-json\/wp\/v2\/comments?post=22288"}],"version-history":[{"count":1,"href":"https:\/\/lemila.lt\/lv\/wp-json\/wp\/v2\/product\/22288\/revisions"}],"predecessor-version":[{"id":22291,"href":"https:\/\/lemila.lt\/lv\/wp-json\/wp\/v2\/product\/22288\/revisions\/22291"}],"wp:featuredmedia":[{"embeddable":true,"href":"https:\/\/lemila.lt\/lv\/wp-json\/wp\/v2\/media\/22289"}],"wp:attachment":[{"href":"https:\/\/lemila.lt\/lv\/wp-json\/wp\/v2\/media?parent=22288"}],"wp:term":[{"taxonomy":"product_brand","embeddable":true,"href":"https:\/\/lemila.lt\/lv\/wp-json\/wp\/v2\/product_brand?post=22288"},{"taxonomy":"product_cat","embeddable":true,"href":"https:\/\/lemila.lt\/lv\/wp-json\/wp\/v2\/product_cat?post=22288"},{"taxonomy":"product_tag","embeddable":true,"href":"https:\/\/lemila.lt\/lv\/wp-json\/wp\/v2\/product_tag?post=22288"}],"curies":[{"name":"wp","href":"https:\/\/api.w.org\/{rel}","templated":true}]}}