{"id":22284,"date":"2024-01-25T14:07:27","date_gmt":"2024-01-25T12:07:27","guid":{"rendered":"https:\/\/lemila.lt\/?post_type=product&#038;p=22284"},"modified":"2026-01-06T00:23:23","modified_gmt":"2026-01-05T22:23:23","slug":"mobiliojo-telefono-plataus-kampo-kameros-linze","status":"publish","type":"product","link":"https:\/\/lemila.lt\/lv\/product\/mobiliojo-telefono-plataus-kampo-kameros-linze\/","title":{"rendered":"Mobil\u0101 t\u0101lru\u0146a platle\u0146\u0137a kameras objekt\u012bvs"},"content":{"rendered":"","protected":false},"excerpt":{"rendered":"<p>Apraksts: 2-in-1 makro un platle\u0146\u0137a mobil\u0101 t\u0101lru\u0146a kamera.  Profesion\u0101la izm\u0113ra objekt\u012bvs profesion\u0101lai fotogr\u0101fijai. Ide\u0101li piem\u0113rots nelielu objektu (1-2 cm att\u0101lum\u0101) fotograf\u0113\u0161anai liel\u0101kos att\u0101lumos un detaliz\u0113tai fotograf\u0113\u0161anai. Objekt\u012bva skavas ir ar gumijas p\u0101rkl\u0101jumu un mont\u0101\u017eas laik\u0101 neboj\u0101 ier\u012bces virsmu. Komplekt\u0101 ietilpst objekt\u012bvi platle\u0146\u0137a un makro fotogr\u0101fijai.<br \/>\nmakro objekt\u012bvs ar 12,5x t\u0101lummai\u0146u un 0,45x platle\u0146\u0137i<\/p>","protected":false},"featured_media":22285,"comment_status":"open","ping_status":"closed","template":"","meta":[],"product_brand":[],"product_cat":[263,215],"product_tag":[],"class_list":{"0":"post-22284","1":"product","2":"type-product","3":"status-publish","4":"has-post-thumbnail","6":"product_cat-pmu-aksesuarai","7":"product_cat-profesionalams","9":"first","10":"instock","11":"sale","12":"taxable","13":"shipping-taxable","14":"purchasable","15":"product-type-simple"},"_links":{"self":[{"href":"https:\/\/lemila.lt\/lv\/wp-json\/wp\/v2\/product\/22284","targetHints":{"allow":["GET"]}}],"collection":[{"href":"https:\/\/lemila.lt\/lv\/wp-json\/wp\/v2\/product"}],"about":[{"href":"https:\/\/lemila.lt\/lv\/wp-json\/wp\/v2\/types\/product"}],"replies":[{"embeddable":true,"href":"https:\/\/lemila.lt\/lv\/wp-json\/wp\/v2\/comments?post=22284"}],"version-history":[{"count":1,"href":"https:\/\/lemila.lt\/lv\/wp-json\/wp\/v2\/product\/22284\/revisions"}],"predecessor-version":[{"id":22287,"href":"https:\/\/lemila.lt\/lv\/wp-json\/wp\/v2\/product\/22284\/revisions\/22287"}],"wp:featuredmedia":[{"embeddable":true,"href":"https:\/\/lemila.lt\/lv\/wp-json\/wp\/v2\/media\/22285"}],"wp:attachment":[{"href":"https:\/\/lemila.lt\/lv\/wp-json\/wp\/v2\/media?parent=22284"}],"wp:term":[{"taxonomy":"product_brand","embeddable":true,"href":"https:\/\/lemila.lt\/lv\/wp-json\/wp\/v2\/product_brand?post=22284"},{"taxonomy":"product_cat","embeddable":true,"href":"https:\/\/lemila.lt\/lv\/wp-json\/wp\/v2\/product_cat?post=22284"},{"taxonomy":"product_tag","embeddable":true,"href":"https:\/\/lemila.lt\/lv\/wp-json\/wp\/v2\/product_tag?post=22284"}],"curies":[{"name":"wp","href":"https:\/\/api.w.org\/{rel}","templated":true}]}}