{"id":22267,"date":"2024-01-25T14:04:35","date_gmt":"2024-01-25T12:04:35","guid":{"rendered":"https:\/\/lemila.lt\/?post_type=product&#038;p=22267"},"modified":"2026-02-12T16:52:48","modified_gmt":"2026-02-12T14:52:48","slug":"mast-pro-tattoo-cartridges-needles-0-3mm-round-liner-box-of-20","status":"publish","type":"product","link":"https:\/\/lemila.lt\/lv\/product\/mast-pro-tattoo-cartridges-needles-0-3mm-round-liner-box-of-20\/","title":{"rendered":"Mast Pro tetov\u0113\u0161anas k\u0101rtrid\u017ei Adatas 0.25MM, 0.30MM. 0.35MM Round Liner - 20 gabali\u0146u k\u0101rba"},"content":{"rendered":"<p>Produkta apraksts<br \/>\nMAST Pro k\u0101rtrid\u017ea adata<br \/>\nPiel\u0101gots un p\u0101rbaud\u012bts daudzu tetov\u0113\u0161anas m\u0101kslinieku uz cilv\u0113ku<br \/>\nAdatas izgatavotas no 304L, pul\u0113tas ar autom\u0101tisko iek\u0101rtu, lai nodro\u0161in\u0101tu vienm\u0113r\u012bg\u0101ku darb\u012bbu<br \/>\nIzcila kr\u0101su fakt\u016bra, kas rada priec\u012bgu skulptur\u0101lu iespaidu.<br \/>\nPiln\u012bga etil\u0113noks\u012bda dezinfekcija, vienreiz\u0113ja vienreiz\u0113ja lieto\u0161ana.<br \/>\nStingra kvalit\u0101tes un konsekvences kontrole, gluda un bez piemais\u012bjumiem<br \/>\nKatra korpusa deta\u013ca nodro\u0161ina izcilu komfortu<br \/>\nLieliska sader\u012bba ar adat\u0101m un apvalku, augsta stabilit\u0101te, vienm\u0113r\u012bga un netrauc\u0113ta tintes pl\u016bsma.<br \/>\nInteli\u0123entas vizu\u0101l\u0101s optimiz\u0101cijas caurule, galven\u0101 galvas formas korpusa puse, l\u012bdz pat galam, taisns le\u0146\u0137is vis\u0101s \u010detr\u0101s pus\u0113s, samazina sf\u0113risk\u0101 objekt\u012bva izkrop\u013cojumus un refrakciju.<br \/>\n4 sabiezin\u0101tie stie\u0146i nodro\u0161ina augstu iztur\u012bbas iztur\u012bbu, ar gandr\u012bz 200 atsitiena sp\u0113ku ar iztur\u012bbu.<\/p>","protected":false},"excerpt":{"rendered":"<p>Produkta apraksts MAST Pro Cartridge Needle Piel\u0101gota un p\u0101rbaud\u012bta daudzu tetov\u0113\u0161anas m\u0101kslinieku uz cilv\u0113kiem Adatas izgatavotas no 304L, pul\u0113tas ar autom\u0101tisko ma\u0161\u012bnu, kas darbojas vienm\u0113r\u012bg\u0101k Izcila kr\u0101su tekst\u016bra, sniedz priec\u012bgu skulptur\u0113\u0161anas saj\u016btu Piln\u012bga etil\u0113noks\u012bda dezinfekcija, vienreiz\u0113ja lieto\u0161ana. Stingra kvalit\u0101tes un konsistences kontrole, gluda un bez piemais\u012bjumiem Katra stobra deta\u013ca nodro\u0161ina \u012bpa\u0161u komfortu Perfekta adatu un korpusa sader\u012bba, augsta stabilit\u0101te, vienm\u0113r\u012bga netrauc\u0113ta tintes pl\u016bsma Vied\u0101 vizu\u0101l\u0101 optimiz\u0101cijas caurul\u012bte, atsl\u0113gas galvas formas stobra puse, l\u012bdz pat galam, taisns le\u0146\u0137is vis\u0101s \u010detr\u0101s pus\u0113s, l\u012bdz minimumam samazina sf\u0113risk\u0101s l\u0113cas izkrop\u013cojumus un boj\u0101jumus 4 biez\u0101ki stie\u0146i nodro\u0161ina augstu iztur\u012bbas iztur\u012bbu, gandr\u012bz 200 atsitiena sp\u0113ks ar iztur\u012bbu.<\/p>","protected":false},"featured_media":22272,"comment_status":"open","ping_status":"closed","template":"","meta":[],"product_brand":[],"product_cat":[262,215],"product_tag":[],"class_list":{"0":"post-22267","1":"product","2":"type-product","3":"status-publish","4":"has-post-thumbnail","6":"product_cat-adatos-kartridzai","7":"product_cat-profesionalams","9":"first","10":"instock","11":"sale","12":"taxable","13":"shipping-taxable","14":"purchasable","15":"product-type-variable"},"_links":{"self":[{"href":"https:\/\/lemila.lt\/lv\/wp-json\/wp\/v2\/product\/22267","targetHints":{"allow":["GET"]}}],"collection":[{"href":"https:\/\/lemila.lt\/lv\/wp-json\/wp\/v2\/product"}],"about":[{"href":"https:\/\/lemila.lt\/lv\/wp-json\/wp\/v2\/types\/product"}],"replies":[{"embeddable":true,"href":"https:\/\/lemila.lt\/lv\/wp-json\/wp\/v2\/comments?post=22267"}],"version-history":[{"count":5,"href":"https:\/\/lemila.lt\/lv\/wp-json\/wp\/v2\/product\/22267\/revisions"}],"predecessor-version":[{"id":28307,"href":"https:\/\/lemila.lt\/lv\/wp-json\/wp\/v2\/product\/22267\/revisions\/28307"}],"wp:featuredmedia":[{"embeddable":true,"href":"https:\/\/lemila.lt\/lv\/wp-json\/wp\/v2\/media\/22272"}],"wp:attachment":[{"href":"https:\/\/lemila.lt\/lv\/wp-json\/wp\/v2\/media?parent=22267"}],"wp:term":[{"taxonomy":"product_brand","embeddable":true,"href":"https:\/\/lemila.lt\/lv\/wp-json\/wp\/v2\/product_brand?post=22267"},{"taxonomy":"product_cat","embeddable":true,"href":"https:\/\/lemila.lt\/lv\/wp-json\/wp\/v2\/product_cat?post=22267"},{"taxonomy":"product_tag","embeddable":true,"href":"https:\/\/lemila.lt\/lv\/wp-json\/wp\/v2\/product_tag?post=22267"}],"curies":[{"name":"wp","href":"https:\/\/api.w.org\/{rel}","templated":true}]}}