{"id":22264,"date":"2024-01-25T13:56:33","date_gmt":"2024-01-25T11:56:33","guid":{"rendered":"https:\/\/lemila.lt\/?post_type=product&#038;p=22264"},"modified":"2026-01-01T23:28:57","modified_gmt":"2026-01-01T21:28:57","slug":"carenel-pomegranate-naktine-lupu-kauke-5g","status":"publish","type":"product","link":"https:\/\/lemila.lt\/lv\/product\/carenel-pomegranate-naktine-lupu-kauke-5g\/","title":{"rendered":"Carenel Gran\u0101t\u0101bolu nakts l\u016bpu maska 5g"},"content":{"rendered":"<p>\u0160\u012b nakts maska intens\u012bvi mitrina un padara l\u016bpas m\u012bkstas un kuplas. Dienas laik\u0101 var lietot k\u0101 l\u016bpu balzamu saus\u0101m l\u016bp\u0101m. Satur C vitam\u012bnu, gran\u0101t\u0101bolu, zeme\u0146u un \u017ee\u0146\u0161e\u0146a sak\u0146u ekstraktus, bi\u0161u vasku. Ar pat\u012bkamu gran\u0101t\u0101bolu arom\u0101tu.<\/p>\n<p>Ra\u017eots Dienvidkorej\u0101.<\/p>\n<p>Aicin\u0101m j\u016bs iepaz\u012bties ar citiem l\u016bpu kop\u0161anas l\u012bdzek\u013ciem m\u016bsu kl\u0101st\u0101.<\/p>\n<p>Sast\u0101vs:<\/p>\n<p>Poliizobut\u0113ns, miner\u0101le\u013c\u013ca, petrolatums, diizostearilmal\u0101ts, bi\u0161u vasks, Euphorbia Cerifera (Candelilla) vasks, hidrogen\u0113ts stirola\/izopr\u0113na kopolim\u0113rs, ceres\u012bns, sorbit\u0101na seskviole\u0101ts, poligliceril-2-trisostear\u0101ts, kaprilglikols, CI 15985, 1,2-heksandiols, tokoferila acet\u0101ts, limon\u0113ns, CI 15850, linalools, Citral, Geraniol, Amyl Cinnamal, Citronellol, Water, Butylene Glycol, Fragaria Chiloensis (Strawberry) Fruit Extract, Punica Granatum Fruit Extract, Tricholoma Matsutake Extract, Nelumbo Nucifera Flower Extract, Schizandra Chinensis Fruit Extract, Panax Ginseng Root Extract, Moringa Pterygosperma Seed Extract.<\/p>\n<p>Lieto\u0161ana:<\/p>\n<p>Uzkl\u0101jiet uz l\u016bp\u0101m vakar\u0101 un atst\u0101jiet uz l\u016bp\u0101m uz nakti. Maskas sast\u0101v\u0101 eso\u0161\u0101s barojo\u0161\u0101s sast\u0101vda\u013cas darbosies miega laik\u0101, intens\u012bvi mitrinot un barojot l\u016bpas. Uzkl\u0101jiet uz t\u012br\u0101m l\u016bp\u0101m dienas laik\u0101, kad j\u016btat l\u016bpu sausumu.<\/p>","protected":false},"excerpt":{"rendered":"<p>Nakts l\u016bpu maska, kas p\u012blingo un mitrina l\u016bpas uz nakti, lai t\u0101s b\u016btu m\u012bkstas, kuplas un elast\u012bgas.<\/p>","protected":false},"featured_media":22265,"comment_status":"open","ping_status":"closed","template":"","meta":[],"product_brand":[223],"product_cat":[148,151,137],"product_tag":[],"class_list":{"0":"post-22264","1":"product","2":"type-product","3":"status-publish","4":"has-post-thumbnail","6":"product_brand-carenel","7":"product_cat-lupoms","8":"product_cat-lupu-prieziura","9":"product_cat-makiazas","11":"first","12":"instock","13":"taxable","14":"shipping-taxable","15":"purchasable","16":"product-type-simple"},"_links":{"self":[{"href":"https:\/\/lemila.lt\/lv\/wp-json\/wp\/v2\/product\/22264","targetHints":{"allow":["GET"]}}],"collection":[{"href":"https:\/\/lemila.lt\/lv\/wp-json\/wp\/v2\/product"}],"about":[{"href":"https:\/\/lemila.lt\/lv\/wp-json\/wp\/v2\/types\/product"}],"replies":[{"embeddable":true,"href":"https:\/\/lemila.lt\/lv\/wp-json\/wp\/v2\/comments?post=22264"}],"version-history":[{"count":2,"href":"https:\/\/lemila.lt\/lv\/wp-json\/wp\/v2\/product\/22264\/revisions"}],"predecessor-version":[{"id":22292,"href":"https:\/\/lemila.lt\/lv\/wp-json\/wp\/v2\/product\/22264\/revisions\/22292"}],"wp:featuredmedia":[{"embeddable":true,"href":"https:\/\/lemila.lt\/lv\/wp-json\/wp\/v2\/media\/22265"}],"wp:attachment":[{"href":"https:\/\/lemila.lt\/lv\/wp-json\/wp\/v2\/media?parent=22264"}],"wp:term":[{"taxonomy":"product_brand","embeddable":true,"href":"https:\/\/lemila.lt\/lv\/wp-json\/wp\/v2\/product_brand?post=22264"},{"taxonomy":"product_cat","embeddable":true,"href":"https:\/\/lemila.lt\/lv\/wp-json\/wp\/v2\/product_cat?post=22264"},{"taxonomy":"product_tag","embeddable":true,"href":"https:\/\/lemila.lt\/lv\/wp-json\/wp\/v2\/product_tag?post=22264"}],"curies":[{"name":"wp","href":"https:\/\/api.w.org\/{rel}","templated":true}]}}