{"id":22261,"date":"2024-01-25T13:53:57","date_gmt":"2024-01-25T11:53:57","guid":{"rendered":"https:\/\/lemila.lt\/?post_type=product&#038;p=22261"},"modified":"2024-01-25T14:12:12","modified_gmt":"2024-01-25T12:12:12","slug":"carenel-apricot-naktine-lupu-kauke-5g","status":"publish","type":"product","link":"https:\/\/lemila.lt\/lv\/product\/carenel-apricot-naktine-lupu-kauke-5g\/","title":{"rendered":"Carenel Apriko\u017eu nakts l\u016bpu maska 5g"},"content":{"rendered":"<p>\u0160\u012b nakts maska intens\u012bvi mitrina un padara l\u016bpas m\u012bkstas un kuplas. Dienas laik\u0101 var lietot k\u0101 l\u016bpu balzamu saus\u0101m l\u016bp\u0101m. Satur C vitam\u012bnu, makad\u0101mijas, apriko\u017eu un ol\u012bvu e\u013c\u013cu, k\u0101 ar\u012b da\u017e\u0101dus ziedu un aug\u013cu ekstraktus. Ar pat\u012bkamu apriko\u017eu arom\u0101tu.<\/p>\n<p>Ra\u017eots Dienvidkorej\u0101.<\/p>\n<p>Aicin\u0101m j\u016bs iepaz\u012bties ar citiem l\u016bpu kop\u0161anas l\u012bdzek\u013ciem m\u016bsu kl\u0101st\u0101.<\/p>\n<p>Sast\u0101vs:<\/p>\n<p>Poliizobut\u0113ns, miner\u0101le\u013c\u013ca, petrolatums, diizostearilmal\u0101ts, bi\u0161u vasks, Euphorbia Cerifera (Candelilla) vasks, cerez\u012bns, hidrogen\u0113tais stirola\/izopr\u0113na kopolim\u0113rs, sorbit\u0101na seskviole\u0101ts, poligliceril-2-trisostear\u0101ts, smar\u017evielas, kaprilglikols, sint\u0113tiskais flourflogop\u012bts, CI 77891, CI 19140, 1,2-heksandiols, tokoferilacet\u0101ts, limon\u0113ns, CI 15850, linalools, heksilcinnamols, citronelols, CI 77861, citralis, geraniols, \u016bdens, makad\u0101mijas s\u0113klu e\u013c\u013ca, Olea Europaea (ol\u012bvu) aug\u013cu e\u013c\u013ca, Prunus Armeniaca (apriko\u017eu) kauli\u0146u e\u013c\u013ca, butil\u0113nglikols, Lavandula Angustifolia (Lavandula Angustifolia) ziedu ekstrakts, Rosa Canina ziedu ekstrakts, Chamomilla Recutita (Matricaria) ziedu ekstrakts, Paeonia Offcinalis ziedu ekstrakts, Rosa Centifolia ziedu ekstrakts, Camellia Japonica ziedu ekstrakts, Lilium Tigrinum ekstrakts, Fragaria Chiloensis (Strawberry) aug\u013cu ekstrakts, Punica Granatum aug\u013cu ekstrakts, Tricholoma Matsutake ekstrakts, Nelumbo Nucifera ziedu ekstrakts, Schizandra Chinensis aug\u013cu ekstrakts, Panax Ginseng sak\u0146u ekstrakts, Moringa Pterygosperma s\u0113klu ekstrakts.<\/p>\n<p>*L\u012bdzek\u013ca sast\u0101vs laika gait\u0101 var main\u012bties. Pirms produkta lieto\u0161anas, l\u016bdzu, p\u0101rbaudiet sast\u0101vda\u013cas uz iepakojuma. Ja produkta sast\u0101vs, kas nor\u0101d\u012bts internet\u0101, at\u0161\u0137iras no t\u0101, kas nor\u0101d\u012bts uz iepakojuma, l\u016bdzu, skatiet to uz iepakojuma.<\/p>\n<p>Lieto\u0161ana:<\/p>\n<p>Uzkl\u0101jiet uz l\u016bp\u0101m vakar\u0101 un atst\u0101jiet uz l\u016bp\u0101m uz nakti. Maskas sast\u0101v\u0101 eso\u0161\u0101s barojo\u0161\u0101s sast\u0101vda\u013cas darbosies miega laik\u0101, intens\u012bvi mitrinot un barojot l\u016bpas. Uzkl\u0101jiet uz t\u012br\u0101m l\u016bp\u0101m dienas laik\u0101, kad j\u016btat l\u016bpu sausumu.<\/p>","protected":false},"excerpt":{"rendered":"<p>Nakts l\u016bpu maska, kas p\u012blingo un mitrina l\u016bpas uz nakti, lai t\u0101s b\u016btu m\u012bkstas, kuplas un elast\u012bgas.<\/p>","protected":false},"featured_media":22262,"comment_status":"open","ping_status":"closed","template":"","meta":[],"product_brand":[223],"product_cat":[148,151,137],"product_tag":[],"class_list":{"0":"post-22261","1":"product","2":"type-product","3":"status-publish","4":"has-post-thumbnail","6":"product_brand-carenel","7":"product_cat-lupoms","8":"product_cat-lupu-prieziura","9":"product_cat-makiazas","11":"first","12":"instock","13":"taxable","14":"shipping-taxable","15":"purchasable","16":"product-type-simple"},"_links":{"self":[{"href":"https:\/\/lemila.lt\/lv\/wp-json\/wp\/v2\/product\/22261","targetHints":{"allow":["GET"]}}],"collection":[{"href":"https:\/\/lemila.lt\/lv\/wp-json\/wp\/v2\/product"}],"about":[{"href":"https:\/\/lemila.lt\/lv\/wp-json\/wp\/v2\/types\/product"}],"replies":[{"embeddable":true,"href":"https:\/\/lemila.lt\/lv\/wp-json\/wp\/v2\/comments?post=22261"}],"version-history":[{"count":2,"href":"https:\/\/lemila.lt\/lv\/wp-json\/wp\/v2\/product\/22261\/revisions"}],"predecessor-version":[{"id":22294,"href":"https:\/\/lemila.lt\/lv\/wp-json\/wp\/v2\/product\/22261\/revisions\/22294"}],"wp:featuredmedia":[{"embeddable":true,"href":"https:\/\/lemila.lt\/lv\/wp-json\/wp\/v2\/media\/22262"}],"wp:attachment":[{"href":"https:\/\/lemila.lt\/lv\/wp-json\/wp\/v2\/media?parent=22261"}],"wp:term":[{"taxonomy":"product_brand","embeddable":true,"href":"https:\/\/lemila.lt\/lv\/wp-json\/wp\/v2\/product_brand?post=22261"},{"taxonomy":"product_cat","embeddable":true,"href":"https:\/\/lemila.lt\/lv\/wp-json\/wp\/v2\/product_cat?post=22261"},{"taxonomy":"product_tag","embeddable":true,"href":"https:\/\/lemila.lt\/lv\/wp-json\/wp\/v2\/product_tag?post=22261"}],"curies":[{"name":"wp","href":"https:\/\/api.w.org\/{rel}","templated":true}]}}