{"id":22258,"date":"2024-01-25T13:48:44","date_gmt":"2024-01-25T11:48:44","guid":{"rendered":"https:\/\/lemila.lt\/?post_type=product&#038;p=22258"},"modified":"2026-01-01T23:31:08","modified_gmt":"2026-01-01T21:31:08","slug":"carenel-berry-naktine-lupu-kauke-5g","status":"publish","type":"product","link":"https:\/\/lemila.lt\/lv\/product\/carenel-berry-naktine-lupu-kauke-5g\/","title":{"rendered":"Carenel ogu nakts l\u016bpu maska 5g"},"content":{"rendered":"<p>\u0160\u012b nakts maska intens\u012bvi mitrina un padara l\u016bpas m\u012bkstas un kuplas. Dienas laik\u0101 var lietot k\u0101 l\u016bpu balzamu saus\u0101m l\u016bp\u0101m. Satur C vitam\u012bnu, da\u017e\u0101du ogu ekstraktus, bi\u0161u vasku, ol\u012bvu un makad\u0101mijas e\u013c\u013cu. Ar pat\u012bkamu ogu arom\u0101tu.<\/p>\n<p>Izcelsmes valsts: Dienvidkoreja.<\/p>\n<p>Aicin\u0101m j\u016bs iepaz\u012bties ar citiem l\u016bpu kop\u0161anas l\u012bdzek\u013ciem m\u016bsu kl\u0101st\u0101.<\/p>\n<p>Sast\u0101vs:<\/p>\n<p>Poliizobut\u0113ns, miner\u0101le\u013c\u013ca, petrolatums, diizostearilmal\u0101ts, bi\u0161u vasks, Euphorbia Cerifera (Candelilla) vasks, hidrogen\u0113ts stirola\/izopr\u0113na kopolim\u0113rs, ceres\u012bns, sorbit\u0101na seskviole\u0101ts, kaprilglikols, smar\u017evielas, tit\u0101na dioks\u012bds, poligliceril-2-trisostear\u0101ts, Sint\u0113tiskais fluorflogop\u012bts, 1,2-Heksanediols, tokoferila acet\u0101ts, CI 19140, CI 15850, alvas oks\u012bds, \u016bdens, Olea Europaea (Olive) aug\u013cu e\u013c\u013ca, butil\u0113nglikols, Macadamia Integrifolia s\u0113klu e\u013c\u013ca, tokoferols, Lavandula Angustifolia (Lavandula Angustifolia) ziedu ekstrakts, Rosa Canina ziedu ekstrakts, Chamomilla Recutita (Matricaria) ziedu ekstrakts, Paeonia Officinalis ziedu ekstrakts, Rosa Centifolia ziedu ekstrakts, Camellia Japonica ziedu ekstrakts, Lilium Tigrinum ekstrakts, Rubus Idaeus (Raspberry) aug\u013cu ekstrakts, Fragaria Chiloensis (zeme\u0146u) aug\u013cu ekstrakts, Punica Granatum aug\u013cu ekstrakts, Tricholoma Matsutake ekstrakts, Nelumbo Nucifera ziedu ekstrakts, Schizandra Chinensis aug\u013cu ekstrakts, Panax Ginseng sak\u0146u ekstrakts, Moringa Pterygosperma s\u0113klu ekstrakts.<\/p>\n<p>Lieto\u0161ana:<\/p>\n<p>Uzkl\u0101jiet uz l\u016bp\u0101m vakar\u0101 un atst\u0101jiet uz l\u016bp\u0101m uz nakti. Maskas sast\u0101v\u0101 eso\u0161\u0101s barojo\u0161\u0101s sast\u0101vda\u013cas darbosies miega laik\u0101, intens\u012bvi mitrinot un barojot l\u016bpas. Uzkl\u0101jiet uz t\u012br\u0101m l\u016bp\u0101m dienas laik\u0101, kad j\u016btat l\u016bpu sausumu.<\/p>","protected":false},"excerpt":{"rendered":"<p>Nakts l\u016bpu maska, kas p\u012blingo un mitrina l\u016bpas uz nakti, lai t\u0101s b\u016btu m\u012bkstas, kuplas un elast\u012bgas.<\/p>","protected":false},"featured_media":22259,"comment_status":"open","ping_status":"closed","template":"","meta":[],"product_brand":[223],"product_cat":[148,151,137],"product_tag":[],"class_list":{"0":"post-22258","1":"product","2":"type-product","3":"status-publish","4":"has-post-thumbnail","6":"product_brand-carenel","7":"product_cat-lupoms","8":"product_cat-lupu-prieziura","9":"product_cat-makiazas","11":"first","12":"instock","13":"featured","14":"taxable","15":"shipping-taxable","16":"purchasable","17":"product-type-simple"},"_links":{"self":[{"href":"https:\/\/lemila.lt\/lv\/wp-json\/wp\/v2\/product\/22258","targetHints":{"allow":["GET"]}}],"collection":[{"href":"https:\/\/lemila.lt\/lv\/wp-json\/wp\/v2\/product"}],"about":[{"href":"https:\/\/lemila.lt\/lv\/wp-json\/wp\/v2\/types\/product"}],"replies":[{"embeddable":true,"href":"https:\/\/lemila.lt\/lv\/wp-json\/wp\/v2\/comments?post=22258"}],"version-history":[{"count":3,"href":"https:\/\/lemila.lt\/lv\/wp-json\/wp\/v2\/product\/22258\/revisions"}],"predecessor-version":[{"id":26271,"href":"https:\/\/lemila.lt\/lv\/wp-json\/wp\/v2\/product\/22258\/revisions\/26271"}],"wp:featuredmedia":[{"embeddable":true,"href":"https:\/\/lemila.lt\/lv\/wp-json\/wp\/v2\/media\/22259"}],"wp:attachment":[{"href":"https:\/\/lemila.lt\/lv\/wp-json\/wp\/v2\/media?parent=22258"}],"wp:term":[{"taxonomy":"product_brand","embeddable":true,"href":"https:\/\/lemila.lt\/lv\/wp-json\/wp\/v2\/product_brand?post=22258"},{"taxonomy":"product_cat","embeddable":true,"href":"https:\/\/lemila.lt\/lv\/wp-json\/wp\/v2\/product_cat?post=22258"},{"taxonomy":"product_tag","embeddable":true,"href":"https:\/\/lemila.lt\/lv\/wp-json\/wp\/v2\/product_tag?post=22258"}],"curies":[{"name":"wp","href":"https:\/\/api.w.org\/{rel}","templated":true}]}}