{"id":22245,"date":"2024-01-25T10:48:06","date_gmt":"2024-01-25T08:48:06","guid":{"rendered":"https:\/\/lemila.lt\/?post_type=product&#038;p=22245"},"modified":"2024-01-25T10:48:07","modified_gmt":"2024-01-25T08:48:07","slug":"la-sultane-de-saba-oriental-ayurvedic-scented-scrub-gintaras-vanile-paciulis-silko-baltymu-kuno-sveitiklis-200g","status":"publish","type":"product","link":"https:\/\/lemila.lt\/lv\/product\/la-sultane-de-saba-oriental-ayurvedic-scented-scrub-gintaras-vanile-paciulis-silko-baltymu-kuno-sveitiklis-200g\/","title":{"rendered":"LA SULTANE DE SABA AUSTRUMU \u0100JURV\u0112DAS AROM\u0100TA SKRUBIS - DZINTARS, VANI\u013bA, PA\u010c\u016aLIJA - Z\u012aDA PROTE\u012aNA \u0136ERME\u0145A SKRUBIS 200G"},"content":{"rendered":"<h4>AJURVEDIC BODY SHAPING - Aj\u016brv\u0113das - Dzintars, vani\u013ca, Pa\u010diulis<\/h4>\n<p>\u0160is maigais skrubis, kura pamat\u0101 ir z\u012bda prote\u012bni ar izl\u012bdzino\u0161\u0101m un stiprino\u0161\u0101m \u012bpa\u0161\u012bb\u0101m, no\u0146em atmiru\u0161o \u0101du, vienlaikus saglab\u0101jot \u0101das mitrin\u0101\u0161anu un atst\u0101jot maigu aj\u016brv\u0113das arom\u0101tu.<\/p>\n<hr \/>\n<p>PADOMI PAR IZMANTO\u0160ANU:<\/p>\n<p>Lietojiet du\u0161\u0101 vai uz mitras \u0101das, maigiem ap\u013cveida kust\u012bb\u0101m iemas\u0113jiet, p\u0113c tam noskalojiet.<\/p>\n<p>Uzman\u012bgi: nelietojiet uz sejas.<\/p>\n<p>Lieto\u0161ana: vienu vai divas reizes ned\u0113\u013c\u0101.<\/p>\n<hr \/>\n<p>Ra\u017eots Francij\u0101<\/p>","protected":false},"excerpt":{"rendered":"<p>\u0160is maigais skrubis, kura pamat\u0101 ir z\u012bda prote\u012bni ar izl\u012bdzino\u0161\u0101m un stiprino\u0161\u0101m \u012bpa\u0161\u012bb\u0101m, no\u0146em atmiru\u0161o \u0101du, vienlaikus saglab\u0101jot \u0101das mitrin\u0101\u0161anu un atst\u0101jot maigu aj\u016brv\u0113das arom\u0101tu.<\/p>","protected":false},"featured_media":22246,"comment_status":"open","ping_status":"closed","template":"","meta":[],"product_brand":[221],"product_cat":[154,156],"product_tag":[],"class_list":{"0":"post-22245","1":"product","2":"type-product","3":"status-publish","4":"has-post-thumbnail","6":"product_brand-la-sultane","7":"product_cat-kunui","8":"product_cat-sveitiklis","10":"first","11":"instock","12":"taxable","13":"shipping-taxable","14":"purchasable","15":"product-type-simple"},"_links":{"self":[{"href":"https:\/\/lemila.lt\/lv\/wp-json\/wp\/v2\/product\/22245","targetHints":{"allow":["GET"]}}],"collection":[{"href":"https:\/\/lemila.lt\/lv\/wp-json\/wp\/v2\/product"}],"about":[{"href":"https:\/\/lemila.lt\/lv\/wp-json\/wp\/v2\/types\/product"}],"replies":[{"embeddable":true,"href":"https:\/\/lemila.lt\/lv\/wp-json\/wp\/v2\/comments?post=22245"}],"version-history":[{"count":1,"href":"https:\/\/lemila.lt\/lv\/wp-json\/wp\/v2\/product\/22245\/revisions"}],"predecessor-version":[{"id":22248,"href":"https:\/\/lemila.lt\/lv\/wp-json\/wp\/v2\/product\/22245\/revisions\/22248"}],"wp:featuredmedia":[{"embeddable":true,"href":"https:\/\/lemila.lt\/lv\/wp-json\/wp\/v2\/media\/22246"}],"wp:attachment":[{"href":"https:\/\/lemila.lt\/lv\/wp-json\/wp\/v2\/media?parent=22245"}],"wp:term":[{"taxonomy":"product_brand","embeddable":true,"href":"https:\/\/lemila.lt\/lv\/wp-json\/wp\/v2\/product_brand?post=22245"},{"taxonomy":"product_cat","embeddable":true,"href":"https:\/\/lemila.lt\/lv\/wp-json\/wp\/v2\/product_cat?post=22245"},{"taxonomy":"product_tag","embeddable":true,"href":"https:\/\/lemila.lt\/lv\/wp-json\/wp\/v2\/product_tag?post=22245"}],"curies":[{"name":"wp","href":"https:\/\/api.w.org\/{rel}","templated":true}]}}