{"id":22114,"date":"2024-01-24T17:19:55","date_gmt":"2024-01-24T15:19:55","guid":{"rendered":"https:\/\/lemila.lt\/?post_type=product&#038;p=22114"},"modified":"2024-01-24T17:19:56","modified_gmt":"2024-01-24T15:19:56","slug":"la-sultane-de-saba-voyage-en-orient-silk-protein-scrub-gintaras-muskusas-santalmedis-silko-proteino-pilingas-200ml","status":"publish","type":"product","link":"https:\/\/lemila.lt\/lv\/product\/la-sultane-de-saba-voyage-en-orient-silk-protein-scrub-gintaras-muskusas-santalmedis-silko-proteino-pilingas-200ml\/","title":{"rendered":"LA SULTANE DE SABA VOYAGE EN ORIENT Z\u012aDA PROTE\u012aNU SKRUBIS - DZINTARS, MUSKUSS, SANDALKOKS - Z\u012aDA PROTE\u012aNU SKRUBIS 200ML"},"content":{"rendered":"<h4>SILK WHITE SHAKEWORKS Amber Musk Sandalwood 200ml<\/h4>\n<p>\u0160is maigais z\u012bda prote\u012bnu skrubis no\u0146em atmiru\u0161\u0101s \u0161\u016bnas, vienlaikus saglab\u0101jot \u0101das mitrin\u0101\u0161anu, un atst\u0101j maigu dzintara muskusa sandalkoka arom\u0101tu.<\/p>\n<hr \/>\n<p>SECIN\u0100JUMI:<\/p>\n<p>PROPIL\u0112NGLIKOLS, SAHAROZE, AQUA \/ \u016aDENS, PARAFFINUM LIQUIDUM \/ MINER\u0100LE\u013b\u013bA, PARFUM \/ SMAR\u017dVIELA, POLIAKRILAM\u012aDS, FENOKSIETANOLS, C13-14 IZOPARAF\u012aNS, LAURETS-7, K\u0100LIJA SORB\u0100TS, BENZIL BENZO\u0100TS, ETILHEKSILGLICER\u012aNS, LIMON\u0112NS, KUMAR\u012aNS, LINALOOLS, ALFA-IZOMETILJONONS, GERANIOLS, BENZILSALICIL\u0100TS, HEKSILCINAMOLS, HIDROLIZ\u0112TS Z\u012aDS, TOKOFEROLS, CI 15985 \/ DZELTENS 6, CI 19140 \/ DZELTENS 5<\/p>\n<p>Sast\u0101vda\u013cu saraksts var main\u012bties, t\u0101p\u0113c iesak\u0101m vienm\u0113r p\u0101rbaud\u012bt produktu sarakstu.<\/p>\n<hr \/>\n<p>AKT\u012aV\u0100S SAST\u0100VDA\u013bAS:<\/p>\n<p>Cukurs, z\u012bda prote\u012bni<\/p>\n<hr \/>\n<p>PRIEK\u0160ROC\u012aBAS:<\/p>\n<p>T\u012br\u012b\u0161ana no\u0146em net\u012brumus<\/p>\n<hr \/>\n<p>PADOMI PAR IZMANTO\u0160ANU:<\/p>\n<p>Visiem \u0101das tipiem. Uzkl\u0101jiet uz mitras \u0101das. Izkl\u0101jiet skrubi ar ap\u013cveida kust\u012bb\u0101m. Maigi noskalojiet ar remdenu \u016bdeni.<\/p>\n<hr \/>\n<p>Ra\u017eots Francij\u0101<\/p>","protected":false},"excerpt":{"rendered":"<p>\u0160is maigais z\u012bda prote\u012bnu skrubis no\u0146em atmiru\u0161\u0101s \u0161\u016bnas, vienlaikus saglab\u0101jot \u0101das mitrin\u0101\u0161anu, un atst\u0101j maigu dzintara muskusa sandalkoka arom\u0101tu.<\/p>","protected":false},"featured_media":22115,"comment_status":"open","ping_status":"closed","template":"","meta":[],"product_brand":[221],"product_cat":[154,156],"product_tag":[],"class_list":{"0":"post-22114","1":"product","2":"type-product","3":"status-publish","4":"has-post-thumbnail","6":"product_brand-la-sultane","7":"product_cat-kunui","8":"product_cat-sveitiklis","10":"first","11":"instock","12":"taxable","13":"shipping-taxable","14":"purchasable","15":"product-type-simple"},"_links":{"self":[{"href":"https:\/\/lemila.lt\/lv\/wp-json\/wp\/v2\/product\/22114","targetHints":{"allow":["GET"]}}],"collection":[{"href":"https:\/\/lemila.lt\/lv\/wp-json\/wp\/v2\/product"}],"about":[{"href":"https:\/\/lemila.lt\/lv\/wp-json\/wp\/v2\/types\/product"}],"replies":[{"embeddable":true,"href":"https:\/\/lemila.lt\/lv\/wp-json\/wp\/v2\/comments?post=22114"}],"version-history":[{"count":1,"href":"https:\/\/lemila.lt\/lv\/wp-json\/wp\/v2\/product\/22114\/revisions"}],"predecessor-version":[{"id":22116,"href":"https:\/\/lemila.lt\/lv\/wp-json\/wp\/v2\/product\/22114\/revisions\/22116"}],"wp:featuredmedia":[{"embeddable":true,"href":"https:\/\/lemila.lt\/lv\/wp-json\/wp\/v2\/media\/22115"}],"wp:attachment":[{"href":"https:\/\/lemila.lt\/lv\/wp-json\/wp\/v2\/media?parent=22114"}],"wp:term":[{"taxonomy":"product_brand","embeddable":true,"href":"https:\/\/lemila.lt\/lv\/wp-json\/wp\/v2\/product_brand?post=22114"},{"taxonomy":"product_cat","embeddable":true,"href":"https:\/\/lemila.lt\/lv\/wp-json\/wp\/v2\/product_cat?post=22114"},{"taxonomy":"product_tag","embeddable":true,"href":"https:\/\/lemila.lt\/lv\/wp-json\/wp\/v2\/product_tag?post=22114"}],"curies":[{"name":"wp","href":"https:\/\/api.w.org\/{rel}","templated":true}]}}