{"id":22104,"date":"2024-01-24T17:14:02","date_gmt":"2024-01-24T15:14:02","guid":{"rendered":"https:\/\/lemila.lt\/?post_type=product&#038;p=22104"},"modified":"2024-01-24T17:14:02","modified_gmt":"2024-01-24T15:14:02","slug":"la-sultane-de-saba-bali-body-lotion-lotosas-ir-frangipanio-ziedai-kuno-losjonas-200ml-pr","status":"publish","type":"product","link":"https:\/\/lemila.lt\/lv\/product\/la-sultane-de-saba-bali-body-lotion-lotosas-ir-frangipanio-ziedai-kuno-losjonas-200ml-pr\/","title":{"rendered":"LA SULTANE DE SABA BALI \u0136ERME\u0145A LOSJONS - LOTOSA UN FRANGIPANI ZIEDI - \u0136ERME\u0145A LOSJONS 200ML PR"},"content":{"rendered":"<h4>\u0136ERme\u0146a losjons - BALTS - lotosa, plum\u0113rijas ziedi 200ml<\/h4>\n<p>\u0160im \u0137erme\u0146a losjonam ir smalka un bag\u0101t\u012bga tekst\u016bra, kas nodro\u0161ina ilgsto\u0161u mitrin\u0101\u0161anu un arom\u0101tu.<\/p>\n<p>* Epidermas aug\u0161\u0113jo sl\u0101\u0146u mitrin\u0101\u0161ana.<\/p>\n<hr \/>\n<p>SECIN\u0100JUMI:<\/p>\n<p>AQUA \/ \u016aDENS, PRUNUS AMYGDALUS DULCIS E\u013b\u013bA \/ PRUNUS AMYGDALUS DULCIS (SALDO MANDE\u013bU) E\u013b\u013bA, PROPIL\u0112NGLIKOLS, BUTYROSPERMUM PARKII SVIESTS \/ BUTYROSPERMUM PARKII (\u0160\u012a) SVIESTS, smar\u017evielas \/ smar\u017evielas, CETIL ALKOHOLS, PEG-8 STEARATS, CETEARIL ALKOHOLS, HIDROGEN\u0112TA KOKONU AUG\u013bU AL\u013bA, KALCIJA CETIL FOSF\u0100TS, UREA, BENZIL ALKOHOLS, DIMETIKONS, benzilsalicil\u0101ts, PEG-20 sTEAR\u0100TS, PENTIL\u0112NA GLIKOLS, Karbom\u0113rs, TOKOF\u0112RILA aCET\u0100TS, kaprilglikols, decil\u0113nglikols, alanto\u012bns, N\u0100TRIJA HIDROKS\u012aDS, linalols, cinamil ALKOHOLS, HIDROKS\u012aZIOHEKSIL 3-cikloheks\u0113nkarboksaldeh\u012bds, EUGENOLS, LIMON\u0112NS, BHT, ISOEUGENOLS, ALFA-IZOMETILJONONS, AMILCINNAM\u0100LS, BENZIL BENZO\u0100TS, HIDROHISIOXICITRONEL\u0100LS, GERANIOLS.<\/p>\n<p>Sast\u0101vda\u013cu saraksts var main\u012bties, t\u0101p\u0113c iesak\u0101m p\u0101rbaud\u012bt produktu sarakstu.<\/p>\n<hr \/>\n<p>AKT\u012aV\u0100S SAST\u0100VDA\u013bAS:<\/p>\n<p>Saldo mande\u013cu e\u013c\u013ca, \u0161\u012b sviests, kokosriekstu e\u013c\u013ca.<\/p>\n<hr \/>\n<p>PRIEK\u0160ROC\u012aBAS:<\/p>\n<p>Barojo\u0161a un mitrino\u0161a iedarb\u012bba.<\/p>\n<hr \/>\n<p>PADOMI PAR IZMANTO\u0160ANU:<\/p>\n<p>Lietojiet uz \u0137erme\u0146a un kr\u016b\u0161kurvja. Lieto ar\u012b k\u0101 roku un k\u0101ju kr\u0113mu. Lieto\u0161ana ikdien\u0101.<\/p>\n<hr \/>\n<p>Ra\u017eots Francij\u0101.<\/p>","protected":false},"excerpt":{"rendered":"<p>\u0160im \u0137erme\u0146a losjonam ir smalka un bag\u0101t\u012bga tekst\u016bra, kas nodro\u0161ina ilgsto\u0161u mitrin\u0101\u0161anu un arom\u0101tu.<\/p>\n<p>* Epidermas aug\u0161\u0113jo sl\u0101\u0146u mitrin\u0101\u0161ana.<\/p>","protected":false},"featured_media":22106,"comment_status":"open","ping_status":"closed","template":"","meta":[],"product_brand":[221],"product_cat":[159,154],"product_tag":[],"class_list":{"0":"post-22104","1":"product","2":"type-product","3":"status-publish","4":"has-post-thumbnail","6":"product_brand-la-sultane","7":"product_cat-kuno-losjonas","8":"product_cat-kunui","10":"first","11":"instock","12":"taxable","13":"shipping-taxable","14":"purchasable","15":"product-type-simple"},"_links":{"self":[{"href":"https:\/\/lemila.lt\/lv\/wp-json\/wp\/v2\/product\/22104","targetHints":{"allow":["GET"]}}],"collection":[{"href":"https:\/\/lemila.lt\/lv\/wp-json\/wp\/v2\/product"}],"about":[{"href":"https:\/\/lemila.lt\/lv\/wp-json\/wp\/v2\/types\/product"}],"replies":[{"embeddable":true,"href":"https:\/\/lemila.lt\/lv\/wp-json\/wp\/v2\/comments?post=22104"}],"version-history":[{"count":1,"href":"https:\/\/lemila.lt\/lv\/wp-json\/wp\/v2\/product\/22104\/revisions"}],"predecessor-version":[{"id":22107,"href":"https:\/\/lemila.lt\/lv\/wp-json\/wp\/v2\/product\/22104\/revisions\/22107"}],"wp:featuredmedia":[{"embeddable":true,"href":"https:\/\/lemila.lt\/lv\/wp-json\/wp\/v2\/media\/22106"}],"wp:attachment":[{"href":"https:\/\/lemila.lt\/lv\/wp-json\/wp\/v2\/media?parent=22104"}],"wp:term":[{"taxonomy":"product_brand","embeddable":true,"href":"https:\/\/lemila.lt\/lv\/wp-json\/wp\/v2\/product_brand?post=22104"},{"taxonomy":"product_cat","embeddable":true,"href":"https:\/\/lemila.lt\/lv\/wp-json\/wp\/v2\/product_cat?post=22104"},{"taxonomy":"product_tag","embeddable":true,"href":"https:\/\/lemila.lt\/lv\/wp-json\/wp\/v2\/product_tag?post=22104"}],"curies":[{"name":"wp","href":"https:\/\/api.w.org\/{rel}","templated":true}]}}