{"id":22066,"date":"2024-01-24T16:35:13","date_gmt":"2024-01-24T14:35:13","guid":{"rendered":"https:\/\/lemila.lt\/?post_type=product&#038;p=22066"},"modified":"2024-01-24T16:35:13","modified_gmt":"2024-01-24T14:35:13","slug":"la-sultane-de-saba-udaipur-sugar-scrub-muskusas-smilkalai-vanile-cukraus-sveitiklis-100g","status":"publish","type":"product","link":"https:\/\/lemila.lt\/lv\/product\/la-sultane-de-saba-udaipur-sugar-scrub-muskusas-smilkalai-vanile-cukraus-sveitiklis-100g\/","title":{"rendered":"LA SULTANE DE SABA UDAIPUR CUKURA SKRUBIS - MUSKUSS, V\u012aRAKS, V\u012aRAKS, VANI\u013bA - CUKURA SKRUBIS 100G"},"content":{"rendered":"<h4>SUGAR SWEATING Muskuss, v\u012braks, vani\u013ca 100g<\/h4>\n<p>Skrubis, kas izgatavots no niedru cukura un arom\u0101tisk\u0101m \u0113teriskaj\u0101m e\u013c\u013c\u0101m, stimul\u0113 asinsriti un atkl\u0101j \u0137erme\u0146a maigumu.<\/p>\n<hr \/>\n<p>SECIN\u0100JUMI:<\/p>\n<p>SACCHARUM OFFICINARUM \/ CUKURNIEDRU CUKURNIEDRU EKSTRAKTS, HELIANTHUS ANNUUS S\u0112KLU E\u013b\u013bA \/ SAULESPU\u0136U E\u013b\u013bA, PARFUM \/ SMAR\u017dVIELA, BENZILSALICIL\u0100TS, DAUCUS CAROTA SATIVA SAKNES EKSTRAKTS \/ DAUCUS CAROTA SATIVA (BURK\u0100NU) SAKNES EKSTRAKTS, OPUNTIA FICUS-INDICA ZIEDU EKSTRAKTS, KUMAR\u012aNS, LIMON\u0112NS.<\/p>\n<p>Sast\u0101vda\u013cu saraksts var main\u012bties, t\u0101p\u0113c iesak\u0101m vienm\u0113r p\u0101rbaud\u012bt produktu sarakstu.<\/p>\n<hr \/>\n<p>AKT\u012aV\u0100S SAST\u0100VDA\u013bAS:<\/p>\n<p>J\u016bras s\u0101ls, saulespu\u0137u e\u013c\u013ca, burk\u0101nu e\u013c\u013ca, v\u012b\u0123u e\u013c\u013ca<\/p>\n<p>PRIEK\u0160ROC\u012aBAS:<\/p>\n<p>Baro un no\u0146em net\u012brumus<\/p>\n<div>Sp\u0113c\u012bgs \u0137erme\u0146a skrubis - p\u012blinga un m\u012bkstina \u0101du, padarot to gludu un mitrin\u0101tu. Smar\u017es ar v\u012braka, muskusa un vani\u013cas arom\u0101tu.<\/div>\n<hr \/>\n<p>&nbsp;<\/p>\n<div>Lieto\u0161anas padomi:<\/div>\n<p>&nbsp;<\/p>\n<p>&nbsp;<\/p>\n<div>Uzkl\u0101jiet uz sausas \u0101das (samitriniet, lai m\u012bkstin\u0101tu), viegli iemas\u0113jot, p\u0113c tam noskalojiet du\u0161\u0101. Lietojiet 1-2 reizes ned\u0113\u013c\u0101.<\/div>\n<hr \/>\n<p>Tilpums: 100 g<\/p>\n<p>Ra\u017eots Francij\u0101<\/p>","protected":false},"excerpt":{"rendered":"<p>Skrubis, kas izgatavots no niedru cukura un arom\u0101tisk\u0101m \u0113teriskaj\u0101m e\u013c\u013c\u0101m, stimul\u0113 asinsriti un atkl\u0101j \u0137erme\u0146a maigumu.<\/p>","protected":false},"featured_media":22068,"comment_status":"open","ping_status":"closed","template":"","meta":[],"product_brand":[221],"product_cat":[154,156],"product_tag":[],"class_list":{"0":"post-22066","1":"product","2":"type-product","3":"status-publish","4":"has-post-thumbnail","6":"product_brand-la-sultane","7":"product_cat-kunui","8":"product_cat-sveitiklis","10":"first","11":"instock","12":"taxable","13":"shipping-taxable","14":"purchasable","15":"product-type-simple"},"_links":{"self":[{"href":"https:\/\/lemila.lt\/lv\/wp-json\/wp\/v2\/product\/22066","targetHints":{"allow":["GET"]}}],"collection":[{"href":"https:\/\/lemila.lt\/lv\/wp-json\/wp\/v2\/product"}],"about":[{"href":"https:\/\/lemila.lt\/lv\/wp-json\/wp\/v2\/types\/product"}],"replies":[{"embeddable":true,"href":"https:\/\/lemila.lt\/lv\/wp-json\/wp\/v2\/comments?post=22066"}],"version-history":[{"count":1,"href":"https:\/\/lemila.lt\/lv\/wp-json\/wp\/v2\/product\/22066\/revisions"}],"predecessor-version":[{"id":22069,"href":"https:\/\/lemila.lt\/lv\/wp-json\/wp\/v2\/product\/22066\/revisions\/22069"}],"wp:featuredmedia":[{"embeddable":true,"href":"https:\/\/lemila.lt\/lv\/wp-json\/wp\/v2\/media\/22068"}],"wp:attachment":[{"href":"https:\/\/lemila.lt\/lv\/wp-json\/wp\/v2\/media?parent=22066"}],"wp:term":[{"taxonomy":"product_brand","embeddable":true,"href":"https:\/\/lemila.lt\/lv\/wp-json\/wp\/v2\/product_brand?post=22066"},{"taxonomy":"product_cat","embeddable":true,"href":"https:\/\/lemila.lt\/lv\/wp-json\/wp\/v2\/product_cat?post=22066"},{"taxonomy":"product_tag","embeddable":true,"href":"https:\/\/lemila.lt\/lv\/wp-json\/wp\/v2\/product_tag?post=22066"}],"curies":[{"name":"wp","href":"https:\/\/api.w.org\/{rel}","templated":true}]}}