{"id":22062,"date":"2024-01-24T16:32:28","date_gmt":"2024-01-24T14:32:28","guid":{"rendered":"https:\/\/lemila.lt\/?post_type=product&#038;p=22062"},"modified":"2024-01-24T16:32:28","modified_gmt":"2024-01-24T14:32:28","slug":"la-sultane-de-saba-udaipur-shea-butter-muskusas-smilkalai-vanile-taukmedzio-sviestas-100g","status":"publish","type":"product","link":"https:\/\/lemila.lt\/lv\/product\/la-sultane-de-saba-udaipur-shea-butter-muskusas-smilkalai-vanile-taukmedzio-sviestas-100g\/","title":{"rendered":"LA SULTANE DE SABA UDAIPUR \u0160\u012a SVIESTS - MUSKUSS, V\u012aRAKS, V\u012aRAKS, VANI\u013bA - \u0160\u012a SVIESTS 100G"},"content":{"rendered":"<h4>GENTLE BUTTER BUTTER Muskuss, v\u012braks, vani\u013ca 100g<\/h4>\n<p>\u0160\u012b sviests tiek ieg\u016bts no \u0100frikas sv\u0113t\u0101 koka aug\u013ciem. Ieg\u016btais \u0161\u012b sviests ir \u013coti bag\u0101t\u012bgs un pilns vitam\u012bnu. Tas dzi\u013ci baro \u0101du, pasarg\u0101jot \u0101du vai matus no iz\u017e\u016b\u0161anas. T\u0101 ir patiesi dabiska, vispus\u012bga kop\u0161ana. To var izmantot ar\u012b matu baro\u0161anai un sp\u012bduma un vitalit\u0101tes atjauno\u0161anai.<\/p>\n<hr \/>\n<p>SECIN\u0100JUMI:<\/p>\n<p>BUTYROSPERMUM PARKII BUTTER \/ BUTYROSPERMUM PARKII (SHEA) BUTTER, PARFUM \/ FRAGRANCE, BENZILSALICIL\u0100TS, KUMAR\u012aNS, LIMON\u0112NS, CITRONELOLS.<\/p>\n<p>Sast\u0101vda\u013cu saraksts var main\u012bties, t\u0101p\u0113c iesak\u0101m vienm\u0113r p\u0101rbaud\u012bt produktu sarakstu.<\/p>\n<hr \/>\n<p>AKT\u012aV\u0100S SAST\u0100VDA\u013bAS:<\/p>\n<p>\u0160\u012b sviests<\/p>\n<div>Ikdienas mitrin\u0101t\u0101js. 100% T\u012brs, dab\u012bgs \u0161\u012b sviests, ieg\u016bts aukst\u0101 pres\u0113\u0161anas proces\u0101. Baro un aizsarg\u0101 saplais\u0101ju\u0161u \u0101du un l\u016bpas. Nov\u0113r\u0161 un pal\u012bdz mazin\u0101t r\u0113tu\/ striju veido\u0161anos. Bag\u0101tin\u0101ts ar Udaipuras smar\u017eu.<\/div>\n<hr \/>\n<p>PRIEK\u0160ROC\u012aBAS:<\/p>\n<p>Barojo\u0161s, re\u0123ener\u0113jo\u0161s un mitrino\u0161s l\u012bdzeklis<\/p>\n<hr \/>\n<p>PADOMI PAR IZMANTO\u0160ANU:<\/p>\n<p>Uzkl\u0101jiet uz saus\u0101m \u0137erme\u0146a da\u013c\u0101m: elko\u0146iem, pap\u0113\u017eiem... Lai izmantotu k\u0101 balzamu boj\u0101tiem matiem, \u0146em sviesta bumbi\u0146u un izkaus\u0113 to rok\u0101s. Novietojiet gl\u0101zi zem silta \u016bdens, sviests izkus\u012bs un b\u016bs viegl\u0101k to lietot. Lieto\u0161ana ikdien\u0101.<\/p>\n<hr \/>\n<p>Br\u012bdin\u0101jums: tikai \u0101r\u0113jai lieto\u0161anai. Sarg\u0101t no b\u0113rniem. Sarg\u0101t no saskares ar ac\u012bm. Aler\u0123ijas gad\u012bjum\u0101 nekav\u0113joties p\u0101rtraukt lieto\u0161anu.<\/p>\n<p>Ra\u017eots Francij\u0101<\/p>","protected":false},"excerpt":{"rendered":"<p>\u0160\u012b sviests tiek ieg\u016bts no \u0100frikas sv\u0113t\u0101 koka aug\u013ciem. Ieg\u016btais \u0161\u012b sviests ir \u013coti bag\u0101t\u012bgs un pilns vitam\u012bnu. Tas dzi\u013ci baro \u0101du, pasarg\u0101jot \u0101du vai matus no iz\u017e\u016b\u0161anas. T\u0101 ir dabiska, vispus\u012bga kop\u0161ana. To var izmantot ar\u012b matu baro\u0161anai un sp\u012bduma un vitalit\u0101tes atjauno\u0161anai.<\/p>","protected":false},"featured_media":22064,"comment_status":"open","ping_status":"closed","template":"","meta":[],"product_brand":[221],"product_cat":[157,154],"product_tag":[],"class_list":{"0":"post-22062","1":"product","2":"type-product","3":"status-publish","4":"has-post-thumbnail","6":"product_brand-la-sultane","7":"product_cat-kuno-sviestas","8":"product_cat-kunui","10":"first","11":"instock","12":"taxable","13":"shipping-taxable","14":"purchasable","15":"product-type-simple"},"_links":{"self":[{"href":"https:\/\/lemila.lt\/lv\/wp-json\/wp\/v2\/product\/22062","targetHints":{"allow":["GET"]}}],"collection":[{"href":"https:\/\/lemila.lt\/lv\/wp-json\/wp\/v2\/product"}],"about":[{"href":"https:\/\/lemila.lt\/lv\/wp-json\/wp\/v2\/types\/product"}],"replies":[{"embeddable":true,"href":"https:\/\/lemila.lt\/lv\/wp-json\/wp\/v2\/comments?post=22062"}],"version-history":[{"count":1,"href":"https:\/\/lemila.lt\/lv\/wp-json\/wp\/v2\/product\/22062\/revisions"}],"predecessor-version":[{"id":22065,"href":"https:\/\/lemila.lt\/lv\/wp-json\/wp\/v2\/product\/22062\/revisions\/22065"}],"wp:featuredmedia":[{"embeddable":true,"href":"https:\/\/lemila.lt\/lv\/wp-json\/wp\/v2\/media\/22064"}],"wp:attachment":[{"href":"https:\/\/lemila.lt\/lv\/wp-json\/wp\/v2\/media?parent=22062"}],"wp:term":[{"taxonomy":"product_brand","embeddable":true,"href":"https:\/\/lemila.lt\/lv\/wp-json\/wp\/v2\/product_brand?post=22062"},{"taxonomy":"product_cat","embeddable":true,"href":"https:\/\/lemila.lt\/lv\/wp-json\/wp\/v2\/product_cat?post=22062"},{"taxonomy":"product_tag","embeddable":true,"href":"https:\/\/lemila.lt\/lv\/wp-json\/wp\/v2\/product_tag?post=22062"}],"curies":[{"name":"wp","href":"https:\/\/api.w.org\/{rel}","templated":true}]}}