{"id":22038,"date":"2024-01-24T16:18:39","date_gmt":"2024-01-24T14:18:39","guid":{"rendered":"https:\/\/lemila.lt\/?post_type=product&#038;p=22038"},"modified":"2024-01-24T16:18:39","modified_gmt":"2024-01-24T14:18:39","slug":"%f0%9f%8e%81-la-sultane-de-saba-oriental-ayurvedic-scented-perfume-gintaras-vanile-paciulis-kvepalai-100ml-plius-dovana-la-sultane-de-saba-brides-day-cream-ro","status":"publish","type":"product","link":"https:\/\/lemila.lt\/lv\/product\/%f0%9f%8e%81-la-sultane-de-saba-oriental-ayurvedic-scented-perfume-gintaras-vanile-paciulis-kvepalai-100ml-plius-dovana-la-sultane-de-saba-brides-day-cream-ro\/","title":{"rendered":"\ud83c\udf81 LA SULTANE DE SABA AUSTRUMNIECISKI AJ\u016aRV\u0112DAS SMAR\u017dAS SMAR\u017dAS - DZINTARS, VANI\u013bA, PA\u010c\u016aLIJA - SMAR\u017dAS 100ML+ PLUS D\u0100VANA LA SULTANE DE SABA L\u012aGAVAS DIENAS KR\u0112MS - ROZE, \u0122ER\u0100NIJA - L\u012aGAVAS BB KR\u0112MS 50ML"},"content":{"rendered":"","protected":false},"excerpt":{"rendered":"<p>La Sutane De Saba, kas ir slavena ar sen\u010du smar\u017e\u0101m, valdzina m\u016bs ar smar\u017eu, kas atst\u0101j iespaidu jau pirmaj\u0101 tik\u0161an\u0101s br\u012bd\u012b. \"Dzintars, vani\u013ca, pa\u010d\u016blija\" ir vi\u0146u pirmo smar\u017eu simbols.<\/p>\n<p>\u0160o luksusa d\u0101rgakme\u0146u nosaukumi atkl\u0101j to v\u0113stures sp\u0113ku.<\/p>","protected":false},"featured_media":22041,"comment_status":"open","ping_status":"closed","template":"","meta":[],"product_brand":[221],"product_cat":[154],"product_tag":[],"class_list":{"0":"post-22038","1":"product","2":"type-product","3":"status-publish","4":"has-post-thumbnail","6":"product_brand-la-sultane","7":"product_cat-kunui","9":"first","10":"instock","11":"taxable","12":"shipping-taxable","13":"purchasable","14":"product-type-simple"},"_links":{"self":[{"href":"https:\/\/lemila.lt\/lv\/wp-json\/wp\/v2\/product\/22038","targetHints":{"allow":["GET"]}}],"collection":[{"href":"https:\/\/lemila.lt\/lv\/wp-json\/wp\/v2\/product"}],"about":[{"href":"https:\/\/lemila.lt\/lv\/wp-json\/wp\/v2\/types\/product"}],"replies":[{"embeddable":true,"href":"https:\/\/lemila.lt\/lv\/wp-json\/wp\/v2\/comments?post=22038"}],"version-history":[{"count":1,"href":"https:\/\/lemila.lt\/lv\/wp-json\/wp\/v2\/product\/22038\/revisions"}],"predecessor-version":[{"id":22042,"href":"https:\/\/lemila.lt\/lv\/wp-json\/wp\/v2\/product\/22038\/revisions\/22042"}],"wp:featuredmedia":[{"embeddable":true,"href":"https:\/\/lemila.lt\/lv\/wp-json\/wp\/v2\/media\/22041"}],"wp:attachment":[{"href":"https:\/\/lemila.lt\/lv\/wp-json\/wp\/v2\/media?parent=22038"}],"wp:term":[{"taxonomy":"product_brand","embeddable":true,"href":"https:\/\/lemila.lt\/lv\/wp-json\/wp\/v2\/product_brand?post=22038"},{"taxonomy":"product_cat","embeddable":true,"href":"https:\/\/lemila.lt\/lv\/wp-json\/wp\/v2\/product_cat?post=22038"},{"taxonomy":"product_tag","embeddable":true,"href":"https:\/\/lemila.lt\/lv\/wp-json\/wp\/v2\/product_tag?post=22038"}],"curies":[{"name":"wp","href":"https:\/\/api.w.org\/{rel}","templated":true}]}}