{"id":21585,"date":"2024-01-22T17:24:30","date_gmt":"2024-01-22T15:24:30","guid":{"rendered":"https:\/\/lemila.lt\/?post_type=product&#038;p=21585"},"modified":"2026-04-18T11:01:39","modified_gmt":"2026-04-18T08:01:39","slug":"rare-paris-carbone-glace-purifying-eye-patch-valomieji-paakiu-diskeliai-30vnt","status":"publish","type":"product","link":"https:\/\/lemila.lt\/lv\/product\/rare-paris-carbone-glace-purifying-eye-patch-valomieji-paakiu-diskeliai-30vnt\/","title":{"rendered":"RARE Paris Carbone Glace Purifying Eye Patch att\u012bro\u0161s acu pl\u0101ksteris 30 gab."},"content":{"rendered":"<p>30 diski tiks ievietoti burci\u0146\u0101 (15 diski katrai uzacij), un tos var n\u0113s\u0101t visur l\u012bdzi! \u0160ie diski tiks piel\u012bm\u0113ti ar iepakojum\u0101 iek\u013cauto pinceti.<\/p>\n<p>K\u0101p\u0113c mums jau pat\u012bk \u0161is jaunais produkts? T\u0101 mini form\u0101ts, efektivit\u0101te m\u0113r\u0137a probl\u0113mas (tum\u0161ie loki) risin\u0101\u0161an\u0101, diskr\u0113tums (otr\u0101s \u0101das efekts), pla\u0161\u0101ks klientu loks (piem\u0113rots ar\u012b v\u012brie\u0161iem).<\/p>\n<p><b>Galven\u0101s sast\u0101vda\u013cas:<\/b> Hamamelizas un rauga ekstrakti<\/p>\n<p><b>Daudzums: <\/b>30 disku pl\u0101ksteri (15 p\u0101ri div\u0101m ac\u012bm)<\/p>\n<div class=\"mdi-title strong\"><strong>Kam tas ir paredz\u0113ts?<\/strong><\/div>\n<div class=\"mdi-text\">Visiem \u0101das tipiem.<\/div>\n<div>\n<div class=\"mdi-title strong\"><strong>Lieto\u0161ana:<\/strong><\/div>\n<div class=\"mdi-text\">Ar komplekt\u0101 pievienoto pinceti viegli paceliet abus acu pl\u0101ksterus un ievietojiet tos zem ab\u0101m ac\u012bm. atst\u0101jiet uz 10 min\u016bt\u0113m un no\u0146emiet.<\/div>\n<div class=\"mdi-title strong\"><strong>Sast\u0101vda\u013cas:<\/strong><\/div>\n<div class=\"mdi-text\">Sast\u0101vda\u013cas tiek past\u0101v\u012bgi atjaunin\u0101tas. Pirms produkta lieto\u0161anas izlasiet sast\u0101vda\u013cu sarakstu uz t\u0101 iepakojuma, lai p\u0101rliecin\u0101tos, ka t\u0101s ir piem\u0113rotas j\u016bsu person\u012bgajai lieto\u0161anai.<\/div>\n<\/div>","protected":false},"excerpt":{"rendered":"<p>M\u016bsu RARE maskas k\u013c\u016bst par m\u0113r\u0137tiec\u012bgu acu kop\u0161anu! No augu celulozes \u0161\u0137iedras izgatavotie pl\u0101ksteri tiks pies\u016bcin\u0101ti ar daudzfunkcion\u0101lu serumu, kam ir t\u0101das pa\u0161as funkcijas k\u0101 m\u016bsu 4 galvenajiem produktiem: re\u0123ener\u0113jo\u0161a, nomierino\u0161a, barojo\u0161a un att\u012bro\u0161a.<\/p>","protected":false},"featured_media":21586,"comment_status":"open","ping_status":"closed","template":"","meta":[],"product_brand":[224],"product_cat":[260,114],"product_tag":[],"class_list":{"0":"post-21585","1":"product","2":"type-product","3":"status-publish","4":"has-post-thumbnail","6":"product_brand-rare-paris","7":"product_cat-paakiu-kaukes","8":"product_cat-veidui","10":"first","11":"instock","12":"sale","13":"taxable","14":"shipping-taxable","15":"purchasable","16":"product-type-simple"},"_links":{"self":[{"href":"https:\/\/lemila.lt\/lv\/wp-json\/wp\/v2\/product\/21585","targetHints":{"allow":["GET"]}}],"collection":[{"href":"https:\/\/lemila.lt\/lv\/wp-json\/wp\/v2\/product"}],"about":[{"href":"https:\/\/lemila.lt\/lv\/wp-json\/wp\/v2\/types\/product"}],"replies":[{"embeddable":true,"href":"https:\/\/lemila.lt\/lv\/wp-json\/wp\/v2\/comments?post=21585"}],"version-history":[{"count":1,"href":"https:\/\/lemila.lt\/lv\/wp-json\/wp\/v2\/product\/21585\/revisions"}],"predecessor-version":[{"id":21587,"href":"https:\/\/lemila.lt\/lv\/wp-json\/wp\/v2\/product\/21585\/revisions\/21587"}],"wp:featuredmedia":[{"embeddable":true,"href":"https:\/\/lemila.lt\/lv\/wp-json\/wp\/v2\/media\/21586"}],"wp:attachment":[{"href":"https:\/\/lemila.lt\/lv\/wp-json\/wp\/v2\/media?parent=21585"}],"wp:term":[{"taxonomy":"product_brand","embeddable":true,"href":"https:\/\/lemila.lt\/lv\/wp-json\/wp\/v2\/product_brand?post=21585"},{"taxonomy":"product_cat","embeddable":true,"href":"https:\/\/lemila.lt\/lv\/wp-json\/wp\/v2\/product_cat?post=21585"},{"taxonomy":"product_tag","embeddable":true,"href":"https:\/\/lemila.lt\/lv\/wp-json\/wp\/v2\/product_tag?post=21585"}],"curies":[{"name":"wp","href":"https:\/\/api.w.org\/{rel}","templated":true}]}}