{"id":21582,"date":"2024-01-22T17:22:17","date_gmt":"2024-01-22T15:22:17","guid":{"rendered":"https:\/\/lemila.lt\/?post_type=product&#038;p=21582"},"modified":"2026-04-18T11:01:52","modified_gmt":"2026-04-18T08:01:52","slug":"rare-paris-tresor-solaire-soothing-eye-patch-raminamieji-paakiu-diskeliai-30vnt","status":"publish","type":"product","link":"https:\/\/lemila.lt\/lv\/product\/rare-paris-tresor-solaire-soothing-eye-patch-raminamieji-paakiu-diskeliai-30vnt\/","title":{"rendered":"RARE Paris Tresor Solaire nomierino\u0161s acu pl\u0101ksteris nomierino\u0161i acu diski 30 gab."},"content":{"rendered":"<p>30 diski tiks ievietoti burci\u0146\u0101 (15 diski katrai uzacij), un tos var n\u0113s\u0101t visur l\u012bdzi! \u0160ie diski tiks uzkl\u0101ti ar iepakojum\u0101 iek\u013cauto l\u0101psti\u0146u.<\/p>\n<p><b>Galven\u0101s sast\u0101vda\u013cas:<\/b> E vitam\u012bns + arnikas ekstrakts<\/p>\n<p><b>Daudzums:<\/b> 30 acu pl\u0101ksteri (15 p\u0101ri div\u0101m ac\u012bm).<\/p>\n<div class=\"mdi-title strong\"><strong>Lieto\u0161ana:<\/strong><\/div>\n<div class=\"mdi-text\">Ar komplekt\u0101 pievienoto pinceti viegli paceliet abus acu pl\u0101ksterus un ievietojiet tos zem ab\u0101m ac\u012bm. atst\u0101jiet uz 10 min\u016bt\u0113m un no\u0146emiet.<\/div>\n<div><\/div>\n<div>\n<div class=\"mdi-title strong\"><strong>Sast\u0101vda\u013cas:<\/strong><\/div>\n<div class=\"mdi-text\">\u016adens, propil\u0113nglikols, 1,2-heks\u0101ndiols, hidroksietilceluloze, ksant\u0101na sve\u0137i, dipotasija gliciriz\u0101ts, n\u0101trija hial. Uron\u0101ts, koko-beta\u012bns, kaprilhidroksam\u012bnsk\u0101be, hesperid\u012bna metilhalkons, Malva Sylvestris (Malva Sylvestris) ekstrakts, Aesculus Hippocastanum (Horse Chestnut) s\u0113klu ekstrakts, Hamamelis Virginiana (Witch Hazel) lapu ekstrakts, Ruscus Aculeatus sak\u0146u ekstrakts, Arnica Montana ziedu ekstrakts, glicer\u012bns, Ceramide Np, Plukenetia Volubilis s\u0113klu e\u013c\u013ca, Olea Europaea (Olive) aug\u013cu e\u013c\u013ca, Poliglyceryl-10 Laurate, citronsk\u0101be, tokoferols, n\u0101trija bikarbon\u0101ts, smar\u017eas Sast\u0101vda\u013cas tiek past\u0101v\u012bgi atjaunin\u0101tas. Pirms produkta lieto\u0161anas izlasiet sast\u0101vda\u013cu sarakstu uz iepakojuma, lai p\u0101rliecin\u0101tos, ka t\u0101s ir piem\u0113rotas j\u016bsu lieto\u0161anai.<\/div>\n<\/div>\n<p>&nbsp;<\/p>","protected":false},"excerpt":{"rendered":"<p>M\u016bsu RARE maskas k\u013c\u016bst par m\u0113r\u0137tiec\u012bgu acu kop\u0161anu! Diski, kas izgatavoti no augu celulozes \u0161\u0137iedr\u0101m, ar\u012b b\u016bs pies\u016bcin\u0101ti ar daudzfunkcion\u0101lu serumu, kam ir t\u0101das pa\u0161as funkcijas k\u0101 m\u016bsu 4 galvenajiem produktiem: atjaunojo\u0161a, nomierino\u0161a, barojo\u0161a un att\u012bro\u0161a.<\/p>","protected":false},"featured_media":21583,"comment_status":"open","ping_status":"closed","template":"","meta":[],"product_brand":[224],"product_cat":[260,114],"product_tag":[],"class_list":{"0":"post-21582","1":"product","2":"type-product","3":"status-publish","4":"has-post-thumbnail","6":"product_brand-rare-paris","7":"product_cat-paakiu-kaukes","8":"product_cat-veidui","10":"first","11":"instock","12":"sale","13":"taxable","14":"shipping-taxable","15":"purchasable","16":"product-type-simple"},"_links":{"self":[{"href":"https:\/\/lemila.lt\/lv\/wp-json\/wp\/v2\/product\/21582","targetHints":{"allow":["GET"]}}],"collection":[{"href":"https:\/\/lemila.lt\/lv\/wp-json\/wp\/v2\/product"}],"about":[{"href":"https:\/\/lemila.lt\/lv\/wp-json\/wp\/v2\/types\/product"}],"replies":[{"embeddable":true,"href":"https:\/\/lemila.lt\/lv\/wp-json\/wp\/v2\/comments?post=21582"}],"version-history":[{"count":4,"href":"https:\/\/lemila.lt\/lv\/wp-json\/wp\/v2\/product\/21582\/revisions"}],"predecessor-version":[{"id":28637,"href":"https:\/\/lemila.lt\/lv\/wp-json\/wp\/v2\/product\/21582\/revisions\/28637"}],"wp:featuredmedia":[{"embeddable":true,"href":"https:\/\/lemila.lt\/lv\/wp-json\/wp\/v2\/media\/21583"}],"wp:attachment":[{"href":"https:\/\/lemila.lt\/lv\/wp-json\/wp\/v2\/media?parent=21582"}],"wp:term":[{"taxonomy":"product_brand","embeddable":true,"href":"https:\/\/lemila.lt\/lv\/wp-json\/wp\/v2\/product_brand?post=21582"},{"taxonomy":"product_cat","embeddable":true,"href":"https:\/\/lemila.lt\/lv\/wp-json\/wp\/v2\/product_cat?post=21582"},{"taxonomy":"product_tag","embeddable":true,"href":"https:\/\/lemila.lt\/lv\/wp-json\/wp\/v2\/product_tag?post=21582"}],"curies":[{"name":"wp","href":"https:\/\/api.w.org\/{rel}","templated":true}]}}