{"id":21560,"date":"2024-01-22T14:35:34","date_gmt":"2024-01-22T12:35:34","guid":{"rendered":"https:\/\/lemila.lt\/?post_type=product&#038;p=21560"},"modified":"2025-11-24T16:11:32","modified_gmt":"2025-11-24T14:11:32","slug":"hadat-cosmetics-hydro-liquid-silk-treatment-hydro-silk-plauku-kauke-300ml","status":"publish","type":"product","link":"https:\/\/lemila.lt\/lv\/product\/hadat-cosmetics-hydro-liquid-silk-treatment-hydro-silk-plauku-kauke-300ml\/","title":{"rendered":"HADAT COSMETICS HYDRO LIQUID SILK TREATMENT - HIDRO Z\u012aDA MASKA MATIEM 300ML"},"content":{"rendered":"<p>Sp\u0113c\u012bga un daudzfunkcion\u0101la maska visiem boj\u0101tu matu tipiem pal\u012bdz saglab\u0101t kr\u0101sotu matu kr\u0101su, intens\u012bvi mitrina matus un galvas \u0101du, dzi\u013ci baro matus, atjauno to sp\u012bdumu, elast\u012bbu un m\u012bkstumu. Maska atjauno matus \u0161\u016bnu l\u012bmen\u012b. Formula satur a\u013c\u0123es un makad\u0101mijas, kokvilnas, jojobas, avokado un argana e\u013c\u013cas, kas baro un aizsarg\u0101 jut\u012bgu, porainu matu strukt\u016bru, atjaunojot to vitalit\u0101ti.<\/p>\n<p><strong>Makad\u0101mijas e\u013c\u013ca:<\/strong><br \/>\nMakad\u0101mijas e\u013c\u013ca ir bag\u0101ta ar sk\u0101b\u0113m, vitam\u012bniem un mikroelementiem, kas pal\u012bdz atjaunot sausus matus. E\u013c\u013ca nodro\u0161ina lielisku matu mitrin\u0101\u0161anu un dz\u012bv\u012bbu. T\u0101 nov\u0113r\u0161 matu bl\u0101vumu un pie\u0161\u0137ir vesel\u012bgu sp\u012bdumu. Turkl\u0101t makad\u0101mijas e\u013c\u013ca ir ide\u0101li piem\u0113rota k\u0101 profilaktisks l\u012bdzeklis pret matu galu \u0161\u0137el\u0161anos un trauslumu.<\/p>\n<p><strong>\u0100boli\u0146a s\u0113klu ekstrakts<\/strong>\u00a0:<br \/>\nv\u0113rt\u012bgs karot\u012bna avots, kas stiprina \u0161\u0137iedras struktur\u0101l\u0101 l\u012bmen\u012b. Fitoestrog\u0113ni un salicilsk\u0101be iedarbojas uz matu stiebri\u0146iem un folikuliem. Mati tiek bag\u0101t\u012bgi baroti un stiprin\u0101ti.<\/p>\n<p>K\u0101 lietot :<br \/>\nP\u0113c mazg\u0101\u0161anas ar \u0161amp\u016bnu vienm\u0113r\u012bgi izkl\u0101jiet uz matiem, l\u012bdz piln\u012bb\u0101 ies\u016bcas. Atst\u0101jiet zem siltuma avota uz 10 min\u016bt\u0113m vai bez siltuma avota uz 15 min\u016bt\u0113m. R\u016bp\u012bgi noskalojiet.<\/p>","protected":false},"excerpt":{"rendered":"<p>Hair Treatment ir atjaunojo\u0161s l\u012bdzeklis sausiem un \u013coti boj\u0101tiem matiem. Makad\u0101mijas e\u013c\u013cas un argana e\u013c\u013cas kombin\u0101cija apvienojum\u0101 ar alvejas ekstraktu atjauno un atjauno matus, padarot tos dzi\u013ci barotus, uzlabojot elast\u012bbu un sp\u012bdumu, k\u0101 ar\u012b pie\u0161\u0137irot tiem ilgsto\u0161u kondicion\u0113\u0161anu.<\/p>","protected":false},"featured_media":21561,"comment_status":"open","ping_status":"closed","template":"","meta":[],"product_brand":[222],"product_cat":[111,243],"product_tag":[],"class_list":{"0":"post-21560","1":"product","2":"type-product","3":"status-publish","4":"has-post-thumbnail","6":"product_brand-hadat","7":"product_cat-plaukams","8":"product_cat-plauku-kaukes","10":"first","11":"instock","12":"sale","13":"taxable","14":"shipping-taxable","15":"purchasable","16":"product-type-simple"},"_links":{"self":[{"href":"https:\/\/lemila.lt\/lv\/wp-json\/wp\/v2\/product\/21560","targetHints":{"allow":["GET"]}}],"collection":[{"href":"https:\/\/lemila.lt\/lv\/wp-json\/wp\/v2\/product"}],"about":[{"href":"https:\/\/lemila.lt\/lv\/wp-json\/wp\/v2\/types\/product"}],"replies":[{"embeddable":true,"href":"https:\/\/lemila.lt\/lv\/wp-json\/wp\/v2\/comments?post=21560"}],"version-history":[{"count":3,"href":"https:\/\/lemila.lt\/lv\/wp-json\/wp\/v2\/product\/21560\/revisions"}],"predecessor-version":[{"id":27745,"href":"https:\/\/lemila.lt\/lv\/wp-json\/wp\/v2\/product\/21560\/revisions\/27745"}],"wp:featuredmedia":[{"embeddable":true,"href":"https:\/\/lemila.lt\/lv\/wp-json\/wp\/v2\/media\/21561"}],"wp:attachment":[{"href":"https:\/\/lemila.lt\/lv\/wp-json\/wp\/v2\/media?parent=21560"}],"wp:term":[{"taxonomy":"product_brand","embeddable":true,"href":"https:\/\/lemila.lt\/lv\/wp-json\/wp\/v2\/product_brand?post=21560"},{"taxonomy":"product_cat","embeddable":true,"href":"https:\/\/lemila.lt\/lv\/wp-json\/wp\/v2\/product_cat?post=21560"},{"taxonomy":"product_tag","embeddable":true,"href":"https:\/\/lemila.lt\/lv\/wp-json\/wp\/v2\/product_tag?post=21560"}],"curies":[{"name":"wp","href":"https:\/\/api.w.org\/{rel}","templated":true}]}}