{"id":21542,"date":"2024-01-22T14:24:31","date_gmt":"2024-01-22T12:24:31","guid":{"rendered":"https:\/\/lemila.lt\/?post_type=product&#038;p=21542"},"modified":"2026-04-19T15:26:33","modified_gmt":"2026-04-19T12:26:33","slug":"hadat-cosmetics-hydro-miracle-hair-leave-in-serum-nenuplaunamas-plauku-serumas-110-ml","status":"publish","type":"product","link":"https:\/\/lemila.lt\/lv\/product\/hadat-cosmetics-hydro-miracle-hair-leave-in-serum-nenuplaunamas-plauku-serumas-110-ml\/","title":{"rendered":"HADAT COSMETICS HYDRO MIRACLE MATU ATST\u0100\u0160ANAS SERUMS 110 ML"},"content":{"rendered":"<p>Nodro\u0161ina maksim\u0101lu mitrin\u0101\u0161anu, padarot matus viegli veidojami un pie\u0161\u0137irot tiem sp\u012bdumu k\u0101 spogulis. Serums r\u016bp\u0113jas par kr\u0101sotu matu kr\u0101su, padarot to spilgt\u0101ku un izteiksm\u012bg\u0101ku. Ide\u0101li piem\u0113rots matu ieveido\u0161anai ar f\u0113nu vai lok\u0161\u0137\u0113res pal\u012bdz\u012bbu.<\/p>\n<p>Atvieglo \u0137emm\u0113\u0161anu, nov\u0113r\u0161 matu galu \u0161\u0137el\u0161anos un neitraliz\u0113 matu statisko elektr\u012bbu. Serums aizsarg\u0101 matus pret termisko stresu, negat\u012bviem vides faktoriem un UV stariem.<\/p>\n<p><b>Ingridients<\/b><b>:<\/b><\/p>\n<p><b>Dunaliella<\/b><b> salina a\u013c\u0123es <\/b>- ir unik\u0101li augi, kas satur lielu beta-karot\u012bna koncentr\u0101ciju un lielu daudzumu svar\u012bg\u0101ko vitam\u012bnu.<\/p>\n<p><b>Jojoba<\/b><b> e\u013c\u013ca <\/b>- uzreiz ies\u016bcas, intens\u012bvi baro un mitrina matus un galvas \u0101du, uzlabo asinsriti un stimul\u0113 matu aug\u0161anu.<\/p>\n<p><b>Monoi<\/b><b> e\u013c\u013ca <\/b>- m\u012bkstina, pa\u0101trina re\u0123ener\u0101cijas procesus, atjauno matu strukt\u016bru vis\u0101 to garum\u0101, c\u012bn\u0101s pret blaugzn\u0101m, atvieglo \u0137emm\u0113\u0161anu, atjauno matu vitalit\u0101ti.<\/p>\n<p><b>Makad\u0101mijas<\/b><b> e\u013c\u013ca <\/b>- ir bag\u0101ts ar sk\u0101b\u0113m, vitam\u012bniem un mikroelementiem, lai atjaunotu sausus matus. E\u013c\u013ca lieliski pies\u0101tina matus ar mitrumu un atdz\u012bvina tos. Makad\u0101mijas e\u013c\u013ca ir ar\u012b lielisks profilaktisks l\u012bdzeklis pret matu galu \u0161\u0137el\u0161anos un trauslumu.<\/p>\n<p><b>Lieto\u0161ana:<\/b><\/p>\n<p>Sakratiet pudel\u012bti un vienm\u0113r\u012bgi sadaliet serumu pa visu matu garumu, izvairoties no sakn\u0113m. Neizskalojiet.<\/p>\n<p><b>Piem\u0113rots visiem matu tipiem.<\/b><\/p>","protected":false},"excerpt":{"rendered":"<p>Nodro\u0161ina maksim\u0101lu mitrin\u0101\u0161anu, padarot matus viegli veidojami un pie\u0161\u0137irot tiem sp\u012bdumu k\u0101 spogulis.<\/p>","protected":false},"featured_media":21543,"comment_status":"open","ping_status":"closed","template":"","meta":[],"product_brand":[222],"product_cat":[111],"product_tag":[],"class_list":{"0":"post-21542","1":"product","2":"type-product","3":"status-publish","4":"has-post-thumbnail","6":"product_brand-hadat","7":"product_cat-plaukams","9":"first","10":"instock","11":"sale","12":"featured","13":"taxable","14":"shipping-taxable","15":"purchasable","16":"product-type-simple"},"_links":{"self":[{"href":"https:\/\/lemila.lt\/lv\/wp-json\/wp\/v2\/product\/21542","targetHints":{"allow":["GET"]}}],"collection":[{"href":"https:\/\/lemila.lt\/lv\/wp-json\/wp\/v2\/product"}],"about":[{"href":"https:\/\/lemila.lt\/lv\/wp-json\/wp\/v2\/types\/product"}],"replies":[{"embeddable":true,"href":"https:\/\/lemila.lt\/lv\/wp-json\/wp\/v2\/comments?post=21542"}],"version-history":[{"count":2,"href":"https:\/\/lemila.lt\/lv\/wp-json\/wp\/v2\/product\/21542\/revisions"}],"predecessor-version":[{"id":28403,"href":"https:\/\/lemila.lt\/lv\/wp-json\/wp\/v2\/product\/21542\/revisions\/28403"}],"wp:featuredmedia":[{"embeddable":true,"href":"https:\/\/lemila.lt\/lv\/wp-json\/wp\/v2\/media\/21543"}],"wp:attachment":[{"href":"https:\/\/lemila.lt\/lv\/wp-json\/wp\/v2\/media?parent=21542"}],"wp:term":[{"taxonomy":"product_brand","embeddable":true,"href":"https:\/\/lemila.lt\/lv\/wp-json\/wp\/v2\/product_brand?post=21542"},{"taxonomy":"product_cat","embeddable":true,"href":"https:\/\/lemila.lt\/lv\/wp-json\/wp\/v2\/product_cat?post=21542"},{"taxonomy":"product_tag","embeddable":true,"href":"https:\/\/lemila.lt\/lv\/wp-json\/wp\/v2\/product_tag?post=21542"}],"curies":[{"name":"wp","href":"https:\/\/api.w.org\/{rel}","templated":true}]}}