{"id":21536,"date":"2024-01-22T12:21:18","date_gmt":"2024-01-22T12:21:18","guid":{"rendered":"https:\/\/lemila.lt\/?post_type=product&#038;p=21536"},"modified":"2025-12-09T16:49:51","modified_gmt":"2025-12-09T14:49:51","slug":"hadat-cosmetics-hydro-spa-hair-treatment-hydra-spa-plauku-kauke-500-ml","status":"publish","type":"product","link":"https:\/\/lemila.lt\/lv\/product\/hadat-cosmetics-hydro-spa-hair-treatment-hydra-spa-plauku-kauke-500-ml\/","title":{"rendered":"HADAT COSMETICS HYDRO SPA MATU PROCED\u016aRA - HIDRA SPA MATU MASKA 500 ML"},"content":{"rendered":"<p>Maska mitrina un atjauno matus, pie\u0161\u0137irot tiem apjomu. Saglab\u0101 kr\u0101sotu matu kr\u0101su. Maska atvieglo matu veido\u0161anu un \u0137emm\u0113\u0161anu. Produkta barojo\u0161\u0101s sast\u0101vda\u013cas pies\u0101tina matus ar mitrumu, padarot tos m\u012bkstus, z\u012bdainus un dabiski sp\u012bd\u012bgus. Aizsarg\u0101 pret negat\u012bviem vides faktoriem un UV stariem.<\/p>\n<p><b>Ingridients<\/b><b>:<\/b><\/p>\n<p><b>Dunaliella<\/b><b> salina a\u013c\u0123es <\/b>- ir unik\u0101li augi, kas satur lielu beta-karot\u012bna un daudzu vitam\u012bnu koncentr\u0101ciju.<\/p>\n<p><b>Beta-karot\u012bns <\/b>- ir sp\u0113c\u012bgs dabisks antioksidants. Kop\u0101 ar UV starus aizsarg\u0101jo\u0161\u0101m sast\u0101vda\u013c\u0101m tas iek\u013c\u016bst dzi\u013ci matu folikul\u0101 un turpina to barot un atjaunot pat p\u0113c mazg\u0101\u0161anas, neitraliz\u0113jot br\u012bvo radik\u0101\u013cu iedarb\u012bbu.<\/p>\n<p><b>Makad\u0101mijas<\/b><b> e\u013c\u013ca<\/b> - bag\u0101ts ar sk\u0101b\u0113m, vitam\u012bniem un mikroelementiem, lai atjaunotu sausus matus. E\u013c\u013ca lieliski pies\u0101tina matus ar mitrumu un atdz\u012bvina tos. Izz\u016bd matu bl\u0101vums un par\u0101d\u0101s vesel\u012bgs sp\u012bdums.<\/p>\n<p><b>Kokvilnas s\u0113klu e\u013c\u013ca <\/b>- stabiliz\u0113 lip\u012bdu apmai\u0146u matu strukt\u016br\u0101. Kokvilnas s\u0113klu e\u013c\u013ca var pal\u012bdz\u0113t stimul\u0113t matu aug\u0161anu, pa\u0101trinot asinsriti. Akt\u012bv\u0101s vielas stiprina sak\u0146u sist\u0113mu, un e\u013c\u013cas antiseptisk\u0101 iedarb\u012bba pal\u012bdz\u0113s c\u012bn\u012bties ar blaugzn\u0101m.<\/p>\n<p><b>Lieto\u0161ana:<\/b><\/p>\n<p>Uzkl\u0101jiet masku uz matiem un galvas \u0101das p\u0113c mazg\u0101\u0161anas ar \u0161amp\u016bnu, maigi iemas\u0113jiet galvas \u0101d\u0101 un atst\u0101jiet uz 10-15 min\u016bt\u0113m. Noskalojiet.<\/p>\n<p><b>Piem\u0113rots visiem matu tipiem.<\/b><\/p>","protected":false},"excerpt":{"rendered":"<p>Maska mitrina un atjauno matus, pie\u0161\u0137irot tiem apjomu.<\/p>","protected":false},"featured_media":21537,"comment_status":"open","ping_status":"closed","template":"","meta":[],"product_brand":[222],"product_cat":[111,243],"product_tag":[],"class_list":{"0":"post-21536","1":"product","2":"type-product","3":"status-publish","4":"has-post-thumbnail","6":"product_brand-hadat","7":"product_cat-plaukams","8":"product_cat-plauku-kaukes","10":"first","11":"instock","12":"sale","13":"taxable","14":"shipping-taxable","15":"purchasable","16":"product-type-simple"},"_links":{"self":[{"href":"https:\/\/lemila.lt\/lv\/wp-json\/wp\/v2\/product\/21536","targetHints":{"allow":["GET"]}}],"collection":[{"href":"https:\/\/lemila.lt\/lv\/wp-json\/wp\/v2\/product"}],"about":[{"href":"https:\/\/lemila.lt\/lv\/wp-json\/wp\/v2\/types\/product"}],"replies":[{"embeddable":true,"href":"https:\/\/lemila.lt\/lv\/wp-json\/wp\/v2\/comments?post=21536"}],"version-history":[{"count":1,"href":"https:\/\/lemila.lt\/lv\/wp-json\/wp\/v2\/product\/21536\/revisions"}],"predecessor-version":[{"id":21538,"href":"https:\/\/lemila.lt\/lv\/wp-json\/wp\/v2\/product\/21536\/revisions\/21538"}],"wp:featuredmedia":[{"embeddable":true,"href":"https:\/\/lemila.lt\/lv\/wp-json\/wp\/v2\/media\/21537"}],"wp:attachment":[{"href":"https:\/\/lemila.lt\/lv\/wp-json\/wp\/v2\/media?parent=21536"}],"wp:term":[{"taxonomy":"product_brand","embeddable":true,"href":"https:\/\/lemila.lt\/lv\/wp-json\/wp\/v2\/product_brand?post=21536"},{"taxonomy":"product_cat","embeddable":true,"href":"https:\/\/lemila.lt\/lv\/wp-json\/wp\/v2\/product_cat?post=21536"},{"taxonomy":"product_tag","embeddable":true,"href":"https:\/\/lemila.lt\/lv\/wp-json\/wp\/v2\/product_tag?post=21536"}],"curies":[{"name":"wp","href":"https:\/\/api.w.org\/{rel}","templated":true}]}}