{"id":21521,"date":"2024-01-22T11:57:04","date_gmt":"2024-01-22T11:57:04","guid":{"rendered":"https:\/\/lemila.lt\/?post_type=product&#038;p=21521"},"modified":"2024-11-26T19:20:32","modified_gmt":"2024-11-26T17:20:32","slug":"nailmatic-kids-tropical-rollette-nail-polish-duo-set-nagu-lako-ir-lupu-blizgio-rinkinys-1vnt","status":"publish","type":"product","link":"https:\/\/lemila.lt\/lv\/product\/nailmatic-kids-tropical-rollette-nail-polish-duo-set-nagu-lako-ir-lupu-blizgio-rinkinys-1vnt\/","title":{"rendered":"Nailmatic KIDS TROPICAL Rollette nagu lakas duo komplekts Nagu lakas un l\u016bpu sp\u012bduma komplekts, 1 gab."},"content":{"rendered":"<p><strong>Komplekt\u0101 ietilpst:<\/strong><\/p>\n<ul>\n<li>PEACH persiku arom\u0101ta l\u016bpu sp\u012bdums, 6,5 ml - Bezkr\u0101sains, mitrino\u0161s l\u016bpu sp\u012bdums ar 97% dab\u012bg\u0101m sast\u0101vda\u013c\u0101m. Izgatavots no apriko\u017eu kauli\u0146u e\u013c\u013cas un bag\u0101tin\u0101ts ar E vitam\u012bnu, omega-6 un omega-9, \u0161is l\u016bpu sp\u012bdums intens\u012bvi mitrina un m\u012bkstina l\u016bpas.<\/li>\n<li>DORI \u016adens b\u0101zes nagu laka, 8ml - \u016bdens b\u0101zes nagu laka, kas \u012bpa\u0161i izstr\u0101d\u0101ta b\u0113rniem. T\u0101 ir ra\u017eota Francij\u0101, nesatur ftal\u0101tus, formaldeh\u012bdu, toluolu un smar\u017evielas.  T\u0101 darbojas k\u0101 burvju: kad rokas nomazg\u0101jat ar ziep\u0113m un \u016bdeni, t\u0101 vienk\u0101r\u0161i paz\u016bd!<\/li>\n<\/ul>\n<p>&nbsp;<\/p>\n<p>&nbsp;<\/p>","protected":false},"excerpt":{"rendered":"<p>Komplekt\u0101 ir PEACH Peach Flavour Lip Gloss, 6,5 ml - bezkr\u0101sains, mitrino\u0161s l\u016bpu sp\u012bdums ar 97% dab\u012bg\u0101m sast\u0101vda\u013c\u0101m. Izgatavots no apriko\u017eu kauli\u0146u e\u013c\u013cas un bag\u0101tin\u0101ts ar E vitam\u012bnu, omega-6 un omega-9, \u0161is l\u016bpu sp\u012bdums intens\u012bvi mitrina un m\u012bkstina l\u016bpas. DORI \u016bdens b\u0101zes nagu laka, 8 ml - \u016bdens b\u0101zes nagu laka, kas \u012bpa\u0161i izstr\u0101d\u0101ta b\u0113rniem. \u0160\u012b Francij\u0101 ra\u017eot\u0101 nagu laka nesatur ftal\u0101tus, formaldeh\u012bdu, toluolu un smar\u017evielas.  T\u0101 darbojas k\u0101 ma\u0123ija: nomazg\u0101jot rokas ar ziep\u0113m un \u016bdeni, t\u0101 vienk\u0101r\u0161i paz\u016bd! &nbsp; &nbsp;<\/p>","protected":false},"featured_media":21522,"comment_status":"open","ping_status":"closed","template":"","meta":[],"product_brand":[220],"product_cat":[110],"product_tag":[],"class_list":{"0":"post-21521","1":"product","2":"type-product","3":"status-publish","4":"has-post-thumbnail","6":"product_brand-nailmatic","7":"product_cat-vaikams","9":"first","10":"instock","11":"sale","12":"taxable","13":"shipping-taxable","14":"purchasable","15":"product-type-simple"},"_links":{"self":[{"href":"https:\/\/lemila.lt\/lv\/wp-json\/wp\/v2\/product\/21521","targetHints":{"allow":["GET"]}}],"collection":[{"href":"https:\/\/lemila.lt\/lv\/wp-json\/wp\/v2\/product"}],"about":[{"href":"https:\/\/lemila.lt\/lv\/wp-json\/wp\/v2\/types\/product"}],"replies":[{"embeddable":true,"href":"https:\/\/lemila.lt\/lv\/wp-json\/wp\/v2\/comments?post=21521"}],"version-history":[{"count":1,"href":"https:\/\/lemila.lt\/lv\/wp-json\/wp\/v2\/product\/21521\/revisions"}],"predecessor-version":[{"id":21523,"href":"https:\/\/lemila.lt\/lv\/wp-json\/wp\/v2\/product\/21521\/revisions\/21523"}],"wp:featuredmedia":[{"embeddable":true,"href":"https:\/\/lemila.lt\/lv\/wp-json\/wp\/v2\/media\/21522"}],"wp:attachment":[{"href":"https:\/\/lemila.lt\/lv\/wp-json\/wp\/v2\/media?parent=21521"}],"wp:term":[{"taxonomy":"product_brand","embeddable":true,"href":"https:\/\/lemila.lt\/lv\/wp-json\/wp\/v2\/product_brand?post=21521"},{"taxonomy":"product_cat","embeddable":true,"href":"https:\/\/lemila.lt\/lv\/wp-json\/wp\/v2\/product_cat?post=21521"},{"taxonomy":"product_tag","embeddable":true,"href":"https:\/\/lemila.lt\/lv\/wp-json\/wp\/v2\/product_tag?post=21521"}],"curies":[{"name":"wp","href":"https:\/\/api.w.org\/{rel}","templated":true}]}}