{"id":21518,"date":"2024-01-22T11:55:05","date_gmt":"2024-01-22T11:55:05","guid":{"rendered":"https:\/\/lemila.lt\/?post_type=product&#038;p=21518"},"modified":"2024-11-26T19:20:32","modified_gmt":"2024-11-26T17:20:32","slug":"nailmatic-kids-strawberry-rollette-lip-gloss-braskiu-skonio-lupu-blizgesys-6-5ml","status":"publish","type":"product","link":"https:\/\/lemila.lt\/lv\/product\/nailmatic-kids-strawberry-rollette-lip-gloss-braskiu-skonio-lupu-blizgesys-6-5ml\/","title":{"rendered":"Nailmatic KIDS STRAWBERRY Rollette l\u016bpu sp\u012bdums Zeme\u0146u gar\u0161as l\u016bpu sp\u012bdums, 6,5ml"},"content":{"rendered":"<p>Izgatavots no apriko\u017eu kauli\u0146u e\u013c\u013cas un bag\u0101tin\u0101ts ar E vitam\u012bnu, omega-6 un omega-9, \u0161is l\u016bpu sp\u012bdums intens\u012bvi mitrina un m\u012bkstina l\u016bpas.<\/p>\n<p><strong>IZMANTO\u0160ANA:<\/strong><\/p>\n<p>\u013baujiet b\u0113rnam t\u012br\u012bt l\u016bpas tik bie\u017ei, cik vi\u0146am pat\u012bk!<\/p>\n<p><strong>SAST\u0100VDA\u013bAS:<\/strong><\/p>\n<p>OKTILDODEKANOLS, OLE\u012aNSK\u0100BES\/LINOL\u0112NSK\u0100BES\/LINOL\u0112NSK\u0100BES POLIGLICER\u012aDI, PRUNUS ARMENIACA (APRIKO\u017dU) KAULI\u0145U E\u013b\u013bA, PARFUM (SMAR\u017dVIELA), DEKSTR\u012aNA PALMIT\u0100TS, AMONIJA GLICIRIZ\u0100TS, PALMIT\u012aNSK\u0100BE, TOKOFERILA ACET\u0100TS, BENZOTRIAZOLILDODECIL-P-KREZOLS, KALCIJA N\u0100TRIJA BORSILIK\u0100TS, ALVAS OKS\u012aDS, SORBIT\u0100NA OLE\u0100TS, STEAR\u012aNSK\u0100BE, MAGNIJA HIDROKS\u012aDS, ALUM\u012aNIJA HIDROKS\u012aDS, CI 15850 (SARKANAIS 7 EZERS), CI 77891 (TIT\u0100NA DIOKS\u012aDS), CI 19140 (DZELTENAIS 5 EZERS).<\/p>","protected":false},"excerpt":{"rendered":"<p>Bezkr\u0101sains, mitrino\u0161s l\u016bpu sp\u012bdums ar 97% dab\u012bg\u0101m sast\u0101vda\u013c\u0101m.<\/p>","protected":false},"featured_media":21519,"comment_status":"open","ping_status":"closed","template":"","meta":[],"product_brand":[220],"product_cat":[110],"product_tag":[],"class_list":{"0":"post-21518","1":"product","2":"type-product","3":"status-publish","4":"has-post-thumbnail","6":"product_brand-nailmatic","7":"product_cat-vaikams","9":"first","10":"instock","11":"sale","12":"taxable","13":"shipping-taxable","14":"purchasable","15":"product-type-simple"},"_links":{"self":[{"href":"https:\/\/lemila.lt\/lv\/wp-json\/wp\/v2\/product\/21518","targetHints":{"allow":["GET"]}}],"collection":[{"href":"https:\/\/lemila.lt\/lv\/wp-json\/wp\/v2\/product"}],"about":[{"href":"https:\/\/lemila.lt\/lv\/wp-json\/wp\/v2\/types\/product"}],"replies":[{"embeddable":true,"href":"https:\/\/lemila.lt\/lv\/wp-json\/wp\/v2\/comments?post=21518"}],"version-history":[{"count":1,"href":"https:\/\/lemila.lt\/lv\/wp-json\/wp\/v2\/product\/21518\/revisions"}],"predecessor-version":[{"id":21520,"href":"https:\/\/lemila.lt\/lv\/wp-json\/wp\/v2\/product\/21518\/revisions\/21520"}],"wp:featuredmedia":[{"embeddable":true,"href":"https:\/\/lemila.lt\/lv\/wp-json\/wp\/v2\/media\/21519"}],"wp:attachment":[{"href":"https:\/\/lemila.lt\/lv\/wp-json\/wp\/v2\/media?parent=21518"}],"wp:term":[{"taxonomy":"product_brand","embeddable":true,"href":"https:\/\/lemila.lt\/lv\/wp-json\/wp\/v2\/product_brand?post=21518"},{"taxonomy":"product_cat","embeddable":true,"href":"https:\/\/lemila.lt\/lv\/wp-json\/wp\/v2\/product_cat?post=21518"},{"taxonomy":"product_tag","embeddable":true,"href":"https:\/\/lemila.lt\/lv\/wp-json\/wp\/v2\/product_tag?post=21518"}],"curies":[{"name":"wp","href":"https:\/\/api.w.org\/{rel}","templated":true}]}}