{"id":21514,"date":"2024-01-22T11:34:25","date_gmt":"2024-01-22T11:34:25","guid":{"rendered":"https:\/\/lemila.lt\/?post_type=product&#038;p=21514"},"modified":"2024-11-26T19:20:32","modified_gmt":"2024-11-26T17:20:32","slug":"nailmatic-kids-sissi-glitter-nail-polish-nagu-lakas-8ml","status":"publish","type":"product","link":"https:\/\/lemila.lt\/lv\/product\/nailmatic-kids-sissi-glitter-nail-polish-nagu-lakas-8ml\/","title":{"rendered":"Nailmatic KIDS SISSI Glitter Nail Polish Nagu laka, 8ml"},"content":{"rendered":"<p>\u016adens b\u0101zes nagu laka, kas \u012bpa\u0161i izstr\u0101d\u0101ta b\u0113rniem. T\u0101 ir ra\u017eota Francij\u0101, nesatur ftal\u0101tus, formaldeh\u012bdu, toluolu un smar\u017evielas.<\/p>\n<p>Laka priec\u0113 b\u0113rnus un vec\u0101kus, jo t\u0101 darbojas k\u0101 burvju sp\u0113ks: nomazg\u0101jot rokas ar ziep\u0113m un \u016bdeni, t\u0101 vienk\u0101r\u0161i paz\u016bd!<\/p>\n<p><strong>IZMANTO\u0160ANA:<\/strong><\/p>\n<p>Pirms lieto\u0161anas pudel\u012bti sakratiet. Uzkl\u0101jiet uz nagiem vienu vai divus sl\u0101\u0146us. Pakratiet pirkstus, lai nagu laka \u0101tr\u0101k no\u017e\u016btu, un voila!<\/p>\n<p><strong>SAST\u0100VDA\u013bAS:<\/strong><\/p>\n<p>AKVA (\u016aDENS), N\u0100TRIJA STIROLA\/AKRIL\u0100TU KOPOLIM\u0112RS, PPG-3 METIL\u0112TERIS, POLIBUTIL\u0112NTEREFTAL\u0100TS, POLIBUTIL\u0112NTEREFTAL\u0100TS, KALCIJA N\u0100TRIJA BORSILIK\u0100TS, FENOKSIETANOLS, AKRIL\u0100TU KOPOLIM\u0112RS, DISILOKS\u0100NS, N\u0100TRIJA BIKARBON\u0100TS, HEKTOR\u012aTS, N\u0100TRIJA DEHIDROACET\u0100TS, VIZLAS, ETIL\u0112NA\/KO-VAKU KOPOLIM\u0112RS, PEG-12 DIMETIKONS, PROPIL\u0112NGLIKOLS, PPG-2 METILETERIS, PEG-150\/DECILSPIRTA\/SMDI KOPOLIM\u0112RS, K\u0100LIJA SULF\u0100TS, ETILHEKSILGLICER\u012aNS, N\u0100TRIJA HIDROKS\u012aDS, PEG-40 R\u012aCINE\u013b\u013bA, T-BUTILSPIRTS, ALVAS OKS\u012aDS, IZOOKTANOLS, PPG-30 BUTIL\u0112TERIS, BENTON\u012aTS, TOKOFEROLS, AMINOMETILPROPANOLS, SIL\u012aCIJA DIMETILSILIL\u0100TS, CI 77891 (TIT\u0100NA DIOKS\u012aDS), CI 15850 (SARKANAIS 7 LAKA)<\/p>","protected":false},"excerpt":{"rendered":"<p>Roz\u0101 nagu laka ar mirdzumiem.<\/p>","protected":false},"featured_media":21515,"comment_status":"open","ping_status":"closed","template":"","meta":[],"product_brand":[220],"product_cat":[110],"product_tag":[],"class_list":{"0":"post-21514","1":"product","2":"type-product","3":"status-publish","4":"has-post-thumbnail","6":"product_brand-nailmatic","7":"product_cat-vaikams","9":"first","10":"instock","11":"sale","12":"taxable","13":"shipping-taxable","14":"purchasable","15":"product-type-simple"},"_links":{"self":[{"href":"https:\/\/lemila.lt\/lv\/wp-json\/wp\/v2\/product\/21514","targetHints":{"allow":["GET"]}}],"collection":[{"href":"https:\/\/lemila.lt\/lv\/wp-json\/wp\/v2\/product"}],"about":[{"href":"https:\/\/lemila.lt\/lv\/wp-json\/wp\/v2\/types\/product"}],"replies":[{"embeddable":true,"href":"https:\/\/lemila.lt\/lv\/wp-json\/wp\/v2\/comments?post=21514"}],"version-history":[{"count":1,"href":"https:\/\/lemila.lt\/lv\/wp-json\/wp\/v2\/product\/21514\/revisions"}],"predecessor-version":[{"id":21516,"href":"https:\/\/lemila.lt\/lv\/wp-json\/wp\/v2\/product\/21514\/revisions\/21516"}],"wp:featuredmedia":[{"embeddable":true,"href":"https:\/\/lemila.lt\/lv\/wp-json\/wp\/v2\/media\/21515"}],"wp:attachment":[{"href":"https:\/\/lemila.lt\/lv\/wp-json\/wp\/v2\/media?parent=21514"}],"wp:term":[{"taxonomy":"product_brand","embeddable":true,"href":"https:\/\/lemila.lt\/lv\/wp-json\/wp\/v2\/product_brand?post=21514"},{"taxonomy":"product_cat","embeddable":true,"href":"https:\/\/lemila.lt\/lv\/wp-json\/wp\/v2\/product_cat?post=21514"},{"taxonomy":"product_tag","embeddable":true,"href":"https:\/\/lemila.lt\/lv\/wp-json\/wp\/v2\/product_tag?post=21514"}],"curies":[{"name":"wp","href":"https:\/\/api.w.org\/{rel}","templated":true}]}}