{"id":21505,"date":"2024-01-22T11:28:28","date_gmt":"2024-01-22T11:28:28","guid":{"rendered":"https:\/\/lemila.lt\/?post_type=product&#038;p=21505"},"modified":"2024-11-26T19:20:33","modified_gmt":"2024-11-26T17:20:33","slug":"nailmatic-kids-pink-crackling-bath-salts-spragsinti-vonios-druska-60g","status":"publish","type":"product","link":"https:\/\/lemila.lt\/lv\/product\/nailmatic-kids-pink-crackling-bath-salts-spragsinti-vonios-druska-60g\/","title":{"rendered":"Nailmatic KIDS Roz\u0101 krekinga vannas s\u0101ls Crackling Bath Salts, 60g"},"content":{"rendered":"<p>S\u0101ls, kas bag\u0101tin\u0101ta ar E vitam\u012bnu un saldo mande\u013cu e\u013c\u013cu, baro un mitrina mazu\u013cu \u0101du, savuk\u0101rt kumel\u012b\u0161u ekstrakts pal\u012bdz vi\u0146iem atsl\u0101bin\u0101ties un nomierin\u0101ties pirms gul\u0113tie\u0161anas.<\/p>\n<p>Produktam ir maigs ogu arom\u0101ts. S\u0101ls neveido traipus uz \u0101das vai vannas sien\u0101m.<\/p>\n<p><strong>IZMANTO\u0160ANA:<\/strong><\/p>\n<p>Pievienojiet siltam vannas \u016bdenim. Nav piem\u0113rots b\u0113rniem l\u012bdz 3 gadu vecumam.<\/p>\n<p><strong>SAST\u0100VDA\u013bAS: <\/strong><\/p>\n<p>N\u0100TRIJA HLOR\u012aDS, N\u0100TRIJA SULF\u0100TS, N\u0100TRIJA BIKARBON\u0100TS, SAHAROZE, GLIKOZE, CITRONSK\u0100BE, MALTODEKSTR\u012aNS, TAPIOKAS CIETE, N\u0100TRIJA KOKOSULF\u0100TS, LAKTOZE, KUMEL\u012a\u0160U ZIEDU EKSTRAKTS, TOKOFEROLS, SAULESPU\u0136U E\u013b\u013bA, OGLEK\u013bA DIOKS\u012aDS, CI 17200 (SARKANAIS 33).<\/p>","protected":false},"excerpt":{"rendered":"<p>Ar Nailmatic KIDS krauk\u0161\u0137\u012bgo vannas s\u0101li peld\u0113\u0161an\u0101s k\u013c\u016bs par gaid\u012bt\u0101ko dienas da\u013cu! S\u0101ls iekr\u0101so \u016bdeni roz\u0101 kr\u0101s\u0101, un, tikl\u012bdz to pievienojat \u016bdenim, t\u0101 s\u0101k plais\u0101t - t\u0101 ir ma\u0123ija!<\/p>","protected":false},"featured_media":21506,"comment_status":"open","ping_status":"closed","template":"","meta":[],"product_brand":[220],"product_cat":[110],"product_tag":[],"class_list":{"0":"post-21505","1":"product","2":"type-product","3":"status-publish","4":"has-post-thumbnail","6":"product_brand-nailmatic","7":"product_cat-vaikams","9":"first","10":"instock","11":"sale","12":"taxable","13":"shipping-taxable","14":"purchasable","15":"product-type-simple"},"_links":{"self":[{"href":"https:\/\/lemila.lt\/lv\/wp-json\/wp\/v2\/product\/21505","targetHints":{"allow":["GET"]}}],"collection":[{"href":"https:\/\/lemila.lt\/lv\/wp-json\/wp\/v2\/product"}],"about":[{"href":"https:\/\/lemila.lt\/lv\/wp-json\/wp\/v2\/types\/product"}],"replies":[{"embeddable":true,"href":"https:\/\/lemila.lt\/lv\/wp-json\/wp\/v2\/comments?post=21505"}],"version-history":[{"count":1,"href":"https:\/\/lemila.lt\/lv\/wp-json\/wp\/v2\/product\/21505\/revisions"}],"predecessor-version":[{"id":21507,"href":"https:\/\/lemila.lt\/lv\/wp-json\/wp\/v2\/product\/21505\/revisions\/21507"}],"wp:featuredmedia":[{"embeddable":true,"href":"https:\/\/lemila.lt\/lv\/wp-json\/wp\/v2\/media\/21506"}],"wp:attachment":[{"href":"https:\/\/lemila.lt\/lv\/wp-json\/wp\/v2\/media?parent=21505"}],"wp:term":[{"taxonomy":"product_brand","embeddable":true,"href":"https:\/\/lemila.lt\/lv\/wp-json\/wp\/v2\/product_brand?post=21505"},{"taxonomy":"product_cat","embeddable":true,"href":"https:\/\/lemila.lt\/lv\/wp-json\/wp\/v2\/product_cat?post=21505"},{"taxonomy":"product_tag","embeddable":true,"href":"https:\/\/lemila.lt\/lv\/wp-json\/wp\/v2\/product_tag?post=21505"}],"curies":[{"name":"wp","href":"https:\/\/api.w.org\/{rel}","templated":true}]}}