{"id":21502,"date":"2024-01-22T11:26:33","date_gmt":"2024-01-22T11:26:33","guid":{"rendered":"https:\/\/lemila.lt\/?post_type=product&#038;p=21502"},"modified":"2024-11-26T19:20:33","modified_gmt":"2024-11-26T17:20:33","slug":"nailmatic-kids-nail-stickers-nagu-lipdukai-1vnt","status":"publish","type":"product","link":"https:\/\/lemila.lt\/lv\/product\/nailmatic-kids-nail-stickers-nagu-lipdukai-1vnt\/","title":{"rendered":"Nailmatic KIDS nagu uzl\u012bmes Nagu uzl\u012bmes, 1 gab."},"content":{"rendered":"<p>To ir \u013coti viegli lietot - vienk\u0101r\u0161i no\u0146emiet uzl\u012bmi no pl\u0113ves un uzkl\u0101jiet tie\u0161i uz nagiem. Kad jums apniku\u0161i att\u0113li, vienk\u0101r\u0161i no\u0146emiet uzl\u012bmes.<\/p>\n<p>72 gab. jautru uzl\u012bmju - katram nagam un person\u012bbai.<\/p>\n<p><strong>IZMANTO\u0160ANA:<\/strong><\/p>\n<p>To ir \u013coti viegli lietot - vienk\u0101r\u0161i no\u0146emiet uzl\u012bmi no pl\u0113ves un uzkl\u0101jiet tie\u0161i uz nagiem. Kad jums apniku\u0161i att\u0113li, vienk\u0101r\u0161i no\u0146emiet uzl\u012bmes.<\/p>\n<p><strong>SAST\u0100VDA\u013bAS:<\/strong><\/p>\n<p>STIROLA\/IZOPR\u0112NA KOPOLIM\u0112RS, PARAFFINUM LIQUIDUM, METILBUT\u0112NA\/METILSTIROLA\/PIPERIL\u0112NA KOPOLIM\u0112RS<\/p>","protected":false},"excerpt":{"rendered":"<p>Nailmatic KIDS nagu uzl\u012bmes ir ide\u0101ls nagu rot\u0101jums! Jauks za\u0137\u012btis, roz\u0101 sirsni\u0146a, sald\u0101 zemene... br\u012bni\u0161\u0137\u012bgs noska\u0146ojums, kas piel\u012bp pie nagiem!<\/p>","protected":false},"featured_media":21503,"comment_status":"open","ping_status":"closed","template":"","meta":[],"product_brand":[220],"product_cat":[110],"product_tag":[],"class_list":{"0":"post-21502","1":"product","2":"type-product","3":"status-publish","4":"has-post-thumbnail","6":"product_brand-nailmatic","7":"product_cat-vaikams","9":"first","10":"instock","11":"sale","12":"taxable","13":"shipping-taxable","14":"purchasable","15":"product-type-simple"},"_links":{"self":[{"href":"https:\/\/lemila.lt\/lv\/wp-json\/wp\/v2\/product\/21502","targetHints":{"allow":["GET"]}}],"collection":[{"href":"https:\/\/lemila.lt\/lv\/wp-json\/wp\/v2\/product"}],"about":[{"href":"https:\/\/lemila.lt\/lv\/wp-json\/wp\/v2\/types\/product"}],"replies":[{"embeddable":true,"href":"https:\/\/lemila.lt\/lv\/wp-json\/wp\/v2\/comments?post=21502"}],"version-history":[{"count":1,"href":"https:\/\/lemila.lt\/lv\/wp-json\/wp\/v2\/product\/21502\/revisions"}],"predecessor-version":[{"id":21504,"href":"https:\/\/lemila.lt\/lv\/wp-json\/wp\/v2\/product\/21502\/revisions\/21504"}],"wp:featuredmedia":[{"embeddable":true,"href":"https:\/\/lemila.lt\/lv\/wp-json\/wp\/v2\/media\/21503"}],"wp:attachment":[{"href":"https:\/\/lemila.lt\/lv\/wp-json\/wp\/v2\/media?parent=21502"}],"wp:term":[{"taxonomy":"product_brand","embeddable":true,"href":"https:\/\/lemila.lt\/lv\/wp-json\/wp\/v2\/product_brand?post=21502"},{"taxonomy":"product_cat","embeddable":true,"href":"https:\/\/lemila.lt\/lv\/wp-json\/wp\/v2\/product_cat?post=21502"},{"taxonomy":"product_tag","embeddable":true,"href":"https:\/\/lemila.lt\/lv\/wp-json\/wp\/v2\/product_tag?post=21502"}],"curies":[{"name":"wp","href":"https:\/\/api.w.org\/{rel}","templated":true}]}}