{"id":21499,"date":"2024-01-22T11:19:27","date_gmt":"2024-01-22T11:19:27","guid":{"rendered":"https:\/\/lemila.lt\/?post_type=product&#038;p=21499"},"modified":"2024-11-26T19:20:33","modified_gmt":"2024-11-26T17:20:33","slug":"nailmatic-kids-nail-polish-set-party-nagu-laku-rinkinys-vaikams-1vnt","status":"publish","type":"product","link":"https:\/\/lemila.lt\/lv\/product\/nailmatic-kids-nail-polish-set-party-nagu-laku-rinkinys-vaikams-1vnt\/","title":{"rendered":"Nailmatic KIDS nagu lakas komplekts PARTY Nagu lakas komplekts b\u0113rniem, 1 gab."},"content":{"rendered":"<p><strong>\u0160aj\u0101 komplekt\u0101 ietilpst:<\/strong><\/p>\n<p>COOKIE - \u016bdens b\u0101zes nagu laka, kas \u012bpa\u0161i izstr\u0101d\u0101ta b\u0113rniem. T\u0101 ir ra\u017eota Francij\u0101, nesatur ftal\u0101tus, formaldeh\u012bdu, toluolu un smar\u017evielas. T\u0101 darbojas k\u0101 burvju: kad rokas nomazg\u0101jat ar ziep\u0113m un \u016bdeni, t\u0101 vienk\u0101r\u0161i paz\u016bd! COOKIE nagu laka ir caursp\u012bd\u012bgi roz\u0101 kr\u0101s\u0101;<\/p>\n<p>ELLIOT - \u016bdens b\u0101zes nagu laka, kas \u012bpa\u0161i izstr\u0101d\u0101ta b\u0113rniem. Nagu laka ir caursp\u012bd\u012bga perlamutra roz\u0101 kr\u0101s\u0101;<\/p>\n<p>BELLA - \u016bdens b\u0101zes nagu laka, kas \u012bpa\u0161i izstr\u0101d\u0101ta b\u0113rniem. BELLA ir maigi roz\u0101 nagu laka.<\/p>\n<p><strong>IZMANTO\u0160ANA:<\/strong><\/p>\n<p>Pirms lieto\u0161anas pudel\u012bti sakratiet. Uzkl\u0101jiet uz nagiem vienu vai divus sl\u0101\u0146us. Pakratiet pirkstus, lai nagu laka \u0101tr\u0101k no\u017e\u016btu, un voila!<\/p>\n<p>Nelietot b\u0113rniem l\u012bdz 3 gadu vecumam. Lietot tikai pieaugu\u0161o uzraudz\u012bb\u0101.<\/p>\n<p><strong>SAST\u0100VDA\u013bAS:<\/strong><\/p>\n<p>S\u012bkfails: (\u016bdens), n\u0101trija stir\u0113na\/akril\u0101tu kopolim\u0113rs, ppg-3 metileteris, fenoksietanols, peg-40 r\u012bcine\u013c\u013ca, disiloks\u0101ns, n\u0101trija bikarbon\u0101ts, hektor\u012bts, n\u0101trija dehidroacet\u0101ts, peg-12 dimetikons, propil\u0113nglikols, ppg-2 metileteris, peg-150\/decilspirts\/smdi kopolim\u0113rs, etilheksilglicer\u012bns, k\u0101lija sulf\u0101ts, n\u0101trija hidroks\u012bds, benton\u012bts, ppg-30 butil\u0113teris, aminometilpropanols, t-butilspirts, izooktanols, sil\u012bcija dioks\u012bda dimetilsilil\u0101ts, tokoferols, CI 77891 (tit\u0101na dioks\u012bds), CI 73360 (sarkan\u0101 30 laka).<\/p>\n<p>Bella: (\u016bdens), n\u0101trija stir\u0113na\/akril\u0101tu kopolim\u0113rs, ppg-3 metileteris, fenoksietanols, peg-40 r\u012bcine\u013c\u013ca, disiloks\u0101ns, n\u0101trija bikarbon\u0101ts, hektor\u012bts, n\u0101trija dehidroacet\u0101ts, peg-12 dimetikons, propil\u0113nglikols, ppg-2 metileteris, peg-150\/decilspirts\/smdi kopolim\u0113rs, etilheksilglicer\u012bns, k\u0101lija sulf\u0101ts, n\u0101trija hidroks\u012bds, benton\u012bts, ppg-30 butil\u0113teris, aminometilpropanols, t-butilspirts, izooktanols, sil\u012bcija dioks\u012bda dimetilsilil\u0101ts, tokoferols, CI 77891 (tit\u0101na dioks\u012bds), CI 73360 (sarkan\u0101 30 laka).<\/p>\n<p>Elliots: (\u016bdens) n\u0101trija stirola\/akril\u0101tu kopolim\u0113rs, polietil\u0113ntereftal\u0101ts, ppg-3 metileteris, kalcija n\u0101trija borsilik\u0101ts, fenoksietanols, disiloks\u0101ns, sil\u012bcija dioks\u012bds, n\u0101trija bikarbon\u0101ts, hektor\u012bts, n\u0101trija dehidroacet\u0101ts, peg-12 dimetikons, propil\u0113nglikols, ppg-2 metileteris, peg-150\/decilspirts\/smdi kopolim\u0113rs, poliuret\u0101ns-11, k\u0101lija sulf\u0101ts, etilheksilglicer\u012bns, n\u0101trija hidroks\u012bds, alvas oks\u012bds, t-butilspirts, izooktanols, peg-40 r\u012bcine\u013c\u013ca, ppg-30 butil\u0113teris, benton\u012bts, tokoferols, aminometilpropanols, sil\u012bcija dioks\u012bda dimetilsilil\u0101ts, CI 77891 (tit\u0101na dioks\u012bds), CI 77007 (ultramar\u012bni), CI 73360 (sarkanais 30 ezers), CI 77000 (alum\u012bnija pulveris).<\/p>","protected":false},"excerpt":{"rendered":"<p>Neaizmirstama d\u0101vana mazajam fa\u0161istam vai stil\u012bgajam pir\u0101tam!<\/p>","protected":false},"featured_media":21500,"comment_status":"open","ping_status":"closed","template":"","meta":[],"product_brand":[220],"product_cat":[110],"product_tag":[],"class_list":{"0":"post-21499","1":"product","2":"type-product","3":"status-publish","4":"has-post-thumbnail","6":"product_brand-nailmatic","7":"product_cat-vaikams","9":"first","10":"instock","11":"sale","12":"taxable","13":"shipping-taxable","14":"purchasable","15":"product-type-simple"},"_links":{"self":[{"href":"https:\/\/lemila.lt\/lv\/wp-json\/wp\/v2\/product\/21499","targetHints":{"allow":["GET"]}}],"collection":[{"href":"https:\/\/lemila.lt\/lv\/wp-json\/wp\/v2\/product"}],"about":[{"href":"https:\/\/lemila.lt\/lv\/wp-json\/wp\/v2\/types\/product"}],"replies":[{"embeddable":true,"href":"https:\/\/lemila.lt\/lv\/wp-json\/wp\/v2\/comments?post=21499"}],"version-history":[{"count":1,"href":"https:\/\/lemila.lt\/lv\/wp-json\/wp\/v2\/product\/21499\/revisions"}],"predecessor-version":[{"id":21501,"href":"https:\/\/lemila.lt\/lv\/wp-json\/wp\/v2\/product\/21499\/revisions\/21501"}],"wp:featuredmedia":[{"embeddable":true,"href":"https:\/\/lemila.lt\/lv\/wp-json\/wp\/v2\/media\/21500"}],"wp:attachment":[{"href":"https:\/\/lemila.lt\/lv\/wp-json\/wp\/v2\/media?parent=21499"}],"wp:term":[{"taxonomy":"product_brand","embeddable":true,"href":"https:\/\/lemila.lt\/lv\/wp-json\/wp\/v2\/product_brand?post=21499"},{"taxonomy":"product_cat","embeddable":true,"href":"https:\/\/lemila.lt\/lv\/wp-json\/wp\/v2\/product_cat?post=21499"},{"taxonomy":"product_tag","embeddable":true,"href":"https:\/\/lemila.lt\/lv\/wp-json\/wp\/v2\/product_tag?post=21499"}],"curies":[{"name":"wp","href":"https:\/\/api.w.org\/{rel}","templated":true}]}}