{"id":21496,"date":"2024-01-22T11:15:48","date_gmt":"2024-01-22T11:15:48","guid":{"rendered":"https:\/\/lemila.lt\/?post_type=product&#038;p=21496"},"modified":"2024-11-26T19:20:33","modified_gmt":"2024-11-26T17:20:33","slug":"nailmatic-kids-nail-polish-set-paris-nagu-laku-rinkinys-vaikams-1vnt","status":"publish","type":"product","link":"https:\/\/lemila.lt\/lv\/product\/nailmatic-kids-nail-polish-set-paris-nagu-laku-rinkinys-vaikams-1vnt\/","title":{"rendered":"Nailmatic KIDS nagu lakas komplekts PARIS Nagu lakas komplekts b\u0113rniem, 1 gab."},"content":{"rendered":"<p><strong>\u0160aj\u0101 komplekt\u0101 ietilpst:<\/strong><\/p>\n<p>MARSHI - \u016bdens b\u0101zes nagu laka, kas \u012bpa\u0161i izstr\u0101d\u0101ta b\u0113rniem. T\u0101 ir ra\u017eota Francij\u0101, nesatur ftal\u0101tus, formaldeh\u012bdu, toluolu un smar\u017evielas. T\u0101 darbojas k\u0101 burvju: kad rokas nomazg\u0101jat ar ziep\u0113m un \u016bdeni, t\u0101 vienk\u0101r\u0161i paz\u016bd! Lakas kr\u0101sa ir mirdzo\u0161i neona violeta;<\/p>\n<p>DOLLY - \u016bdens b\u0101zes nagu laka, kas \u012bpa\u0161i izstr\u0101d\u0101ta b\u0113rniem. Nagu laka ir caursp\u012bd\u012bga perlamutra roz\u0101 kr\u0101s\u0101;<\/p>\n<p>FLAMINGO - \u016bdens b\u0101zes nagu laka, kas \u012bpa\u0161i izstr\u0101d\u0101ta b\u0113rniem. FLAMINGO ir ko\u0161a kora\u013c\u013cu kr\u0101sa.<\/p>\n<p><strong>IZMANTO\u0160ANA:<\/strong><\/p>\n<p>Pirms lieto\u0161anas pudel\u012bti sakratiet. Uzkl\u0101jiet uz nagiem vienu vai divus sl\u0101\u0146us. Pakratiet pirkstus, lai nagu laka \u0101tr\u0101k no\u017e\u016btu, un voila!<\/p>\n<p>Nelietot b\u0113rniem l\u012bdz 3 gadu vecumam. Lietot tikai pieaugu\u0161o uzraudz\u012bb\u0101.<\/p>\n<p><strong>SAST\u0100VDA\u013bAS:<\/strong><\/p>\n<p>Dolly : \u016bdens (\u016bdens), n\u0101trija akril\u0101ta\/metilstirola\/stirola kopolim\u0113rs, polistirols, izofona diam\u012bna\/izoft\u0101lsk\u0101bes\/trometam\u012bna kopolim\u0113rs, ppg-3 metileteris, sint\u0113tiskais fluorflogop\u012bts, propandiols, pentil\u0113nglikols, hektor\u012bts, ppg-30 butil\u0113teris, propil\u0113nglikols, peg-150\/decilspirta\/smdi kopolim\u0113rs, peg-40 r\u012bcine\u013c\u013ca, fenetilspirts, n\u0101trija benzo\u0101ts, sil\u012bcija dioks\u012bda dimetilsilil\u0101ts, benton\u012bts, 1,2-heks\u0101ndiols, aminometilpropanols, alvas oks\u012bds, ci 45380 (sarkanais 22), ci 45410 (sarkanais 28), ci 77891 (tit\u0101na dioks\u012bds).<\/p>\n<p>Flamingo :: : akva (\u016bdens), n\u0101trija akril\u0101ta\/metilstirola\/stirola kopolim\u0113rs, polistirols, izofona diam\u012bna\/izoft\u0101lsk\u0101bes\/trometam\u012bna kopolim\u0113rs, ppg-3 metileteris, propanediols, pentil\u0113nglikols, kalcija n\u0101trija borsilik\u0101ts, hektor\u012bts, sil\u012bcija dioks\u012bds, ppg-30 butil\u0113teris, propil\u0113nglikols, peg-150\/decilspirta\/smdi kopolim\u0113rs, peg-40 r\u012bcine\u013c\u013ca, fenetilspirts, n\u0101trija benzo\u0101ts, sil\u012bcija dioks\u012bda dimetilsilil\u0101ts, benton\u012bts, 1,2-heks\u0101ndiols, aminometilpropanols, (+\/-) : alvas oks\u012bds, ci 77891 (tit\u0101na dioks\u012bds), ci 45350 (dzeltenais 8), ci 45380 (sarkanais 22), ci 45410 (sarkanais 28), ci 77007 (ultramar\u012bni).<\/p>\n<p>Marshi : akva (\u016bdens), n\u0101trija akril\u0101ta\/metilstirola\/stirola kopolim\u0113rs, polistirols, izofona diam\u012bna\/izoft\u0101lsk\u0101bes\/trometam\u012bna kopolim\u0113rs, ppg-3 metileteris, propandiols, pentil\u0113nglikols, kalcija n\u0101trija borsilik\u0101ts, hektor\u012bts, sil\u012bcija dioks\u012bds, ppg-30 butil\u0113teris, propil\u0113nglikols, peg-150\/decilspirta\/smdi kopolim\u0113rs, peg-40 r\u012bcine\u013c\u013ca, fenetilspirts, n\u0101trija benzo\u0101ts, sil\u012bcija dioks\u012bda dimetilsilil\u0101ts, benton\u012bts, 1,2-heks\u0101ndiols, aminometilpropanols, (+\/-) : alvas oks\u012bds, ci 77891 (tit\u0101na dioks\u012bds), ci 45350 (dzeltenais 8), ci 45380 (sarkanais 22), ci 45410 (sarkanais 28), ci 77007 (ultramar\u012bni).<\/p>","protected":false},"excerpt":{"rendered":"<p>Neaizmirstama d\u0101vana mazajam fa\u0161istam vai stil\u012bgajam pir\u0101tam!<\/p>","protected":false},"featured_media":21497,"comment_status":"open","ping_status":"closed","template":"","meta":[],"product_brand":[220],"product_cat":[110],"product_tag":[],"class_list":{"0":"post-21496","1":"product","2":"type-product","3":"status-publish","4":"has-post-thumbnail","6":"product_brand-nailmatic","7":"product_cat-vaikams","9":"first","10":"instock","11":"sale","12":"taxable","13":"shipping-taxable","14":"purchasable","15":"product-type-simple"},"_links":{"self":[{"href":"https:\/\/lemila.lt\/lv\/wp-json\/wp\/v2\/product\/21496","targetHints":{"allow":["GET"]}}],"collection":[{"href":"https:\/\/lemila.lt\/lv\/wp-json\/wp\/v2\/product"}],"about":[{"href":"https:\/\/lemila.lt\/lv\/wp-json\/wp\/v2\/types\/product"}],"replies":[{"embeddable":true,"href":"https:\/\/lemila.lt\/lv\/wp-json\/wp\/v2\/comments?post=21496"}],"version-history":[{"count":1,"href":"https:\/\/lemila.lt\/lv\/wp-json\/wp\/v2\/product\/21496\/revisions"}],"predecessor-version":[{"id":21498,"href":"https:\/\/lemila.lt\/lv\/wp-json\/wp\/v2\/product\/21496\/revisions\/21498"}],"wp:featuredmedia":[{"embeddable":true,"href":"https:\/\/lemila.lt\/lv\/wp-json\/wp\/v2\/media\/21497"}],"wp:attachment":[{"href":"https:\/\/lemila.lt\/lv\/wp-json\/wp\/v2\/media?parent=21496"}],"wp:term":[{"taxonomy":"product_brand","embeddable":true,"href":"https:\/\/lemila.lt\/lv\/wp-json\/wp\/v2\/product_brand?post=21496"},{"taxonomy":"product_cat","embeddable":true,"href":"https:\/\/lemila.lt\/lv\/wp-json\/wp\/v2\/product_cat?post=21496"},{"taxonomy":"product_tag","embeddable":true,"href":"https:\/\/lemila.lt\/lv\/wp-json\/wp\/v2\/product_tag?post=21496"}],"curies":[{"name":"wp","href":"https:\/\/api.w.org\/{rel}","templated":true}]}}