{"id":21489,"date":"2024-01-22T11:05:36","date_gmt":"2024-01-22T11:05:36","guid":{"rendered":"https:\/\/lemila.lt\/?post_type=product&#038;p=21489"},"modified":"2024-11-26T19:20:33","modified_gmt":"2024-11-26T17:20:33","slug":"nailmatic-kids-nail-polish-stickers-set-pop-nagu-laku-ir-lipduku-rinkinys-vaikams-1vnt","status":"publish","type":"product","link":"https:\/\/lemila.lt\/lv\/product\/nailmatic-kids-nail-polish-stickers-set-pop-nagu-laku-ir-lipduku-rinkinys-vaikams-1vnt\/","title":{"rendered":"Nailmatic KIDS nagu lakas un uzl\u012bmju komplekts POP nagu lakas un uzl\u012bmju komplekts b\u0113rniem, 1 gab."},"content":{"rendered":"<p>\u0160aj\u0101 komplekt\u0101 atrad\u012bsiet nagu lakas b\u0113rniem div\u0101s kr\u0101s\u0101s:<\/p>\n<ul>\n<li>DOLLY - neona roz\u0101;<\/li>\n<li>KITTY - maigi roz\u0101 ar mirdzumiem.<\/li>\n<li>Nagu uzl\u012bmju komplekts, ar ko izrot\u0101t savu svaigo manik\u012bru!<\/li>\n<\/ul>\n<p>Nailmatic nagu lakas satur 54% \u016bdens un 100% jautr\u012bbas! T\u0101p\u0113c \u0161\u012bs nagu lakas t\u012br\u012b\u0161anai nav nepiecie\u0161ami nek\u0101di \u012bpa\u0161i instrumenti - pietiks tikai ar \u016bdeni!<\/p>\n<p><strong>IZMANTO\u0160ANA:<\/strong><\/p>\n<p>Pirms lieto\u0161anas pudel\u012bti sakratiet. Uzkl\u0101jiet uz nagiem vienu vai divus sl\u0101\u0146us. Pakratiet pirkstus, lai nagu laka \u0101tr\u0101k no\u017e\u016btu, un voila!<\/p>\n<p>Izrot\u0101jiet savu jauno manik\u012bru ar nagu uzl\u012bm\u0113m.<\/p>\n<p><strong>SAST\u0100VDA\u013bAS:<\/strong><\/p>\n<p>Dolly : \u016bdens (\u016bdens), n\u0101trija akril\u0101ta\/metilstirola\/stirola kopolim\u0113rs, polistirols, izofona diam\u012bna\/izoft\u0101lsk\u0101bes\/trometam\u012bna kopolim\u0113rs, ppg-3 metileteris, sint\u0113tiskais fluorflogop\u012bts, propandiols, pentil\u0113nglikols, hektor\u012bts, ppg-30 butil\u0113teris, propil\u0113nglikols, peg-150\/decilspirta\/smdi kopolim\u0113rs, peg-40 r\u012bcine\u013c\u013ca, fenetilspirts, n\u0101trija benzo\u0101ts, sil\u012bcija dioks\u012bda dimetilsilil\u0101ts, benton\u012bts, 1,2-heks\u0101ndiols, aminometilpropanols, alvas oks\u012bds, ci 45380 (sarkanais 22), ci 45410 (sarkanais 28), ci 77891 (tit\u0101na dioks\u012bds).<\/p>\n<p>Ka\u0137en\u012bte: (\u016bdens), n\u0101trija stirola\/akril\u0101tu kopolim\u0113rs, ppg-3 metileteris, fenoksietanols, disiloks\u0101ns, n\u0101trija bikarbon\u0101ts, hektor\u012bts, n\u0101trija dehidroacet\u0101ts, peg-12 dimetikons, propil\u0113nglikols, ppg-2 metileteris, peg-150\/decilspirts\/smdi kopolim\u0113rs, k\u0101lija sulf\u0101ts, peg-40 r\u012bcine\u013c\u013ca, etilheksilglicer\u012bns, n\u0101trija hidroks\u012bds, t-butilspirts, izooktanols, ppg-30 butil\u0113teris, benton\u012bts, aminometilpropanols, sil\u012bcija dioks\u012bda dimetilsilil\u0101ts, tokoferols, vizla, ci 77891 (tit\u0101na dioks\u012bds), ci 73360 (sarkan\u0101 30 laka), alvas oks\u012bds.<\/p>","protected":false},"excerpt":{"rendered":"<p>Divas nagu lakas - divreiz jautr\u0101k!<\/p>","protected":false},"featured_media":21491,"comment_status":"open","ping_status":"closed","template":"","meta":[],"product_brand":[220],"product_cat":[110],"product_tag":[],"class_list":{"0":"post-21489","1":"product","2":"type-product","3":"status-publish","4":"has-post-thumbnail","6":"product_brand-nailmatic","7":"product_cat-vaikams","9":"first","10":"instock","11":"sale","12":"taxable","13":"shipping-taxable","14":"purchasable","15":"product-type-simple"},"_links":{"self":[{"href":"https:\/\/lemila.lt\/lv\/wp-json\/wp\/v2\/product\/21489","targetHints":{"allow":["GET"]}}],"collection":[{"href":"https:\/\/lemila.lt\/lv\/wp-json\/wp\/v2\/product"}],"about":[{"href":"https:\/\/lemila.lt\/lv\/wp-json\/wp\/v2\/types\/product"}],"replies":[{"embeddable":true,"href":"https:\/\/lemila.lt\/lv\/wp-json\/wp\/v2\/comments?post=21489"}],"version-history":[{"count":1,"href":"https:\/\/lemila.lt\/lv\/wp-json\/wp\/v2\/product\/21489\/revisions"}],"predecessor-version":[{"id":21492,"href":"https:\/\/lemila.lt\/lv\/wp-json\/wp\/v2\/product\/21489\/revisions\/21492"}],"wp:featuredmedia":[{"embeddable":true,"href":"https:\/\/lemila.lt\/lv\/wp-json\/wp\/v2\/media\/21491"}],"wp:attachment":[{"href":"https:\/\/lemila.lt\/lv\/wp-json\/wp\/v2\/media?parent=21489"}],"wp:term":[{"taxonomy":"product_brand","embeddable":true,"href":"https:\/\/lemila.lt\/lv\/wp-json\/wp\/v2\/product_brand?post=21489"},{"taxonomy":"product_cat","embeddable":true,"href":"https:\/\/lemila.lt\/lv\/wp-json\/wp\/v2\/product_cat?post=21489"},{"taxonomy":"product_tag","embeddable":true,"href":"https:\/\/lemila.lt\/lv\/wp-json\/wp\/v2\/product_tag?post=21489"}],"curies":[{"name":"wp","href":"https:\/\/api.w.org\/{rel}","templated":true}]}}