{"id":21486,"date":"2024-01-22T11:02:37","date_gmt":"2024-01-22T11:02:37","guid":{"rendered":"https:\/\/lemila.lt\/?post_type=product&#038;p=21486"},"modified":"2024-11-26T19:20:33","modified_gmt":"2024-11-26T17:20:33","slug":"nailmatic-kids-magic-box-dovanu-rinkinys-vaikams-1vnt","status":"publish","type":"product","link":"https:\/\/lemila.lt\/lv\/product\/nailmatic-kids-magic-box-dovanu-rinkinys-vaikams-1vnt\/","title":{"rendered":"Nailmatic KIDS MAGIC BOX d\u0101vanu komplekts b\u0113rniem, 1 gab."},"content":{"rendered":"<p style=\"font-weight: 300\"><strong>Komplekt\u0101 ietilpst:<\/strong><\/p>\n<ul style=\"font-weight: 300\">\n<li>ZOUZOU \u016bdens b\u0101zes nagu laka, 8ml ir \u016bdens b\u0101zes nagu laka, kas \u012bpa\u0161i izstr\u0101d\u0101ta b\u0113rniem. T\u0101 ir ra\u017eota Francij\u0101, nesatur ftal\u0101tus, formaldeh\u012bdu, toluolu un smar\u017evielas.  T\u0101 darbojas k\u0101 ma\u0123ija: kad j\u016bs nomazg\u0101jat rokas ar ziep\u0113m un \u016bdeni, t\u0101 vienk\u0101r\u0161i paz\u016bd!;<\/li>\n<li>CHERRY Strawberry l\u016bpu sp\u012bdums, 6,5 ml - bezkr\u0101sains, mitrino\u0161s l\u016bpu sp\u012bdums ar 97% dab\u012bg\u0101m sast\u0101vda\u013c\u0101m. Izgatavots no apriko\u017eu kauli\u0146u e\u013c\u013cas un bag\u0101tin\u0101ts ar E vitam\u012bnu, omega-6 un omega-9, \u0161is l\u016bpu sp\u012bdums intens\u012bvi mitrina un m\u012bkstina l\u016bpas;<\/li>\n<li>RED PLANET Vannas burbu\u013ci, 160 g - \u0160ie jautrie burbu\u013ci iekr\u0101so vannas \u016bdeni un pal\u012bdz atp\u016bsties p\u0113c garas sp\u0113\u013cu un jautr\u012bbas dienas. \u012apa\u0161i b\u0113rniem paredz\u0113tie Nailmatic vannas burbu\u013ci ir bag\u0101tin\u0101ti ar mande\u013cu e\u013c\u013cu un kumel\u012b\u0161u ziedu ekstraktu, kas mitrina un m\u012bkstina \u0101du;<\/li>\n<li>Nailmatic KIDS LAGOON Putojo\u0161as un kr\u0101sainas vannas s\u0101ls - Nailmatic KIDS vannas s\u0101ls b\u0113rniem p\u0101rv\u0113r\u0161 parastu peldi par putojo\u0161\u0101m un kr\u0101sain\u0101m rota\u013c\u0101m. \u0160is ma\u0123iskais \u0161\u0137\u012bdums ir bag\u0101tin\u0101ts ar E vitam\u012bnu, saldo mande\u013cu e\u013c\u013cu un kumel\u012b\u0161u ziedu ekstraktu, kas mitrina un atsl\u0101bina. Apkaisiet s\u0101li zem \u016bdens str\u016bklas un v\u0113rojiet, k\u0101 s\u0101kas burv\u012bba! Ja v\u0113laties ieg\u016bt v\u0113l vair\u0101k putu, vienk\u0101r\u0161i samaisiet \u016bdeni ar roku.<\/li>\n<\/ul>\n<p><strong>IZMANTO\u0160ANA:<\/strong><\/p>\n<p>Nagu laka: pirms lieto\u0161anas sakratiet pudel\u012bti. Uzkl\u0101jiet uz nagiem vienu vai divus sl\u0101\u0146us. P\u0101rvietojiet pirkstus, lai nagu laka \u0101tr\u0101k no\u017e\u016btu, un voila!<\/p>\n<p>L\u016bpu sp\u012bdums: \u013caujiet b\u0113rnam uzkl\u0101t l\u016bpu sp\u012bdumu tik bie\u017ei, cik vi\u0146am pat\u012bk!<\/p>\n<p>Vannas burbulis: ja vannas burbulis tiek tur\u0113ts sauss, ar to nekas nenotiks. Tom\u0113r, ja tas ir slapj\u0161 vai iemests vann\u0101 - FZZZ! Burbulis s\u0101k \u0161\u0137\u012bst un putot, un \u0161o reakciju izraisa produkta sast\u0101vda\u013cas - citronsk\u0101be un n\u0101trija bikarbon\u0101ts - divas absol\u016bti netoksiskas un nesadal\u0101mas sast\u0101vda\u013cas.<\/p>\n<p>Vannas s\u0101ls: iemaisiet s\u0101li zem \u016bdens str\u016bklas un v\u0113rojiet, k\u0101 s\u0101kas burv\u012bba! Ja v\u0113laties ieg\u016bt v\u0113l vair\u0101k putu, vienk\u0101r\u0161i samaisiet \u016bdeni ar rok\u0101m.<\/p>\n<p>&nbsp;<\/p>","protected":false},"excerpt":{"rendered":"<p>Rinkinyje yra: Vandens pagrindo nag\u0173 lakas ZOUZOU, 8ml &#8211; vandens pagrindo nag\u0173 lakas, sukurtas specialiai vaikams. Pranc\u016bzijoje pagaminto nag\u0173 lako sud\u0117tyje n\u0117ra ftalat\u0173, formaldehido, tolueno ir be prid\u0117tini\u0173 kvap\u0173.\u00a0 Lakas suteikia d\u017eiaugsmo vaikams ir t\u0117veliams, kadangi jis veikia tarsi magija: plaunant rankas vandeniu ir muillu &#8211; jis tiesiog i\u0161nyksta!; CHERRY Bra\u0161ki\u0173 skonio l\u016bp\u0173 blizgesys, 6.5ml &#8211;\u00a0 Bespalvis, dr\u0117kinantis l\u016bp\u0173 blizgis, kurios sud\u0117tyje net 97% nat\u016brali\u0173 ingredient\u0173. Pagamintas i\u0161 abrikos\u0173 kauliuk\u0173 aliejaus, papildytas vitaminu E, omega-6 ir omega-9, \u0161is l\u016bp\u0173 blizgis intensyviai dr\u0117kina l\u016bp\u0173 od\u0105 ir j\u0105 mink\u0161tina; RED PLANET Vonios burbulas, 160g &#8211; \u0160ie linksmi putojantys burbulai nuda\u017eo vonios vanden\u012f ir padeda atsipalaiduoti po ilgos \u017eaidim\u0173 ir linksmybi\u0173 kupinos dienos. Sukurti specialiai vaikams, &#8220;Nailmatic&#8221; vonios burbulai yra praturtinti dr\u0117kinan\u010diomis ir od\u0105 mink\u0161tinan\u010diomis savyb\u0117mis pasi\u017eymin\u010diu migdol\u0173 aliejumi bei ramun\u0117li\u0173 \u017eied\u0173 ekstraktu; Nailmatic KIDS LAGOON Foaming &amp; Coloured Bath Salts\u00a0 &#8211; &#8220;Nailmatic KIDS&#8221; vonios druska, skirta vaikams, \u012fprastas maudynes paver\u010dia putojan\u010dia ir spalvota \u017eaidim\u0173 aik\u0161tele. \u0160is stebuklingas tirpalas yra praturtintas vitaminu E, sald\u017ei\u0173j\u0173 migdol\u0173 aliejumi ir ramun\u0117li\u0173 \u017eied\u0173 ekstraktu, kurie pasi\u017eymi dr\u0117kinan\u010diomis ir atpalaiduojan\u010diomis savyb\u0117mis. Paberkite druskos po vandens srove ir steb\u0117kite, kaip prasideda magija! Jei norite i\u0161gauti dar daugiau put\u0173, tiesiog pamai\u0161ykite vanden\u012f ranka. NAUDOJIMAS: Nag\u0173 lakas:\u00a0Prie\u0161 naudojim\u0105 supurtykite buteliuk\u0105. Padenkite nagus vienu ar dviem sluoksniais. Pajudinkite pir\u0161tukus, kad lakas grei\u010diau i\u0161d\u017ei\u016bt\u0173 ir voila! L\u016bp\u0173 blizgis:\u00a0Leiskite vaikui teptis l\u016bpytes taip da\u017enai, kaip jam norisi! Vonios burbulas:\u00a0Jei vonios burbulas laikomas sausai &#8211; jam nieko nenutiks. Ta\u010diau j\u012f sudr\u0117kinus ar \u012fmetus \u012f voni\u0105 &#8211; FZZZ! Burbulas pradeda tirpti ir putoti &#8211; tokia reakcija kyla d\u0117l priemon\u0117s sud\u0117tyje esan\u010di\u0173 med\u017eiag\u0173 &#8211; citrin\u0173 r\u016bg\u0161ties ir natrio bikarbonato &#8211; dviej\u0173 absoliu\u010diai netoksi\u0161k\u0173 ir suyran\u010di\u0173 ingredient\u0173. Vonios druska:\u00a0Paberkite druskos po vandens srove ir steb\u0117kite, kaip prasideda magija! Jei norite i\u0161gauti dar daugiau put\u0173, tiesiog pamai\u0161ykite vanden\u012f ranka. &nbsp;<\/p>","protected":false},"featured_media":21487,"comment_status":"open","ping_status":"closed","template":"","meta":[],"product_brand":[220],"product_cat":[110],"product_tag":[],"class_list":{"0":"post-21486","1":"product","2":"type-product","3":"status-publish","4":"has-post-thumbnail","6":"product_brand-nailmatic","7":"product_cat-vaikams","9":"first","10":"instock","11":"sale","12":"taxable","13":"shipping-taxable","14":"purchasable","15":"product-type-simple"},"_links":{"self":[{"href":"https:\/\/lemila.lt\/lv\/wp-json\/wp\/v2\/product\/21486","targetHints":{"allow":["GET"]}}],"collection":[{"href":"https:\/\/lemila.lt\/lv\/wp-json\/wp\/v2\/product"}],"about":[{"href":"https:\/\/lemila.lt\/lv\/wp-json\/wp\/v2\/types\/product"}],"replies":[{"embeddable":true,"href":"https:\/\/lemila.lt\/lv\/wp-json\/wp\/v2\/comments?post=21486"}],"version-history":[{"count":1,"href":"https:\/\/lemila.lt\/lv\/wp-json\/wp\/v2\/product\/21486\/revisions"}],"predecessor-version":[{"id":21488,"href":"https:\/\/lemila.lt\/lv\/wp-json\/wp\/v2\/product\/21486\/revisions\/21488"}],"wp:featuredmedia":[{"embeddable":true,"href":"https:\/\/lemila.lt\/lv\/wp-json\/wp\/v2\/media\/21487"}],"wp:attachment":[{"href":"https:\/\/lemila.lt\/lv\/wp-json\/wp\/v2\/media?parent=21486"}],"wp:term":[{"taxonomy":"product_brand","embeddable":true,"href":"https:\/\/lemila.lt\/lv\/wp-json\/wp\/v2\/product_brand?post=21486"},{"taxonomy":"product_cat","embeddable":true,"href":"https:\/\/lemila.lt\/lv\/wp-json\/wp\/v2\/product_cat?post=21486"},{"taxonomy":"product_tag","embeddable":true,"href":"https:\/\/lemila.lt\/lv\/wp-json\/wp\/v2\/product_tag?post=21486"}],"curies":[{"name":"wp","href":"https:\/\/api.w.org\/{rel}","templated":true}]}}