{"id":21483,"date":"2024-01-22T11:00:35","date_gmt":"2024-01-22T11:00:35","guid":{"rendered":"https:\/\/lemila.lt\/?post_type=product&#038;p=21483"},"modified":"2024-11-26T19:20:33","modified_gmt":"2024-11-26T17:20:33","slug":"nailmatic-kids-lovely-city-rollette-nail-polish-duo-set-nagu-lako-ir-lupu-blizgio-rinkinys-1vnt","status":"publish","type":"product","link":"https:\/\/lemila.lt\/lv\/product\/nailmatic-kids-lovely-city-rollette-nail-polish-duo-set-nagu-lako-ir-lupu-blizgio-rinkinys-1vnt\/","title":{"rendered":"Nailmatic KIDS LOVELY CITY Rollette nagu lakas duo komplekts Nagu lakas un l\u016bpu sp\u012bduma komplekts, 1 gab."},"content":{"rendered":"<p><strong>Komplekt\u0101 ietilpst:<\/strong><\/p>\n<ul>\n<li>BLACKBERRY Kazenes gar\u0161as l\u016bpu sp\u012bdums, 6,5 ml - Bezkr\u0101sains, mitrino\u0161s l\u016bpu sp\u012bdums ar 97% dab\u012bg\u0101m sast\u0101vda\u013c\u0101m. Izgatavots no apriko\u017eu kauli\u0146u e\u013c\u013cas un bag\u0101tin\u0101ts ar E vitam\u012bnu, omega-6 un omega-9, \u0161is l\u016bpu sp\u012bdums intens\u012bvi mitrina un m\u012bkstina l\u016bpas.<\/li>\n<li>ELLIOT \u016adens b\u0101zes nagu laka, 8ml - \u016bdens b\u0101zes nagu laka, \u012bpa\u0161i izstr\u0101d\u0101ta b\u0113rniem. T\u0101 ir ra\u017eota Francij\u0101, nesatur ftal\u0101tus, formaldeh\u012bdu, toluolu un smar\u017evielas.  T\u0101 darbojas k\u0101 burvju: kad rokas nomazg\u0101jat ar ziep\u0113m un \u016bdeni, t\u0101 vienk\u0101r\u0161i paz\u016bd!<\/li>\n<\/ul>\n<p><strong>IZMANTO\u0160ANA:<\/strong><\/p>\n<p>Nagu laka - pirms lieto\u0161anas sakratiet pudel\u012bti. Uzkl\u0101jiet uz nagiem vienu vai divus sl\u0101\u0146us. Pakratiet pirkstus, lai nagu laka \u0101tr\u0101k no\u017e\u016btu, un voila!<\/p>\n<p>L\u016bpu sp\u012bdums - \u013baujiet b\u0113rnam uzkl\u0101t l\u016bpu sp\u012bdumu tik bie\u017ei, cik vi\u0146am pat\u012bk!<\/p>\n<p><strong>Sast\u0101vda\u013cas:<\/strong><\/p>\n<p>Nagu laka: (\u016bdens) n\u0101trija stirola\/akril\u0101tu kopolim\u0113rs, polietil\u0113ntereftal\u0101ts, ppg-3 metileteris, kalcija n\u0101trija borsilik\u0101ts, fenoksietanols, disiloks\u0101ns, sil\u012bcija dioks\u012bds, n\u0101trija bikarbon\u0101ts, hektor\u012bts, n\u0101trija dehidroacet\u0101ts, peg-12 dimetikons, propil\u0113nglikols, ppg-2 metileteris, peg-150\/decilspirts\/smdi kopolim\u0113rs, poliuret\u0101ns-11, k\u0101lija sulf\u0101ts, etilheksilglicer\u012bns, n\u0101trija hidroks\u012bds, alvas oks\u012bds, t-butilspirts, izooktanols, peg-40 r\u012bcine\u013c\u013ca, ppg-30 butil\u0113teris, benton\u012bts, tokoferols, aminometilpropanols, sil\u012bcija dioks\u012bda dimetilsilil\u0101ts, ci 77891 (tit\u0101na dioks\u012bds), ci 77007 (ultramar\u012bni), ci 73360 (sarkanais 30 ezers), ci 77000 (alum\u012bnija pulveris)<\/p>\n<p><span lang=\"EN-US\">L\u016bpu sp\u012bdums:\u00a0<\/span>dilinolsk\u0101bes\/propandiola kopolim\u0113rs, hidrogen\u0113ts etilheksila oliv\u0101ts, apriko\u017eu kauli\u0146u e\u013c\u013ca, helianthus annuus (saulespu\u0137u) s\u0113klu e\u013c\u013ca, hidrogen\u0113tas ol\u012bve\u013c\u013cas nes\u0101pes, vani\u013cas aug\u013cu ekstrakts, parfum (smar\u017eviela), poliam\u012bds-8, polipropil\u0113ns, tokoferilacet\u0101ts, amonija gliciriz\u0101ts, polistirols, benzotriazolildodecil-p-krezols, etil\u0113na\/va kopolim\u0113rs, oktildodekanols, stear\u012bnsk\u0101be, magnija hidroks\u012bds, alum\u012bnija hidroks\u012bds, sorbit\u0101na ole\u0101ts, ci 15850 (sarkanais 7 lakas kr\u0101sojums), ci 42090 (zilais 1 lakas kr\u0101sojums).<\/p>","protected":false},"excerpt":{"rendered":"<p>Komplekt\u0101 ir BLACKBERRY kazenes l\u016bpu sp\u012bdums, 6,5 ml - bezkr\u0101sains, mitrino\u0161s l\u016bpu sp\u012bdums ar 97% dab\u012bg\u0101m sast\u0101vda\u013c\u0101m. Izgatavots no apriko\u017eu kauli\u0146u e\u013c\u013cas un bag\u0101tin\u0101ts ar E vitam\u012bnu, omega-6 un omega-9, \u0161is l\u016bpu sp\u012bdums intens\u012bvi mitrina un m\u012bkstina l\u016bpas. ELLIOT \u016bdens b\u0101zes nagu laka, 8 ml - \u016bdens b\u0101zes nagu laka, kas \u012bpa\u0161i izstr\u0101d\u0101ta b\u0113rniem. T\u0101 ir ra\u017eota Francij\u0101, nesatur ftal\u0101tus, formaldeh\u012bdus, toluolu un smar\u017evielas.  T\u0101 darbojas k\u0101 burvju: kad rokas nomazg\u0101jat ar ziep\u0113m un \u016bdeni, t\u0101 vienk\u0101r\u0161i paz\u016bd! LIETO\u0160ANA: Pirms lieto\u0161anas sakratiet pudel\u012bti. Uzkl\u0101jiet vienu vai divas k\u0101rtas uz nagiem. P\u0101rvietojiet pirkstus, lai nagu laka \u0101tr\u0101k no\u017e\u016btu, un voila! L\u016bpu sp\u012bdums - \u013baujiet b\u0113rnam uzkl\u0101t l\u016bpu sp\u012bdumu tik bie\u017ei, cik vi\u0146am pat\u012bk! Sast\u0101vda\u013cas: \u016adens (\u016bdens), n\u0101trija stirola\/akril\u0101tu kopolim\u0113rs, polietil\u0113ntereftal\u0101ts, ppg-3 metileteris, kalcija n\u0101trija borsilik\u0101ts, fenoksietanols, disiloks\u0101ns, sil\u012bcija dioks\u012bds, n\u0101trija bikarbon\u0101ts, hektor\u012bts, n\u0101trija dehidroacet\u0101ts, peg-12 dimetikons, propil\u0113nglikols, ppg-2 metileteris, peg-150\/decilspirts\/smdi kopolim\u0113rs, poliuret\u0101ns-11, k\u0101lija sulf\u0101ts, etilheksilglicer\u012bns, n\u0101trija hidroks\u012bds, alvas oks\u012bds, t-butilspirts, izooktanols, peg-40 r\u012bcine\u013c\u013ca, peg-30 butil\u0113teris, benton\u012bts, tokoferols, aminometilpropanols, sil\u012bcija dioks\u012bda dimetilsilil\u0101ts, ci 77891 (tit\u0101na dioks\u012bds), ci 77007 (ultramar\u012bni), ci 73360 (sarkanais 30 ezers), ci 77000 (alum\u012bnija pulveris): dilinolsk\u0101bes\/propandiola kopolim\u0113rs, hidrogen\u0113ts etilheksila oliv\u0101ts, apriko\u017eu kauli\u0146u e\u013c\u013ca, helianthus annuus (saulespu\u0137u) s\u0113klu e\u013c\u013ca, hidrogen\u0113tas ol\u012bve\u013c\u013cas nes\u0101pes, vani\u013cas aug\u013cu ekstrakts, parfum (smar\u017eviela), poliam\u012bds-8, polipropil\u0113ns, tokoferilacet\u0101ts, amonija gliciriz\u0101ts, polistirols, benzotriazolildodecil-p-krezols, etil\u0113na\/va kopolim\u0113rs, oktildodekanols, stear\u012bnsk\u0101be, magnija hidroks\u012bds, alum\u012bnija hidroks\u012bds, sorbit\u0101na ole\u0101ts, ci 15850 (sarkanais 7 lakas kr\u0101sojums), ci 42090 (zilais 1 lakas kr\u0101sojums).<\/p>","protected":false},"featured_media":21484,"comment_status":"open","ping_status":"closed","template":"","meta":[],"product_brand":[220],"product_cat":[110],"product_tag":[],"class_list":{"0":"post-21483","1":"product","2":"type-product","3":"status-publish","4":"has-post-thumbnail","6":"product_brand-nailmatic","7":"product_cat-vaikams","9":"first","10":"instock","11":"sale","12":"taxable","13":"shipping-taxable","14":"purchasable","15":"product-type-simple"},"_links":{"self":[{"href":"https:\/\/lemila.lt\/lv\/wp-json\/wp\/v2\/product\/21483","targetHints":{"allow":["GET"]}}],"collection":[{"href":"https:\/\/lemila.lt\/lv\/wp-json\/wp\/v2\/product"}],"about":[{"href":"https:\/\/lemila.lt\/lv\/wp-json\/wp\/v2\/types\/product"}],"replies":[{"embeddable":true,"href":"https:\/\/lemila.lt\/lv\/wp-json\/wp\/v2\/comments?post=21483"}],"version-history":[{"count":1,"href":"https:\/\/lemila.lt\/lv\/wp-json\/wp\/v2\/product\/21483\/revisions"}],"predecessor-version":[{"id":21485,"href":"https:\/\/lemila.lt\/lv\/wp-json\/wp\/v2\/product\/21483\/revisions\/21485"}],"wp:featuredmedia":[{"embeddable":true,"href":"https:\/\/lemila.lt\/lv\/wp-json\/wp\/v2\/media\/21484"}],"wp:attachment":[{"href":"https:\/\/lemila.lt\/lv\/wp-json\/wp\/v2\/media?parent=21483"}],"wp:term":[{"taxonomy":"product_brand","embeddable":true,"href":"https:\/\/lemila.lt\/lv\/wp-json\/wp\/v2\/product_brand?post=21483"},{"taxonomy":"product_cat","embeddable":true,"href":"https:\/\/lemila.lt\/lv\/wp-json\/wp\/v2\/product_cat?post=21483"},{"taxonomy":"product_tag","embeddable":true,"href":"https:\/\/lemila.lt\/lv\/wp-json\/wp\/v2\/product_tag?post=21483"}],"curies":[{"name":"wp","href":"https:\/\/api.w.org\/{rel}","templated":true}]}}