{"id":21480,"date":"2024-01-22T10:57:29","date_gmt":"2024-01-22T10:57:29","guid":{"rendered":"https:\/\/lemila.lt\/?post_type=product&#038;p=21480"},"modified":"2025-12-30T16:18:42","modified_gmt":"2025-12-30T14:18:42","slug":"nailmatic-kids-kitty-iridescent-nail-polish-nagu-lakas-8ml","status":"publish","type":"product","link":"https:\/\/lemila.lt\/lv\/product\/nailmatic-kids-kitty-iridescent-nail-polish-nagu-lakas-8ml\/","title":{"rendered":"Nailmatic KIDS KITTY Iridescent nagu laka, 8ml"},"content":{"rendered":"<p>\u016adens b\u0101zes nagu laka, kas \u012bpa\u0161i izstr\u0101d\u0101ta b\u0113rniem. T\u0101 ir ra\u017eota Francij\u0101, nesatur ftal\u0101tus, formaldeh\u012bdu, toluolu un smar\u017evielas.<\/p>\n<p>Laka priec\u0113 b\u0113rnus un vec\u0101kus, jo t\u0101 darbojas k\u0101 burvju sp\u0113ks: nomazg\u0101jot rokas ar ziep\u0113m un \u016bdeni, t\u0101 vienk\u0101r\u0161i paz\u016bd!<\/p>\n<p><strong>IZMANTO\u0160ANA:<\/strong><\/p>\n<p>Pirms lieto\u0161anas pudel\u012bti sakratiet. Uzkl\u0101jiet uz nagiem vienu vai divus sl\u0101\u0146us. Pakratiet pirkstus, lai nagu laka \u0101tr\u0101k no\u017e\u016btu, un voila!<\/p>\n<p><strong>Sast\u0101vda\u013cas:\u00a0<\/strong><\/p>\n<p><span lang=\"EN-US\">AKVA (\u016aDENS), N\u0100TRIJA STIR\u0112NA\/AKRIL\u0100TU KOPOLIM\u0112RS, PPG-3 METILETERIS, FENOKSIETANOLS, DISILOKS\u0100NS, N\u0100TRIJA BIKARBON\u0100TS, HEKTOR\u012aTS, N\u0100TRIJA DEHIDROACET\u0100TS, PEG-12 DIMETIKONS, PROPIL\u0112NA GLIKOLS, PPG-2 METEIL\u0112TERIS, PEG-150\/DECIL ALKOHOLS\/SMDI KOPOLYMERIS, K\u0100LIJA SULF\u0100TS, PEG-40 r\u012bcine\u013c\u013ca, ETHILHEKSILGLYCERIN, N\u0100TRIJA HIDROKS\u012aDS, T-BUTILALKOHOLS, ISOOKTANOLS,<\/span><span lang=\"EN-US\">\u00a0<\/span><span lang=\"EN-US\">PPG-30 BUTIL\u0112TERIS, BENTON\u012aTS, AMINOMETILPROPANOLS, SIL\u012aCIJA DIOKS\u012aDA DIMETILSILIL\u0100TS, TOKOFEROLS, VIZLA, CI 77891 (TIT\u0100NA DIOKS\u012aDS), CI 73360 (SARKANAIS 30 EZERS), ALVAS OKS\u012aDS.<\/span><\/p>\n<p>&nbsp;<\/p>","protected":false},"excerpt":{"rendered":"<p>Caursp\u012bd\u012bga roz\u0101 nagu laka.<\/p>","protected":false},"featured_media":21481,"comment_status":"open","ping_status":"closed","template":"","meta":[],"product_brand":[220],"product_cat":[110],"product_tag":[],"class_list":{"0":"post-21480","1":"product","2":"type-product","3":"status-publish","4":"has-post-thumbnail","6":"product_brand-nailmatic","7":"product_cat-vaikams","9":"first","10":"instock","11":"sale","12":"taxable","13":"shipping-taxable","14":"purchasable","15":"product-type-simple"},"_links":{"self":[{"href":"https:\/\/lemila.lt\/lv\/wp-json\/wp\/v2\/product\/21480","targetHints":{"allow":["GET"]}}],"collection":[{"href":"https:\/\/lemila.lt\/lv\/wp-json\/wp\/v2\/product"}],"about":[{"href":"https:\/\/lemila.lt\/lv\/wp-json\/wp\/v2\/types\/product"}],"replies":[{"embeddable":true,"href":"https:\/\/lemila.lt\/lv\/wp-json\/wp\/v2\/comments?post=21480"}],"version-history":[{"count":1,"href":"https:\/\/lemila.lt\/lv\/wp-json\/wp\/v2\/product\/21480\/revisions"}],"predecessor-version":[{"id":21482,"href":"https:\/\/lemila.lt\/lv\/wp-json\/wp\/v2\/product\/21480\/revisions\/21482"}],"wp:featuredmedia":[{"embeddable":true,"href":"https:\/\/lemila.lt\/lv\/wp-json\/wp\/v2\/media\/21481"}],"wp:attachment":[{"href":"https:\/\/lemila.lt\/lv\/wp-json\/wp\/v2\/media?parent=21480"}],"wp:term":[{"taxonomy":"product_brand","embeddable":true,"href":"https:\/\/lemila.lt\/lv\/wp-json\/wp\/v2\/product_brand?post=21480"},{"taxonomy":"product_cat","embeddable":true,"href":"https:\/\/lemila.lt\/lv\/wp-json\/wp\/v2\/product_cat?post=21480"},{"taxonomy":"product_tag","embeddable":true,"href":"https:\/\/lemila.lt\/lv\/wp-json\/wp\/v2\/product_tag?post=21480"}],"curies":[{"name":"wp","href":"https:\/\/api.w.org\/{rel}","templated":true}]}}