{"id":21477,"date":"2024-01-22T10:55:32","date_gmt":"2024-01-22T10:55:32","guid":{"rendered":"https:\/\/lemila.lt\/?post_type=product&#038;p=21477"},"modified":"2024-11-26T19:20:33","modified_gmt":"2024-11-26T17:20:33","slug":"nailmatic-kids-holidays-rollette-nail-polish-duo-set-nagu-lako-ir-lupu-blizgio-rinkinys-1vnt","status":"publish","type":"product","link":"https:\/\/lemila.lt\/lv\/product\/nailmatic-kids-holidays-rollette-nail-polish-duo-set-nagu-lako-ir-lupu-blizgio-rinkinys-1vnt\/","title":{"rendered":"Nailmatic KIDS HOLIDAYS Rollette nagu lakas duo komplekts Nagu lakas un l\u016bpu sp\u012bduma komplekts, 1 gab."},"content":{"rendered":"<p><strong>Komplekt\u0101 ietilpst:<\/strong><\/p>\n<ul>\n<li>STRAWBERRY Strawberry l\u016bpu sp\u012bdums, 6,5 ml - Bezkr\u0101sains, mitrino\u0161s l\u016bpu sp\u012bdums ar 97% dab\u012bg\u0101m sast\u0101vda\u013c\u0101m. Izgatavots no apriko\u017eu kauli\u0146u e\u013c\u013cas un bag\u0101tin\u0101ts ar E vitam\u012bnu, omega-6 un omega-9, \u0161is l\u016bpu sp\u012bdums intens\u012bvi mitrina un m\u012bkstina l\u016bpas.<\/li>\n<li>COOKIE \u016adens b\u0101zes nagu laka, 8 ml - \u016bdens b\u0101zes nagu laka, \u012bpa\u0161i izstr\u0101d\u0101ta b\u0113rniem. T\u0101 ir ra\u017eota Francij\u0101, nesatur ftal\u0101tus, formaldeh\u012bdu, toluolu un smar\u017evielas.  T\u0101 darbojas k\u0101 burvju: kad rokas nomazg\u0101jat ar ziep\u0113m un \u016bdeni, t\u0101 vienk\u0101r\u0161i paz\u016bd!<\/li>\n<\/ul>\n<p><strong>IZMANTO\u0160ANA:<\/strong><\/p>\n<p>Nagu laka - pirms lieto\u0161anas sakratiet pudel\u012bti. Uzkl\u0101jiet uz nagiem vienu vai divus sl\u0101\u0146us. Pakratiet pirkstus, lai nagu laka \u0101tr\u0101k no\u017e\u016btu, un voila!<\/p>\n<p>L\u016bpu sp\u012bdums - \u013baujiet b\u0113rnam uzkl\u0101t l\u016bpu sp\u012bdumu tik bie\u017ei, cik vi\u0146am pat\u012bk!<\/p>\n<p><strong>Sast\u0101vda\u013cas:<\/strong><\/p>\n<p>Nagu laka:\u00a0<span lang=\"EN-US\">\u016aDENS (\u016aDENS), N\u0100TRIJA STIR\u0112NA\/ACRIL\u0100TA KOPOLYMERIS, PPG-3 METHIL\u0112TERIS, FENOKSIETANOLS, PEG-40 r\u012bcine\u013c\u013ca, DISILOKS\u0100NS, N\u0100TRIJA BIKARBON\u0100TS, HEKTOR\u012aTS, N\u0100TRIJA DEHIDROACET\u0100TS, PEG-12 DIMETHIKONS, PROPIL\u0112NA GLIKOLS, PPG-2 METILETERIS, PEG-150\/DECILSPIRTA\/SMDI KOPOLIM\u0112RS, ETILHEKSILGLICER\u012aNS, K\u0100LIJA SULF\u0100TS, N\u0100TRIJA HIDROKS\u012aDS, BENTON\u012aTS, PPG-30 BUTIL\u0112TERIS, AMINOMETILPROPANOLS, T-BUTILSPIRTS, IZOOKTANOLS,<\/span><span lang=\"EN-US\">\u00a0<\/span><span lang=\"EN-US\">SIL\u012aCIJA DIOKS\u012aDA DIMETILSILIL\u0100TS, TOKOFEROLS, CI 77891 (TIT\u0100NA DIOKS\u012aDS), CI 73360 (SARKAN\u0100 30 LAKA).<\/span><\/p>\n<p><span lang=\"EN-US\">L\u016bpu sp\u012bdums:\u00a0<\/span>dilinolsk\u0101bes\/propandiola kopolim\u0113rs, hidrogen\u0113ts etilheksila oliv\u0101ts, apriko\u017eu kauli\u0146u e\u013c\u013ca, helianthus annuus (saulespu\u0137u) s\u0113klu e\u013c\u013ca, hidrogen\u0113tas ol\u012bve\u013c\u013cas nes\u0101pes, vani\u013cas aug\u013cu ekstrakts, parfum (smar\u017eviela), poliam\u012bds-8, polipropil\u0113ns, tokoferilacet\u0101ts, amonija gliciriz\u0101ts, polistirols, etil\u0113na\/va kopolim\u0113rs, benzotriazolildodecil-p-krezols, oktildodekanols, stear\u012bnsk\u0101be, magnija hidroks\u012bds, alum\u012bnija hidroks\u012bds, sorbit\u0101na ole\u0101ts, ci 15850 (sarkanais 7 lakas kr\u0101sojums), ci 19140 (dzeltenais 5 lakas kr\u0101sojums).<\/p>","protected":false},"excerpt":{"rendered":"<p>Komplekt\u0101 ir STRAWBERRY Strawberry Lip Gloss, 6,5 ml - bezkr\u0101sains, mitrino\u0161s l\u016bpu sp\u012bdums ar 97% dab\u012bg\u0101m sast\u0101vda\u013c\u0101m. Izgatavots no apriko\u017eu kauli\u0146u e\u013c\u013cas un bag\u0101tin\u0101ts ar E vitam\u012bnu, omega-6 un omega-9, \u0161is l\u016bpu sp\u012bdums intens\u012bvi mitrina un m\u012bkstina l\u016bpas. \u016adens b\u0101zes nagu laka COOKIE, 8 ml - \u016bdens b\u0101zes nagu laka, kas \u012bpa\u0161i izstr\u0101d\u0101ta b\u0113rniem. \u0160\u012b Francij\u0101 ra\u017eot\u0101 nagu laka nesatur ftal\u0101tus, formaldeh\u012bdu, toluolu un smar\u017evielas.  T\u0101 darbojas k\u0101 burvju: kad rokas nomazg\u0101jat ar ziep\u0113m un \u016bdeni, t\u0101 vienk\u0101r\u0161i paz\u016bd! LIETO\u0160ANA: Pirms lieto\u0161anas sakratiet pudel\u012bti. Uzkl\u0101jiet vienu vai divas k\u0101rtas uz nagiem. P\u0101rvietojiet pirkstus, lai nagu laka \u0101tr\u0101k no\u017e\u016btu, un voila! L\u016bpu sp\u012bdums - \u013baujiet b\u0113rnam uzkl\u0101t l\u016bpu sp\u012bdumu tik bie\u017ei, cik vi\u0146am pat\u012bk! Sast\u0101vda\u013cas: VASA (\u016aDENS), N\u0100TRIJA STYR\u0112NA\/ACRIL\u0100TU KOPOLYMERIS, PPG-3 METHIL\u0112TERIS, FENOKSIETANOLS, PEG-40 r\u012bcine\u013c\u013ca, DISILOKS\u0100NS, N\u0100TRIJA BIKARBON\u0100TS, HEKTOR\u012aTS, N\u0100TRIJA DEHIDROACET\u0100TS, PEG-12 DIMETHIKONS, PROPIL\u0112NA GLIKOLS, PPG-2 METHIL\u0112TERIS, PEG-150\/DECIL ALKOHOL\/SMDI KOPOLYMERIS, ETILHEKSILGLICER\u012aNS, K\u0100LIJA SULF\u0100TS, N\u0100TRIJA HIDROKS\u012aDS, BENTON\u012aTS, PPG-30 BUTIL\u0112TERIS, AMINOMETILPROPANOLS, T-BUTILSPIRTS, IZOOKTANOLS, SIL\u012aCIJA DIOKS\u012aDA DIMETILSILIL\u0100TS, TOKOFEROLS, CI 77891 (TIT\u0100NA DIOKS\u012aDS), CI 73360 (SARKAN\u0100 30 LAKA). L\u016bpu sp\u012bdums: dilinolsk\u0101bes\/propandiola kopolim\u0113rs, hidrogen\u0113ts etilheksila oliv\u0101ts, prunus armeniaca (apriko\u017eu) kauli\u0146u e\u013c\u013ca, helianthus annuus (saulespu\u0137u) s\u0113klu e\u013c\u013ca, hidrogen\u0113ta ol\u012bve\u013c\u013ca bez ziep\u0113m, vani\u013cas planifolia aug\u013cu ekstrakts, parfum (smar\u017eviela), poliam\u012bds-8, polipropil\u0113ns, tokoferilacet\u0101ts, amonija gliciriz\u0101ts, polistirols, etil\u0113na\/va kopolim\u0113rs, benzotriazolildodecil-p-krezols, oktildodekanols, stear\u012bnsk\u0101be, magnija hidroks\u012bds, alum\u012bnija hidroks\u012bds, sorbit\u0101na ole\u0101ts, ci 15850 (sarkanais 7 lakas kr\u0101sojums), ci 19140 (dzeltenais 5 lakas kr\u0101sojums).<\/p>","protected":false},"featured_media":21478,"comment_status":"open","ping_status":"closed","template":"","meta":[],"product_brand":[220],"product_cat":[110],"product_tag":[],"class_list":{"0":"post-21477","1":"product","2":"type-product","3":"status-publish","4":"has-post-thumbnail","6":"product_brand-nailmatic","7":"product_cat-vaikams","9":"first","10":"instock","11":"sale","12":"taxable","13":"shipping-taxable","14":"purchasable","15":"product-type-simple"},"_links":{"self":[{"href":"https:\/\/lemila.lt\/lv\/wp-json\/wp\/v2\/product\/21477","targetHints":{"allow":["GET"]}}],"collection":[{"href":"https:\/\/lemila.lt\/lv\/wp-json\/wp\/v2\/product"}],"about":[{"href":"https:\/\/lemila.lt\/lv\/wp-json\/wp\/v2\/types\/product"}],"replies":[{"embeddable":true,"href":"https:\/\/lemila.lt\/lv\/wp-json\/wp\/v2\/comments?post=21477"}],"version-history":[{"count":1,"href":"https:\/\/lemila.lt\/lv\/wp-json\/wp\/v2\/product\/21477\/revisions"}],"predecessor-version":[{"id":21479,"href":"https:\/\/lemila.lt\/lv\/wp-json\/wp\/v2\/product\/21477\/revisions\/21479"}],"wp:featuredmedia":[{"embeddable":true,"href":"https:\/\/lemila.lt\/lv\/wp-json\/wp\/v2\/media\/21478"}],"wp:attachment":[{"href":"https:\/\/lemila.lt\/lv\/wp-json\/wp\/v2\/media?parent=21477"}],"wp:term":[{"taxonomy":"product_brand","embeddable":true,"href":"https:\/\/lemila.lt\/lv\/wp-json\/wp\/v2\/product_brand?post=21477"},{"taxonomy":"product_cat","embeddable":true,"href":"https:\/\/lemila.lt\/lv\/wp-json\/wp\/v2\/product_cat?post=21477"},{"taxonomy":"product_tag","embeddable":true,"href":"https:\/\/lemila.lt\/lv\/wp-json\/wp\/v2\/product_tag?post=21477"}],"curies":[{"name":"wp","href":"https:\/\/api.w.org\/{rel}","templated":true}]}}