{"id":21466,"date":"2024-01-22T10:45:39","date_gmt":"2024-01-22T10:45:39","guid":{"rendered":"https:\/\/lemila.lt\/?post_type=product&#038;p=21466"},"modified":"2024-11-26T19:20:33","modified_gmt":"2024-11-26T17:20:33","slug":"nailmatic-kids-dori-nail-polish-nagu-lakas-8ml","status":"publish","type":"product","link":"https:\/\/lemila.lt\/lv\/product\/nailmatic-kids-dori-nail-polish-nagu-lakas-8ml\/","title":{"rendered":"Nailmatic KIDS DORI nagu laka nagu laka, 8ml"},"content":{"rendered":"<p>Laka priec\u0113 b\u0113rnus un vec\u0101kus, jo t\u0101 darbojas k\u0101 burvju sp\u0113ks: nomazg\u0101jot rokas ar ziep\u0113m un \u016bdeni, t\u0101 vienk\u0101r\u0161i paz\u016bd!<\/p>\n<p><strong>IZMANTO\u0160ANA:<\/strong><\/p>\n<p>Pirms lieto\u0161anas pudel\u012bti sakratiet. Uzkl\u0101jiet uz nagiem vienu vai divus sl\u0101\u0146us. Pakratiet pirkstus, lai nagu laka \u0101tr\u0101k no\u017e\u016btu, un voila!<\/p>\n<p><strong>SAST\u0100VDA\u013bAS: <\/strong><\/p>\n<p>\u016aDENS, N\u0100TRIJA STIR\u0112NA\/AKRIL\u0100TU KOPOLIM\u0112RS, PPG-3 METILETERIS, FENOKSIETANOLS, PEG-40 R\u012aCINE\u013b\u013bA, DISILOKS\u0100NS, N\u0100TRIJA BIKARBON\u0100TS, HEKTOR\u012aTS, N\u0100TRIJA DEHIDROACET\u0100TS, PEG-12 DIMETIKONS, PROPIL\u0112NGLIKOLS, PPG-2 METILETERIS, PEG-150\/DECILSPIRTS\/SMDI KOPOLIM\u0112RS, ETILHEKSILGLICER\u012aNS, K\u0100LIJA SULF\u0100TS, N\u0100TRIJA HIDROKS\u012aDS, BENTON\u012aTS, PPG-30 BUTIL\u0112TERIS, T-BUTILSPIRTS, AMINOMETILPROPANOLS, AMONIJA AKRIL\u0100TU KOPOLIM\u0112RS, SIL\u012aCIJA DIOKS\u012aDA DIMETILSILIL\u0100TS, KAPRILGLIKOLS, DIN\u0100TRIJA LAURU SULFOSUKCIN\u0100TS, N\u0100TRIJA LAURILSULF\u0100TS, TOKOFEROLS, 2-ETILHEKSANOLS, CI 12085 (SARKANS36).<\/p>","protected":false},"excerpt":{"rendered":"<p>\u016adens b\u0101zes nagu laka, kas \u012bpa\u0161i izstr\u0101d\u0101ta b\u0113rniem. T\u0101 ir ra\u017eota Francij\u0101, nesatur ftal\u0101tus, formaldeh\u012bdu, toluolu un smar\u017evielas.<\/p>","protected":false},"featured_media":21467,"comment_status":"open","ping_status":"closed","template":"","meta":[],"product_brand":[220],"product_cat":[110],"product_tag":[],"class_list":{"0":"post-21466","1":"product","2":"type-product","3":"status-publish","4":"has-post-thumbnail","6":"product_brand-nailmatic","7":"product_cat-vaikams","9":"first","10":"instock","11":"sale","12":"taxable","13":"shipping-taxable","14":"purchasable","15":"product-type-simple"},"_links":{"self":[{"href":"https:\/\/lemila.lt\/lv\/wp-json\/wp\/v2\/product\/21466","targetHints":{"allow":["GET"]}}],"collection":[{"href":"https:\/\/lemila.lt\/lv\/wp-json\/wp\/v2\/product"}],"about":[{"href":"https:\/\/lemila.lt\/lv\/wp-json\/wp\/v2\/types\/product"}],"replies":[{"embeddable":true,"href":"https:\/\/lemila.lt\/lv\/wp-json\/wp\/v2\/comments?post=21466"}],"version-history":[{"count":1,"href":"https:\/\/lemila.lt\/lv\/wp-json\/wp\/v2\/product\/21466\/revisions"}],"predecessor-version":[{"id":21468,"href":"https:\/\/lemila.lt\/lv\/wp-json\/wp\/v2\/product\/21466\/revisions\/21468"}],"wp:featuredmedia":[{"embeddable":true,"href":"https:\/\/lemila.lt\/lv\/wp-json\/wp\/v2\/media\/21467"}],"wp:attachment":[{"href":"https:\/\/lemila.lt\/lv\/wp-json\/wp\/v2\/media?parent=21466"}],"wp:term":[{"taxonomy":"product_brand","embeddable":true,"href":"https:\/\/lemila.lt\/lv\/wp-json\/wp\/v2\/product_brand?post=21466"},{"taxonomy":"product_cat","embeddable":true,"href":"https:\/\/lemila.lt\/lv\/wp-json\/wp\/v2\/product_cat?post=21466"},{"taxonomy":"product_tag","embeddable":true,"href":"https:\/\/lemila.lt\/lv\/wp-json\/wp\/v2\/product_tag?post=21466"}],"curies":[{"name":"wp","href":"https:\/\/api.w.org\/{rel}","templated":true}]}}