{"id":21461,"date":"2024-01-22T10:42:10","date_gmt":"2024-01-22T10:42:10","guid":{"rendered":"https:\/\/lemila.lt\/?post_type=product&#038;p=21461"},"modified":"2024-11-26T19:20:33","modified_gmt":"2024-11-26T17:20:33","slug":"nailmatic-kids-cottage-rollette-nail-polish-duo-set-nagu-lako-ir-lupu-blizgio-rinkinys-1vnt","status":"publish","type":"product","link":"https:\/\/lemila.lt\/lv\/product\/nailmatic-kids-cottage-rollette-nail-polish-duo-set-nagu-lako-ir-lupu-blizgio-rinkinys-1vnt\/","title":{"rendered":"Nailmatic KIDS COTTAGE Rollette nagu lakas duo komplekts Nagu lakas un l\u016bpu sp\u012bduma komplekts, 1 gab."},"content":{"rendered":"<p><strong>Komplekt\u0101 ietilpst:<\/strong><\/p>\n<ul>\n<li>CHERRY Cherry Flavour Lip Gloss, 6,5ml - Bezkr\u0101sains, mitrino\u0161s l\u016bpu sp\u012bdums ar 97% dab\u012bg\u0101m sast\u0101vda\u013c\u0101m. Izgatavots no apriko\u017eu kauli\u0146u e\u013c\u013cas un bag\u0101tin\u0101ts ar E vitam\u012bnu, omega-6 un omega-9, \u0161is l\u016bpu sp\u012bdums intens\u012bvi mitrina un m\u012bkstina l\u016bpas.<\/li>\n<li>BELLA \u016adens b\u0101zes nagu laka, 8ml - \u016bdens b\u0101zes nagu laka, kas \u012bpa\u0161i izstr\u0101d\u0101ta b\u0113rniem. T\u0101 ir ra\u017eota Francij\u0101, nesatur ftal\u0101tus, formaldeh\u012bdu, toluolu un smar\u017evielas.  T\u0101 darbojas k\u0101 burvju: kad rokas nomazg\u0101jat ar ziep\u0113m un \u016bdeni, t\u0101 vienk\u0101r\u0161i paz\u016bd!<\/li>\n<\/ul>\n<p><strong>IZMANTO\u0160ANA:<\/strong><\/p>\n<p>Nagu laka - pirms lieto\u0161anas sakratiet pudel\u012bti. Uzkl\u0101jiet uz nagiem vienu vai divus sl\u0101\u0146us. Pakratiet pirkstus, lai nagu laka \u0101tr\u0101k no\u017e\u016btu, un voila!<\/p>\n<p>L\u016bpu sp\u012bdums - \u013baujiet b\u0113rnam uzkl\u0101t l\u016bpu sp\u012bdumu tik bie\u017ei, cik vi\u0146am pat\u012bk!<\/p>\n<p>Nelietot b\u0113rniem l\u012bdz 3 gadu vecumam. Lietot tikai pieaugu\u0161o uzraudz\u012bb\u0101.<\/p>\n<p><strong>SAST\u0100VDA\u013bAS:<\/strong><\/p>\n<p>BELLA nagu laka : \u016bdens, n\u0101trija stir\u0113na\/akril\u0101tu kopolim\u0113rs, ppg-3 metileteris, fenoksietanols, peg-40 r\u012bcine\u013c\u013ca, disiloks\u0101ns, n\u0101trija bikarbon\u0101ts, hektor\u012bts, n\u0101trija dehidroacet\u0101ts, peg-12 dimetikons, propil\u0113nglikols, ppg-2 metileteris, peg-150\/decilspirts\/smdi kopolim\u0113rs, etilheksilglicer\u012bns, k\u0101lija sulf\u0101ts, n\u0101trija hidroks\u012bds, benton\u012bts, ppg-30 butil\u0113teris, aminometilpropanols, t-butilspirts, izooktanols, sil\u012bcija dioks\u012bda dimetilsilil\u0101ts, tokoferols, ci 77891 (tit\u0101na dioks\u012bds), ci 73360 (sarkanais 30 ezers).<\/p>\n<p>CHERRY Rollette : oktildodekanols, ole\u012bnsk\u0101bes\/linol\u0113nsk\u0101bes\/linol\u0113nsk\u0101bes poliglicer\u012bdi, prunus armeniaca (apriko\u017eu) kauli\u0146u e\u013c\u013ca, parfum (smar\u017eviela), dekstr\u012bna palmit\u0101ts, palmit\u012bnsk\u0101be, amonija gliciriz\u0101ts, tokoferilacet\u0101ts, benzotriazolildodecil-p-krezols, ci 15850 (sarkanais 7 ezers), alfa-izometiljonons, limon\u0113ns.<\/p>","protected":false},"excerpt":{"rendered":"<p>CHERRY Cherry Flavour Lip Gloss, 6,5 ml - bezkr\u0101sains, mitrino\u0161s l\u016bpu sp\u012bdums ar 97% dab\u012bg\u0101m sast\u0101vda\u013c\u0101m. Izgatavots no apriko\u017eu kauli\u0146u e\u013c\u013cas un bag\u0101tin\u0101ts ar E vitam\u012bnu, omega-6 un omega-9, \u0161is l\u016bpu sp\u012bdums intens\u012bvi mitrina un m\u012bkstina l\u016bpas. BELLA \u016bdens b\u0101zes nagu laka, 8 ml - \u016bdens b\u0101zes nagu laka, kas \u012bpa\u0161i izstr\u0101d\u0101ta b\u0113rniem. T\u0101 ir ra\u017eota Francij\u0101, nesatur ftal\u0101tus, formaldeh\u012bdus, toluolu un smar\u017evielas.  T\u0101 darbojas k\u0101 burvju: kad rokas nomazg\u0101jat ar ziep\u0113m un \u016bdeni, t\u0101 vienk\u0101r\u0161i paz\u016bd! LIETO\u0160ANA: Pirms lieto\u0161anas sakratiet pudel\u012bti. Uzkl\u0101jiet vienu vai divas k\u0101rtas uz nagiem. P\u0101rvietojiet pirkstus, lai nagu laka \u0101tr\u0101k no\u017e\u016btu, un voila! L\u016bpu sp\u012bdums - \u013baujiet b\u0113rnam uzkl\u0101t l\u016bpu sp\u012bdumu tik bie\u017ei, cik vi\u0146am pat\u012bk! Nav paredz\u0113ts b\u0113rniem l\u012bdz 3 gadu vecumam. Lietojiet tikai pieaugu\u0161o uzraudz\u012bb\u0101. SAST\u0100VDA\u013bAS: BELLA nagu laka : \u016adens (\u016bdens), n\u0101trija stir\u0113na\/akril\u0101tu kopolim\u0113rs, ppg-3 metileteris, fenoksietanols, peg-40 r\u012bcine\u013c\u013ca, disiloks\u0101ns, n\u0101trija bikarbon\u0101ts, hektor\u012bts, n\u0101trija dehidroacet\u0101ts, peg-12 dimetikons, propil\u0113nglikols, ppg-2 metileteris, peg-150\/decilspirts\/smdi kopolim\u0113rs, etilheksilglicer\u012bns, k\u0101lija sulf\u0101ts, n\u0101trija hidroks\u012bds, benton\u012bts, ppg-30 butil\u0113teris, aminometilpropanols, t-butilspirts, izooktanols, sil\u012bcija dioks\u012bda dimetilsilil\u0101ts, tokoferols, ci 77891 (tit\u0101na dioks\u012bds), ci 73360 (sarkanais 30 ezers). CHERRY Rollette : oktildodekanols, ole\u012bnsk\u0101bes\/linolsk\u0101bes\/linol\u0113npoliglicer\u012bdi, apriko\u017eu kauli\u0146u e\u013c\u013ca, parfum (smar\u017eviela), dekstr\u012bna palmit\u0101ts, palmit\u012bnsk\u0101be, amonija gliciriz\u0101ts, tokoferilacet\u0101ts, benzotriazolildodecil-p-krezols, ci 15850 (sarkanais 7 lakas kr\u0101sojums), alfa-izometiljonons, limon\u0113ns.<\/p>","protected":false},"featured_media":21462,"comment_status":"open","ping_status":"closed","template":"","meta":[],"product_brand":[220],"product_cat":[110],"product_tag":[],"class_list":{"0":"post-21461","1":"product","2":"type-product","3":"status-publish","4":"has-post-thumbnail","6":"product_brand-nailmatic","7":"product_cat-vaikams","9":"first","10":"instock","11":"sale","12":"taxable","13":"shipping-taxable","14":"purchasable","15":"product-type-simple"},"_links":{"self":[{"href":"https:\/\/lemila.lt\/lv\/wp-json\/wp\/v2\/product\/21461","targetHints":{"allow":["GET"]}}],"collection":[{"href":"https:\/\/lemila.lt\/lv\/wp-json\/wp\/v2\/product"}],"about":[{"href":"https:\/\/lemila.lt\/lv\/wp-json\/wp\/v2\/types\/product"}],"replies":[{"embeddable":true,"href":"https:\/\/lemila.lt\/lv\/wp-json\/wp\/v2\/comments?post=21461"}],"version-history":[{"count":3,"href":"https:\/\/lemila.lt\/lv\/wp-json\/wp\/v2\/product\/21461\/revisions"}],"predecessor-version":[{"id":21465,"href":"https:\/\/lemila.lt\/lv\/wp-json\/wp\/v2\/product\/21461\/revisions\/21465"}],"wp:featuredmedia":[{"embeddable":true,"href":"https:\/\/lemila.lt\/lv\/wp-json\/wp\/v2\/media\/21462"}],"wp:attachment":[{"href":"https:\/\/lemila.lt\/lv\/wp-json\/wp\/v2\/media?parent=21461"}],"wp:term":[{"taxonomy":"product_brand","embeddable":true,"href":"https:\/\/lemila.lt\/lv\/wp-json\/wp\/v2\/product_brand?post=21461"},{"taxonomy":"product_cat","embeddable":true,"href":"https:\/\/lemila.lt\/lv\/wp-json\/wp\/v2\/product_cat?post=21461"},{"taxonomy":"product_tag","embeddable":true,"href":"https:\/\/lemila.lt\/lv\/wp-json\/wp\/v2\/product_tag?post=21461"}],"curies":[{"name":"wp","href":"https:\/\/api.w.org\/{rel}","templated":true}]}}