{"id":21458,"date":"2024-01-22T10:06:41","date_gmt":"2024-01-22T10:06:41","guid":{"rendered":"https:\/\/lemila.lt\/?post_type=product&#038;p=21458"},"modified":"2025-04-06T20:53:02","modified_gmt":"2025-04-06T17:53:02","slug":"nailmatic-kids-cherry-rollette-lip-gloss-vysniu-skonio-lupu-blizgesys-6-5ml","status":"publish","type":"product","link":"https:\/\/lemila.lt\/lv\/product\/nailmatic-kids-cherry-rollette-lip-gloss-vysniu-skonio-lupu-blizgesys-6-5ml\/","title":{"rendered":"Nailmatic KIDS CHERRY Rollette l\u016bpu sp\u012bdums \u0136ir\u0161u arom\u0101ta l\u016bpu sp\u012bdums, 6,5ml"},"content":{"rendered":"<p>Izgatavots no apriko\u017eu kauli\u0146u e\u013c\u013cas un bag\u0101tin\u0101ts ar E vitam\u012bnu, omega-6 un omega-9, \u0161is l\u016bpu sp\u012bdums intens\u012bvi mitrina un m\u012bkstina l\u016bpas.<\/p>\n<p><strong>IZMANTO\u0160ANA:<\/strong><\/p>\n<p>\u013baujiet b\u0113rnam t\u012br\u012bt l\u016bpas tik bie\u017ei, cik vi\u0146am pat\u012bk!<\/p>\n<p><strong>SAST\u0100VDA\u013bAS:<\/strong><\/p>\n<p>OKTILDODEKANOLS, OLE\u012aNSK\u0100BES\/LINOL\u0112NSK\u0100BES\/LINOL\u0112NSK\u0100BES POLIGLICER\u012aDI, PRUNUS ARMENIACA (APRIKO\u017dU) KAULI\u0145U E\u013b\u013bA, PARFUM (SMAR\u017dVIELA), DEKSTR\u012aNA PALMIT\u0100TS, PALMIT\u012aNSK\u0100BE, AMONIJA GLICIRIZ\u0100TS, TOKOFERILACET\u0100TS, BENZOTRIAZOLILDODECIL-P-KREZOLS, CI 15850 (SARKAN\u0100 7 LAKA), ALFA-IZOMETILJONONS, LIMON\u0112NS.<\/p>","protected":false},"excerpt":{"rendered":"<p>Bezkr\u0101sains, mitrino\u0161s l\u016bpu sp\u012bdums ar 97% dab\u012bg\u0101m sast\u0101vda\u013c\u0101m.<\/p>","protected":false},"featured_media":21459,"comment_status":"open","ping_status":"closed","template":"","meta":[],"product_brand":[220],"product_cat":[110],"product_tag":[],"class_list":{"0":"post-21458","1":"product","2":"type-product","3":"status-publish","4":"has-post-thumbnail","6":"product_brand-nailmatic","7":"product_cat-vaikams","9":"first","10":"instock","11":"sale","12":"taxable","13":"shipping-taxable","14":"purchasable","15":"product-type-simple"},"_links":{"self":[{"href":"https:\/\/lemila.lt\/lv\/wp-json\/wp\/v2\/product\/21458","targetHints":{"allow":["GET"]}}],"collection":[{"href":"https:\/\/lemila.lt\/lv\/wp-json\/wp\/v2\/product"}],"about":[{"href":"https:\/\/lemila.lt\/lv\/wp-json\/wp\/v2\/types\/product"}],"replies":[{"embeddable":true,"href":"https:\/\/lemila.lt\/lv\/wp-json\/wp\/v2\/comments?post=21458"}],"version-history":[{"count":1,"href":"https:\/\/lemila.lt\/lv\/wp-json\/wp\/v2\/product\/21458\/revisions"}],"predecessor-version":[{"id":21460,"href":"https:\/\/lemila.lt\/lv\/wp-json\/wp\/v2\/product\/21458\/revisions\/21460"}],"wp:featuredmedia":[{"embeddable":true,"href":"https:\/\/lemila.lt\/lv\/wp-json\/wp\/v2\/media\/21459"}],"wp:attachment":[{"href":"https:\/\/lemila.lt\/lv\/wp-json\/wp\/v2\/media?parent=21458"}],"wp:term":[{"taxonomy":"product_brand","embeddable":true,"href":"https:\/\/lemila.lt\/lv\/wp-json\/wp\/v2\/product_brand?post=21458"},{"taxonomy":"product_cat","embeddable":true,"href":"https:\/\/lemila.lt\/lv\/wp-json\/wp\/v2\/product_cat?post=21458"},{"taxonomy":"product_tag","embeddable":true,"href":"https:\/\/lemila.lt\/lv\/wp-json\/wp\/v2\/product_tag?post=21458"}],"curies":[{"name":"wp","href":"https:\/\/api.w.org\/{rel}","templated":true}]}}