{"id":21455,"date":"2024-01-22T10:08:50","date_gmt":"2024-01-22T10:08:50","guid":{"rendered":"https:\/\/lemila.lt\/?post_type=product&#038;p=21455"},"modified":"2025-12-30T16:03:25","modified_gmt":"2025-12-30T14:03:25","slug":"nailmatic-kids-bunny-soap-maker-muilo-gaminimo-rinkinys-vaikams-1vnt","status":"publish","type":"product","link":"https:\/\/lemila.lt\/lv\/product\/nailmatic-kids-bunny-soap-maker-muilo-gaminimo-rinkinys-vaikams-1vnt\/","title":{"rendered":"Nailmatic KIDS BUNNY ziepju veidot\u0101js Ziepju pagatavo\u0161anas komplekts b\u0113rniem, 1 gab."},"content":{"rendered":"<p>Satur kaol\u012bnu - balto m\u0101lu, kas pal\u012bdz nomierin\u0101t iekaisu\u0161u \u0101du. Sast\u0101vs ir bag\u0101tin\u0101ts ar\u012b ar kokosriekstu e\u013c\u013cu, kas intens\u012bvi baro un m\u012bkstina \u0101du.<\/p>\n<p>Izgatavots no 87% dabiskas izcelsmes sast\u0101vda\u013c\u0101m.<\/p>\n<p>Piem\u0113rots b\u0113rniem no 7 gadu vecuma.<\/p>\n<p>Komplekt\u0101 ietilpst:<\/p>\n<ul>\n<li>Vani\u013cas arom\u0101ta ziepes;<\/li>\n<li>Kartona izgriezuma formas;<\/li>\n<li>1 dabisk\u0101 lateksa veidne.<\/li>\n<\/ul>\n<p><strong>IZMANTO\u0160ANA:<\/strong><\/p>\n<p>Izkaus\u0113jiet ziepes, ielejiet t\u0101s veidn\u0113 un iz\u0146emiet!<\/p>\n<p><strong>SAST\u0100VDA\u013bAS:<\/strong><\/p>\n<p>VANILLE - SAST\u0100VDA\u013bAS : GLICER\u012aNS, N\u0100TRIJA STEAR\u0100TS, AQUA (\u016aDENS), SORB\u012aTS, N\u0100TRIJA LAUR\u0100TS, PROPIL\u0112NGLIKOLS, N\u0100TRIJA OLE\u0100TS, BEHENILSPIRTS, N\u0100TRIJA MIRIST\u0100TS, N\u0100TRIJA HLOR\u012aDS, KAOL\u012aNS, PARFUM (SMAR\u017dVIELA), KOKOSRIEKSTU E\u013b\u013bA, GLICERILLAUR\u0100TS, KOKAMIDOPROPILBETA\u012aNS, N\u0100TRIJA CITR\u0100TS, CITRONSK\u0100BE, TETRAN\u0100TRIJA IMINODISUKCIN\u0100TS, TETRAN\u0100TRIJA ETIDRON\u0100TS, CI 10316 (EXT. DZELTENAIS 7).<\/p>","protected":false},"excerpt":{"rendered":"<p>Ar \u0161o komplektu j\u016bs varat pagatavot vienu super gudru ka\u0137a formas ziepju roku un \u0137erme\u0146a kop\u0161anai!<\/p>","protected":false},"featured_media":21456,"comment_status":"open","ping_status":"closed","template":"","meta":[],"product_brand":[220],"product_cat":[110],"product_tag":[],"class_list":{"0":"post-21455","1":"product","2":"type-product","3":"status-publish","4":"has-post-thumbnail","6":"product_brand-nailmatic","7":"product_cat-vaikams","9":"first","10":"instock","11":"sale","12":"taxable","13":"shipping-taxable","14":"purchasable","15":"product-type-simple"},"_links":{"self":[{"href":"https:\/\/lemila.lt\/lv\/wp-json\/wp\/v2\/product\/21455","targetHints":{"allow":["GET"]}}],"collection":[{"href":"https:\/\/lemila.lt\/lv\/wp-json\/wp\/v2\/product"}],"about":[{"href":"https:\/\/lemila.lt\/lv\/wp-json\/wp\/v2\/types\/product"}],"replies":[{"embeddable":true,"href":"https:\/\/lemila.lt\/lv\/wp-json\/wp\/v2\/comments?post=21455"}],"version-history":[{"count":1,"href":"https:\/\/lemila.lt\/lv\/wp-json\/wp\/v2\/product\/21455\/revisions"}],"predecessor-version":[{"id":21457,"href":"https:\/\/lemila.lt\/lv\/wp-json\/wp\/v2\/product\/21455\/revisions\/21457"}],"wp:featuredmedia":[{"embeddable":true,"href":"https:\/\/lemila.lt\/lv\/wp-json\/wp\/v2\/media\/21456"}],"wp:attachment":[{"href":"https:\/\/lemila.lt\/lv\/wp-json\/wp\/v2\/media?parent=21455"}],"wp:term":[{"taxonomy":"product_brand","embeddable":true,"href":"https:\/\/lemila.lt\/lv\/wp-json\/wp\/v2\/product_brand?post=21455"},{"taxonomy":"product_cat","embeddable":true,"href":"https:\/\/lemila.lt\/lv\/wp-json\/wp\/v2\/product_cat?post=21455"},{"taxonomy":"product_tag","embeddable":true,"href":"https:\/\/lemila.lt\/lv\/wp-json\/wp\/v2\/product_tag?post=21455"}],"curies":[{"name":"wp","href":"https:\/\/api.w.org\/{rel}","templated":true}]}}