{"id":21452,"date":"2024-01-22T10:09:01","date_gmt":"2024-01-22T10:09:01","guid":{"rendered":"https:\/\/lemila.lt\/?post_type=product&#038;p=21452"},"modified":"2025-04-06T20:52:21","modified_gmt":"2025-04-06T17:52:21","slug":"nailmatic-kids-blue-salts-foaming-coloured-bath-salts-putojanti-melyna-vonios-druska-250g","status":"publish","type":"product","link":"https:\/\/lemila.lt\/lv\/product\/nailmatic-kids-blue-salts-foaming-coloured-bath-salts-putojanti-melyna-vonios-druska-250g\/","title":{"rendered":"Nailmatic KIDS BLUE SALTS Putojo\u0161as un kr\u0101sainas vannas s\u0101ls Putojo\u0161a zila vannas s\u0101ls, 250g"},"content":{"rendered":"<p>\u0160is br\u012bnumainais \u0161\u0137\u012bdums ir bag\u0101tin\u0101ts ar E vitam\u012bnu, saldo mande\u013cu e\u013c\u013cu un kumel\u012b\u0161u ziedu ekstraktu, kam piem\u012bt mitrino\u0161as un relaks\u0113jo\u0161as \u012bpa\u0161\u012bbas. Apkaisiet s\u0101li zem \u016bdens str\u016bklas un v\u0113rojiet, k\u0101 s\u0101kas burv\u012bba! Ja v\u0113laties ieg\u016bt v\u0113l vair\u0101k putu, vienk\u0101r\u0161i samaisiet \u016bdeni ar roku.<\/p>\n<p>Nesatur konservantus. Dermatolo\u0123iski test\u0113ts.<\/p>\n<p>Piem\u0113rots b\u0113rniem no 3 gadu vecuma.<\/p>\n<p><strong>IZMANTO\u0160ANA:<\/strong><\/p>\n<p>Apkaisiet s\u0101li zem \u016bdens straumes un v\u0113rojiet, k\u0101 s\u0101kas burv\u012bba! Ja v\u0113laties ieg\u016bt v\u0113l vair\u0101k putu, vienk\u0101r\u0161i maisiet \u016bdeni ar rok\u0101m.<\/p>\n<p><strong>SAST\u0100VDA\u013bAS:<\/strong><\/p>\n<p>N\u0100TRIJA HLOR\u012aDS, N\u0100TRIJA SULF\u0100TS, N\u0100TRIJA BIKARBON\u0100TS, CITRONSK\u0100BE, SOLANUM TUBEROSUM CIETE, N\u0100TRIJA KOKO SULF\u0100TS, N\u0100TRIJA C14-16 OLEF\u012aNU SULFON\u0100TS, PARFUM (SMAR\u017dVIELA), HELIANTHUS ANNUUS (SAULESPU\u0136U) S\u0112KLU E\u013b\u013bA, GLICER\u012aNS, AQUA (\u016aDENS), PRUNUS AMYGDALUS DULCIS (SALDO MANDE\u013bU) E\u013b\u013bA, MALTODEKSTR\u012aNS, OLUS (AUGU) E\u013b\u013bA, CHAMOMILLA RECUTITA ZIEDU EKSTRAKTS, TOKOFEROLS, CI 42090 (ZILAIS 1).<\/p>","protected":false},"excerpt":{"rendered":"<p>\u201cNailmatic KIDS vannas s\u0101ls b\u0113rniem p\u0101rv\u0113r\u0161 parastu peldi par mirdzo\u0161u un kr\u0101sainu rota\u013cu laukumu.<\/p>","protected":false},"featured_media":21453,"comment_status":"open","ping_status":"closed","template":"","meta":[],"product_brand":[220],"product_cat":[110],"product_tag":[],"class_list":{"0":"post-21452","1":"product","2":"type-product","3":"status-publish","4":"has-post-thumbnail","6":"product_brand-nailmatic","7":"product_cat-vaikams","9":"first","10":"instock","11":"sale","12":"taxable","13":"shipping-taxable","14":"purchasable","15":"product-type-simple"},"_links":{"self":[{"href":"https:\/\/lemila.lt\/lv\/wp-json\/wp\/v2\/product\/21452","targetHints":{"allow":["GET"]}}],"collection":[{"href":"https:\/\/lemila.lt\/lv\/wp-json\/wp\/v2\/product"}],"about":[{"href":"https:\/\/lemila.lt\/lv\/wp-json\/wp\/v2\/types\/product"}],"replies":[{"embeddable":true,"href":"https:\/\/lemila.lt\/lv\/wp-json\/wp\/v2\/comments?post=21452"}],"version-history":[{"count":1,"href":"https:\/\/lemila.lt\/lv\/wp-json\/wp\/v2\/product\/21452\/revisions"}],"predecessor-version":[{"id":21454,"href":"https:\/\/lemila.lt\/lv\/wp-json\/wp\/v2\/product\/21452\/revisions\/21454"}],"wp:featuredmedia":[{"embeddable":true,"href":"https:\/\/lemila.lt\/lv\/wp-json\/wp\/v2\/media\/21453"}],"wp:attachment":[{"href":"https:\/\/lemila.lt\/lv\/wp-json\/wp\/v2\/media?parent=21452"}],"wp:term":[{"taxonomy":"product_brand","embeddable":true,"href":"https:\/\/lemila.lt\/lv\/wp-json\/wp\/v2\/product_brand?post=21452"},{"taxonomy":"product_cat","embeddable":true,"href":"https:\/\/lemila.lt\/lv\/wp-json\/wp\/v2\/product_cat?post=21452"},{"taxonomy":"product_tag","embeddable":true,"href":"https:\/\/lemila.lt\/lv\/wp-json\/wp\/v2\/product_tag?post=21452"}],"curies":[{"name":"wp","href":"https:\/\/api.w.org\/{rel}","templated":true}]}}