{"id":22654,"date":"2024-01-27T17:32:49","date_gmt":"2024-01-27T15:32:49","guid":{"rendered":"https:\/\/lemila.lt\/?page_id=22654"},"modified":"2024-01-27T17:39:06","modified_gmt":"2024-01-27T15:39:06","slug":"apie-mus","status":"publish","type":"page","link":"https:\/\/lemila.lt\/lv\/apie-mus\/","title":{"rendered":"Par mums"},"content":{"rendered":"<div data-elementor-type=\"wp-page\" data-elementor-id=\"22654\" class=\"elementor elementor-22654\">\n\t\t\t\t\t\t<section class=\"elementor-section elementor-top-section elementor-element elementor-element-43b43abc elementor-section-boxed elementor-section-gap-beside-yes elementor-section-height-default elementor-section-height-default elementor-section-content-align-center elementor-section-column-vertical-align-stretch\" data-id=\"43b43abc\" data-element_type=\"section\" data-e-type=\"section\">\n\t\t\t\t\t\t<div class=\"elementor-container elementor-column-gap-extended\">\n\t\t\t\t\t<div class=\"elementor-column elementor-col-100 elementor-top-column elementor-element elementor-element-d894d2e\" data-id=\"d894d2e\" data-element_type=\"column\" data-e-type=\"column\">\n\t\t\t<div class=\"elementor-widget-wrap elementor-element-populated\">\n\t\t\t\t\t\t<div class=\"elementor-element elementor-element-7fe83acc elementor-widget elementor-widget-tm-heading\" data-id=\"7fe83acc\" data-element_type=\"widget\" data-e-type=\"widget\" data-widget_type=\"tm-heading.default\">\n\t\t\t\t<div class=\"elementor-widget-container\">\n\t\t\t\t\t\t\t<div class=\"tm-modern-heading tm-modern-heading--style-02 tm-modern-heading--highlight-style-01\">\n\t\t\t\n\t\t\t\t\t<div class=\"heading-primary-wrap\">\n\t\t\t<h2 class=\"heading-primary elementor-heading-title\">Skaistumkop\u0161anas ce\u013cojuma s\u0101kums<\/h2>\t\t<\/div>\n\t\t\n\t\t\t\n\t\t\t\t\t<\/div>\n\t\t\t\t\t\t<\/div>\n\t\t\t\t<\/div>\n\t\t\t\t<div class=\"elementor-element elementor-element-3e1767bb elementor-widget elementor-widget-tm-heading\" data-id=\"3e1767bb\" data-element_type=\"widget\" data-e-type=\"widget\" data-widget_type=\"tm-heading.default\">\n\t\t\t\t<div class=\"elementor-widget-container\">\n\t\t\t\t\t\t\t<div class=\"tm-modern-heading tm-modern-heading--style-03 tm-modern-heading--highlight-style-01\">\n\t\t\t\n\t\t\t\t\t<div class=\"heading-primary-wrap\">\n\t\t\t<h3 class=\"heading-primary elementor-heading-title\">Laipni l\u016bgti Le Mila - t\u0101 ir vair\u0101k nek\u0101 e-veikals, t\u0101 ir vieta, kur skaistums satiekas ar kaisl\u012bbu un kvalit\u0101ti. M\u0113s esam \u0161eit, lai pal\u012bdz\u0113tu jums atkl\u0101t, izpaust un kopt savu unik\u0101lo skaistumu.<\/h3>\t\t<\/div>\n\t\t\n\t\t\t\n\t\t\t\t\t<\/div>\n\t\t\t\t\t\t<\/div>\n\t\t\t\t<\/div>\n\t\t\t\t\t<\/div>\n\t\t<\/div>\n\t\t\t\t\t<\/div>\n\t\t<\/section>\n\t\t\t\t<section class=\"elementor-section elementor-top-section elementor-element elementor-element-7c7ef066 elementor-section-boxed elementor-section-gap-beside-yes elementor-section-height-default elementor-section-height-default elementor-section-column-vertical-align-stretch\" data-id=\"7c7ef066\" data-element_type=\"section\" data-e-type=\"section\">\n\t\t\t\t\t\t<div class=\"elementor-container elementor-column-gap-extended\">\n\t\t\t\t\t<div class=\"elementor-column elementor-col-50 elementor-top-column elementor-element elementor-element-974ea24\" data-id=\"974ea24\" data-element_type=\"column\" data-e-type=\"column\">\n\t\t\t<div class=\"elementor-widget-wrap elementor-element-populated\">\n\t\t\t\t\t\t<div class=\"elementor-element elementor-element-7a0525fb minimog-animation-zoom-in elementor-widget elementor-widget-tm-modern-image\" data-id=\"7a0525fb\" data-element_type=\"widget\" data-e-type=\"widget\" data-widget_type=\"tm-modern-image.default\">\n\t\t\t\t<div class=\"elementor-widget-container\">\n\t\t\t\t\t\t\t<div class=\"tm-modern-image\">\n\t\t\t\t\t\t\t<div class=\"minimog-box\">\n\t\t\t\t\t<div class=\"minimog-image\">\t\t\t\t\t<m-image class=\"minimog-lazy-image\" style=\"--lazy-image-width: 1137px;--lazy-image-height: 57.16798592788%;\" data-image-loading><img loading=\"lazy\" decoding=\"async\"  src=\"https:\/\/lemila.lt\/wp-content\/uploads\/2024\/01\/photo-4.jpg\" width=\"1137\" height=\"650\" alt=\"klausimai apie kosmetika\" class=\"attachment-full size-full\" \/><\/m-image>\t\t\t\t\t<\/div>\t\t\t\t<\/div>\n\t\t\t\t\t\t\t\t\t\t<\/div>\n\t\t\t\t\t\t<\/div>\n\t\t\t\t<\/div>\n\t\t\t\t\t<\/div>\n\t\t<\/div>\n\t\t\t\t<div class=\"elementor-column elementor-col-50 elementor-top-column elementor-element elementor-element-2db9c52d\" data-id=\"2db9c52d\" data-element_type=\"column\" data-e-type=\"column\">\n\t\t\t<div class=\"elementor-widget-wrap elementor-element-populated\">\n\t\t\t\t\t\t<div class=\"elementor-element elementor-element-494bf35e elementor-widget elementor-widget-tm-heading\" data-id=\"494bf35e\" data-element_type=\"widget\" data-e-type=\"widget\" data-widget_type=\"tm-heading.default\">\n\t\t\t\t<div class=\"elementor-widget-container\">\n\t\t\t\t\t\t\t<div class=\"tm-modern-heading tm-modern-heading--style-01 tm-modern-heading--highlight-style-01\">\n\t\t\t\n\t\t\t\t\t<div class=\"heading-primary-wrap\">\n\t\t\t<h2 class=\"heading-primary elementor-heading-title\">M\u016bsu ce\u013cojuma s\u0101kums<\/h2>\t\t<\/div>\n\t\t\n\t\t\t\n\t\t\t\t\t<\/div>\n\t\t\t\t\t\t<\/div>\n\t\t\t\t<\/div>\n\t\t\t\t<div class=\"elementor-element elementor-element-b6b31fc elementor-widget elementor-widget-text-editor\" data-id=\"b6b31fc\" data-element_type=\"widget\" data-e-type=\"widget\" data-widget_type=\"text-editor.default\">\n\t\t\t\t<div class=\"elementor-widget-container\">\n\t\t\t\t\t\t\t\t\t<p>Le Mila rad\u0101s no v\u0113lmes nodro\u0161in\u0101t ikvienai sievietei piek\u013cuvi augst\u0101k\u0101s kvalit\u0101tes skaistumkop\u0161anas l\u012bdzek\u013ciem. M\u016bsu dibin\u0101t\u0101ju aizrau\u0161an\u0101s ar skaistumu un kvalit\u0101ti ir p\u0101rtapusi \u0161aj\u0101 p\u0101rsteidzo\u0161aj\u0101 platform\u0101, kur\u0101 m\u0113s pied\u0101v\u0101jam tikai lab\u0101kos, atlas\u012btos z\u012bmolus, piem\u0113ram, Jane Iredale, Hadat, La Sultane un daudzus citus.<\/p>\t\t\t\t\t\t\t\t<\/div>\n\t\t\t\t<\/div>\n\t\t\t\t\t<\/div>\n\t\t<\/div>\n\t\t\t\t\t<\/div>\n\t\t<\/section>\n\t\t\t\t<section class=\"elementor-section elementor-top-section elementor-element elementor-element-5024c280 elementor-section-boxed elementor-section-gap-beside-yes elementor-section-height-default elementor-section-height-default elementor-section-content-align-center elementor-section-column-vertical-align-stretch\" data-id=\"5024c280\" data-element_type=\"section\" data-e-type=\"section\">\n\t\t\t\t\t\t<div class=\"elementor-container elementor-column-gap-extended\">\n\t\t\t\t\t<div class=\"elementor-column elementor-col-100 elementor-top-column elementor-element elementor-element-6b921dd\" data-id=\"6b921dd\" data-element_type=\"column\" data-e-type=\"column\">\n\t\t\t<div class=\"elementor-widget-wrap elementor-element-populated\">\n\t\t\t\t\t\t<div class=\"elementor-element elementor-element-64dcb0f2 elementor-widget elementor-widget-tm-heading\" data-id=\"64dcb0f2\" data-element_type=\"widget\" data-e-type=\"widget\" data-widget_type=\"tm-heading.default\">\n\t\t\t\t<div class=\"elementor-widget-container\">\n\t\t\t\t\t\t\t<div class=\"tm-modern-heading tm-modern-heading--style-02 tm-modern-heading--highlight-style-01\">\n\t\t\t\n\t\t\t\t\t<div class=\"heading-primary-wrap\">\n\t\t\t<h2 class=\"heading-primary elementor-heading-title\">Ko m\u0113s pied\u0101v\u0101jam?<\/h2>\t\t<\/div>\n\t\t\n\t\t\t\n\t\t\t\t\t<\/div>\n\t\t\t\t\t\t<\/div>\n\t\t\t\t<\/div>\n\t\t\t\t<div class=\"elementor-element elementor-element-298fad25 elementor-widget elementor-widget-tm-heading\" data-id=\"298fad25\" data-element_type=\"widget\" data-e-type=\"widget\" data-widget_type=\"tm-heading.default\">\n\t\t\t\t<div class=\"elementor-widget-container\">\n\t\t\t\t\t\t\t<div class=\"tm-modern-heading tm-modern-heading--style-03 tm-modern-heading--highlight-style-01\">\n\t\t\t\n\t\t\t\n\t\t\t\n\t\t\t\t\t<div class=\"heading-description-wrap\">\n\t\t\t<div class=\"heading-description\">\n\t\t\t\t<p>Le Mila ir ne tikai produkti, bet ar\u012b pieredze. M\u016bsu r\u016bp\u012bgi atlas\u012btaj\u0101 sortiment\u0101 ir viss - no dab\u012bg\u0101s un organisk\u0101s kosm\u0113tikas l\u012bdz augstas klases \u0101das kop\u0161anas un kosm\u0113tikas l\u012bdzek\u013ciem. Katrs produkts m\u016bsu vietn\u0113 ir r\u016bp\u012bgi p\u0101rbaud\u012bts un apstiprin\u0101ts, nodro\u0161inot, ka m\u016bsu klienti sa\u0146em tikai lab\u0101ko.<\/p>\t\t\t<\/div>\n\t\t<\/div>\n\t\t\t\t<\/div>\n\t\t\t\t\t\t<\/div>\n\t\t\t\t<\/div>\n\t\t\t\t\t<\/div>\n\t\t<\/div>\n\t\t\t\t\t<\/div>\n\t\t<\/section>\n\t\t\t\t<section class=\"elementor-section elementor-top-section elementor-element elementor-element-78a9a75 elementor-section-boxed elementor-section-gap-beside-yes elementor-section-height-default elementor-section-height-default elementor-section-content-align-center elementor-section-column-vertical-align-stretch\" data-id=\"78a9a75\" data-element_type=\"section\" data-e-type=\"section\">\n\t\t\t\t\t\t<div class=\"elementor-container elementor-column-gap-extended\">\n\t\t\t\t\t<div class=\"elementor-column elementor-col-100 elementor-top-column elementor-element elementor-element-224e1d4\" data-id=\"224e1d4\" data-element_type=\"column\" data-e-type=\"column\">\n\t\t\t<div class=\"elementor-widget-wrap elementor-element-populated\">\n\t\t\t\t\t\t<div class=\"elementor-element elementor-element-c142bc0 elementor-widget elementor-widget-tm-heading\" data-id=\"c142bc0\" data-element_type=\"widget\" data-e-type=\"widget\" data-widget_type=\"tm-heading.default\">\n\t\t\t\t<div class=\"elementor-widget-container\">\n\t\t\t\t\t\t\t<div class=\"tm-modern-heading tm-modern-heading--style-02 tm-modern-heading--highlight-style-01\">\n\t\t\t\n\t\t\t\t\t<div class=\"heading-primary-wrap\">\n\t\t\t<h2 class=\"heading-primary elementor-heading-title\">K\u0101p\u0113c Le Mila?<\/h2>\t\t<\/div>\n\t\t\n\t\t\t\n\t\t\t\t\t<\/div>\n\t\t\t\t\t\t<\/div>\n\t\t\t\t<\/div>\n\t\t\t\t<div class=\"elementor-element elementor-element-9691774 elementor-widget elementor-widget-tm-heading\" data-id=\"9691774\" data-element_type=\"widget\" data-e-type=\"widget\" data-widget_type=\"tm-heading.default\">\n\t\t\t\t<div class=\"elementor-widget-container\">\n\t\t\t\t\t\t\t<div class=\"tm-modern-heading tm-modern-heading--style-03 tm-modern-heading--highlight-style-01\">\n\t\t\t\n\t\t\t\n\t\t\t\n\t\t\t\t\t<div class=\"heading-description-wrap\">\n\t\t\t<div class=\"heading-description\">\n\t\t\t\t<ul><li><strong>Augstas kvalit\u0101tes z\u012bmoli:<\/strong> M\u0113s p\u0101rst\u0101vam tikai tos z\u012bmolus, kurus m\u012blam un kuriem uzticamies.<\/li><li><strong>Eksperta padoms:<\/strong> M\u016bsu komanda ne tikai p\u0101rdod produktus, bet ar\u012b sniedz profesion\u0101las konsult\u0101cijas, lai pal\u012bdz\u0113tu jums atrast piem\u0113rot\u0101ko produktu.<\/li><li><strong>Izcila klientu pieredze:<\/strong> M\u016bsu m\u0113r\u0137is ir padar\u012bt katru iepirk\u0161an\u0101s braucienu \u012bpa\u0161u un bag\u0101tin\u0101t j\u016bsu skaistumkop\u0161anas rut\u012bnu.<\/li><\/ul><p>M\u0113s esam ap\u0146\u0113mu\u0161ies ne tikai pied\u0101v\u0101t lieliskus produktus, bet ar\u012b veicin\u0101t ilgtsp\u0113j\u012bbu un apzin\u0101tu pat\u0113ri\u0146u. Le Mila nav tikai vieta, kur ieg\u0101d\u0101ties skaistumkop\u0161anas produktus, t\u0101 ir kopiena, kur\u0101 m\u0113s dal\u0101mies zin\u0101\u0161an\u0101s, pieredz\u0113 un skaistumkop\u0161anas nosl\u0113pumos.<\/p>\t\t\t<\/div>\n\t\t<\/div>\n\t\t\t\t<\/div>\n\t\t\t\t\t\t<\/div>\n\t\t\t\t<\/div>\n\t\t\t\t\t<\/div>\n\t\t<\/div>\n\t\t\t\t\t<\/div>\n\t\t<\/section>\n\t\t\t\t<\/div>","protected":false},"excerpt":{"rendered":"<p>Skaistumkop\u0161anas ce\u013cojuma s\u0101kums Laipni l\u016bgti Le Mila - tas ir vair\u0101k nek\u0101 e-veikals, t\u0101 ir vieta, kur skaistums satiekas ar kaisl\u012bbu un kvalit\u0101ti. M\u0113s esam \u0161eit, lai pal\u012bdz\u0113tu jums atkl\u0101t, izpaust un kopt savu unik\u0101lo skaistumu. M\u016bsu Le Mila ce\u013cojuma s\u0101kums rad\u0101s no v\u0113lmes nodro\u0161in\u0101t ikvienai sievietei piek\u013cuvi augst\u0101k\u0101s kvalit\u0101tes skaistumkop\u0161anas l\u012bdzek\u013ciem. M\u016bsu dibin\u0101t\u0101ju aizrau\u0161an\u0101s ar skaistumu un kvalit\u0101ti ir p\u0101rtapusi \u0161aj\u0101 apbr\u012bnojamaj\u0101 platform\u0101, kur\u0101 m\u0113s pied\u0101v\u0101jam tikai lab\u0101kos, atlas\u012btos z\u012bmolus, piem\u0113ram, Jane Iredale, Hadat, La Sultane un daudzus citus. Ko m\u0113s pied\u0101v\u0101jam? Le Mila nav tikai produkti, t\u0101 ir pieredze. M\u016bsu r\u016bp\u012bgi atlas\u012btaj\u0101 sortiment\u0101 ir viss - no dab\u012bg\u0101s un organisk\u0101s kosm\u0113tikas l\u012bdz augstas klases \u0101das kop\u0161anas un kosm\u0113tikas l\u012bdzek\u013ciem. Katrs produkts m\u016bsu vietn\u0113 ir r\u016bp\u012bgi p\u0101rbaud\u012bts un apstiprin\u0101ts, nodro\u0161inot, ka m\u016bsu klienti sa\u0146em tikai lab\u0101ko. K\u0101p\u0113c Le Mila? Augstas kvalit\u0101tes z\u012bmoli: m\u0113s p\u0101rst\u0101vam tikai tos z\u012bmolus, kurus pa\u0161i m\u012blam un kuriem uzticamies. Ekspertu konsult\u0101cijas: m\u016bsu komanda ne tikai p\u0101rdod produktus, bet ar\u012b sniedz profesion\u0101las konsult\u0101cijas, lai pal\u012bdz\u0113tu jums atrast pareizo produktu. Izcila klientu pieredze: m\u0113s cen\u0161amies padar\u012bt katru iepirk\u0161an\u0101s pieredzi \u012bpa\u0161u un bag\u0101tin\u0101t j\u016bsu skaistumkop\u0161anas rut\u012bnu. M\u0113s esam ap\u0146\u0113mu\u0161ies ne tikai pied\u0101v\u0101t lieliskus produktus, bet ar\u012b veicin\u0101t ilgtsp\u0113j\u012bbu un apzin\u0101tu pat\u0113ri\u0146u. Le Mila nav tikai vieta, kur ieg\u0101d\u0101ties skaistumkop\u0161anas produktus, t\u0101 ir kopiena, kur\u0101 m\u0113s dal\u0101mies zin\u0101\u0161an\u0101s, pieredz\u0113 un skaistumkop\u0161anas nosl\u0113pumos.<\/p>","protected":false},"author":1,"featured_media":0,"parent":0,"menu_order":0,"comment_status":"closed","ping_status":"closed","template":"","meta":{"footnotes":""},"class_list":["post-22654","page","type-page","status-publish","hentry","post-no-thumbnail"],"_links":{"self":[{"href":"https:\/\/lemila.lt\/lv\/wp-json\/wp\/v2\/pages\/22654","targetHints":{"allow":["GET"]}}],"collection":[{"href":"https:\/\/lemila.lt\/lv\/wp-json\/wp\/v2\/pages"}],"about":[{"href":"https:\/\/lemila.lt\/lv\/wp-json\/wp\/v2\/types\/page"}],"author":[{"embeddable":true,"href":"https:\/\/lemila.lt\/lv\/wp-json\/wp\/v2\/users\/1"}],"replies":[{"embeddable":true,"href":"https:\/\/lemila.lt\/lv\/wp-json\/wp\/v2\/comments?post=22654"}],"version-history":[{"count":4,"href":"https:\/\/lemila.lt\/lv\/wp-json\/wp\/v2\/pages\/22654\/revisions"}],"predecessor-version":[{"id":22666,"href":"https:\/\/lemila.lt\/lv\/wp-json\/wp\/v2\/pages\/22654\/revisions\/22666"}],"wp:attachment":[{"href":"https:\/\/lemila.lt\/lv\/wp-json\/wp\/v2\/media?parent=22654"}],"curies":[{"name":"wp","href":"https:\/\/api.w.org\/{rel}","templated":true}]}}