{"id":22646,"date":"2024-01-27T16:55:00","date_gmt":"2024-01-27T14:55:00","guid":{"rendered":"https:\/\/lemila.lt\/?page_id=22646"},"modified":"2024-01-27T16:55:27","modified_gmt":"2024-01-27T14:55:27","slug":"pristatymo-salygos","status":"publish","type":"page","link":"https:\/\/lemila.lt\/lv\/pristatymo-salygos\/","title":{"rendered":"Pieg\u0101des nosac\u012bjumi"},"content":{"rendered":"<p><\/p>\n\n\n\n<p><strong>Pieg\u0101des noteikumi un nosac\u012bjumi:<\/strong><\/p>\n\n\n\n<ul class=\"wp-block-list\">\n<li><strong>Pieg\u0101des laiks:<\/strong> Preces tiks pieg\u0101d\u0101tas 3-5 darba dienu laik\u0101 no maks\u0101juma veik\u0161anas br\u012b\u017ea. Ir svar\u012bgi \u0146emt v\u0113r\u0101, ka \u0161ie termi\u0146i ir provizoriski un var main\u012bties no mums neatkar\u012bgu apst\u0101k\u013cu d\u0113\u013c.<\/li>\n\n\n\n<li><strong>Minim\u0101l\u0101 pas\u016bt\u012bjuma summa:<\/strong> Minim\u0101l\u0101 pas\u016bt\u012bjuma v\u0113rt\u012bba ir 10 EUR. Tas noz\u012bm\u0113, ka maz\u0101kas v\u0113rt\u012bbas pas\u016bt\u012bjumi netiks apstr\u0101d\u0101ti.<\/li>\n<\/ul>\n\n\n\n<p><strong>Pieg\u0101des izmaksas:<\/strong><\/p>\n\n\n\n<ul class=\"wp-block-list\">\n<li><strong>Bezmaksas pieg\u0101de:<\/strong> Pas\u016bt\u012bjumi virs 700 \u20ac tiks pieg\u0101d\u0101ti bez maksas.<\/li>\n\n\n\n<li><strong>Standarta pieg\u0101de:<\/strong>\n<ul class=\"wp-block-list\">\n<li>Pa pastu - 3,50 EUR<\/li>\n\n\n\n<li>Ar kurjeru - 4,00 EUR<\/li>\n<\/ul>\n<\/li>\n\n\n\n<li><strong>Papildus maksa par pieg\u0101di uz Kur\u0161u k\u0101pu:<\/strong> Pieg\u0101de uz \u0161o re\u0123ionu maks\u0101s 29 \u20ac. <\/li>\n<\/ul>\n\n\n\n<p><strong>Pieg\u0101des adrese:<\/strong><\/p>\n\n\n\n<ul class=\"wp-block-list\">\n<li><strong>Izv\u0113les br\u012bv\u012bba:<\/strong> Varat izv\u0113l\u0113ties pieg\u0101di m\u0101j\u0101s vai darb\u0101.<\/li>\n\n\n\n<li><strong>Inform\u0101cija par darba vietu:<\/strong> Ja v\u0113laties sa\u0146emt preces sav\u0101 darbaviet\u0101, papildu inform\u0101cijas lauk\u0101 ir j\u0101nor\u0101da darba laiks, lai nodro\u0161in\u0101tu netrauc\u0113tu pieg\u0101di.<\/li>\n<\/ul>\n\n\n\n<p><strong>Maks\u0101jumi un nodok\u013ci:<\/strong><\/p>\n\n\n\n<ul class=\"wp-block-list\">\n<li><strong>Pieg\u0101des cena:<\/strong> Jebkuras pieg\u0101des izmaksas tiks autom\u0101tiski pieskait\u012btas j\u016bsu pas\u016bt\u012bjuma summai izrakst\u012b\u0161an\u0101s lap\u0101.<\/li>\n<\/ul>","protected":false},"excerpt":{"rendered":"<p>Pieg\u0101des noteikumi un nosac\u012bjumi: Pieg\u0101des maksa: Pieg\u0101des adrese: Maks\u0101jums un maksa:<\/p>","protected":false},"author":1,"featured_media":0,"parent":0,"menu_order":0,"comment_status":"closed","ping_status":"closed","template":"","meta":{"footnotes":""},"class_list":["post-22646","page","type-page","status-publish","hentry","post-no-thumbnail"],"_links":{"self":[{"href":"https:\/\/lemila.lt\/lv\/wp-json\/wp\/v2\/pages\/22646","targetHints":{"allow":["GET"]}}],"collection":[{"href":"https:\/\/lemila.lt\/lv\/wp-json\/wp\/v2\/pages"}],"about":[{"href":"https:\/\/lemila.lt\/lv\/wp-json\/wp\/v2\/types\/page"}],"author":[{"embeddable":true,"href":"https:\/\/lemila.lt\/lv\/wp-json\/wp\/v2\/users\/1"}],"replies":[{"embeddable":true,"href":"https:\/\/lemila.lt\/lv\/wp-json\/wp\/v2\/comments?post=22646"}],"version-history":[{"count":2,"href":"https:\/\/lemila.lt\/lv\/wp-json\/wp\/v2\/pages\/22646\/revisions"}],"predecessor-version":[{"id":22648,"href":"https:\/\/lemila.lt\/lv\/wp-json\/wp\/v2\/pages\/22646\/revisions\/22648"}],"wp:attachment":[{"href":"https:\/\/lemila.lt\/lv\/wp-json\/wp\/v2\/media?parent=22646"}],"curies":[{"name":"wp","href":"https:\/\/api.w.org\/{rel}","templated":true}]}}