{"id":22643,"date":"2024-01-27T16:50:08","date_gmt":"2024-01-27T14:50:08","guid":{"rendered":"https:\/\/lemila.lt\/?page_id=22643"},"modified":"2024-01-27T16:50:08","modified_gmt":"2024-01-27T14:50:08","slug":"prekiu-grazinimas","status":"publish","type":"page","link":"https:\/\/lemila.lt\/lv\/prekiu-grazinimas\/","title":{"rendered":"Pre\u010du atgrie\u0161ana"},"content":{"rendered":"<p>Kvalitat\u012bvas preces, kas ieg\u0101d\u0101tas tie\u0161saist\u0113, var atgriezt 14&nbsp;<strong>(\u010detrpadsmit) dienas<\/strong>&nbsp;no pieg\u0101des dienas pirc\u0113jam.<\/p>\n\n\n\n<p><strong>Atgrie\u017eot preces, j\u0101iev\u0113ro \u0161\u0101di nosac\u012bjumi:<\/strong><\/p>\n\n\n\n<ul class=\"wp-block-list\">\n<li>atgrieztajam produktam j\u0101b\u016bt ori\u0123in\u0101laj\u0101 iepakojum\u0101 un lab\u0101 st\u0101vokl\u012b;<\/li>\n\n\n\n<li>pirc\u0113jam preces nedr\u012bkst b\u016bt boj\u0101tas;<\/li>\n\n\n\n<li>produktam j\u0101b\u016bt nelietotam un lab\u0101 st\u0101vokl\u012b (eti\u0137et\u0113m un aizsargpl\u0113v\u0113m neskart\u0101m utt.);<\/li>\n\n\n\n<li>atgrieztaj\u0101m prec\u0113m j\u0101b\u016bt t\u0101da pa\u0161a sast\u0101va k\u0101 pirc\u0113ja sa\u0146emtaj\u0101m prec\u0113m, - par pirkumu sa\u0146emt\u0101s d\u0101vanas ar\u012b ir j\u0101atgrie\u017e.<\/li>\n<\/ul>\n\n\n\n<p>Ja ir izpild\u012bti iepriek\u0161 min\u0113tie nosac\u012bjumi, l\u016bdzu, rakstiet mums. <a href=\"mailto:info@lemila.lt\">info@lemila.lt<\/a>un, l\u016bdzu, nor\u0101diet savu pas\u016bt\u012bjuma numuru vai pievienojiet maks\u0101juma apliecin\u0101jumu.<\/p>\n\n\n\n<p>P\u0113c piepras\u012bjuma sa\u0146em\u0161anas m\u0113s ar jums sazin\u0101simies 2 darba dienu laik\u0101, lai vienotos par atgrie\u0161anas inform\u0101ciju.<\/p>\n\n\n\n<p>P\u0113c tam, kad b\u016bsiet sa\u0146\u0113mis preces un p\u0101rliecin\u0101jies, ka t\u0101s nav lietotas, nauda tiks atmaks\u0101ta uz maks\u0101t\u0101ja kontu (vai, ja tas neb\u016bs iesp\u0113jams, uz citu j\u016bsu nor\u0101d\u012bto kontu) 3 dienu laik\u0101.<\/p>\n\n\n\n<p>Preces ar defektiem tiek atgrieztas saska\u0146\u0101 ar Pre\u010du atgrie\u0161anas un apmai\u0146as noteikumiem, kas apstiprin\u0101ti ar ekonomikas ministra 2001. gada 29. j\u016bnija r\u012bkojumu Nr. 217 \"Par Pre\u010du atgrie\u0161anas un apmai\u0146as noteikumu apstiprin\u0101\u0161anu\".<\/p>\n\n\n\n<p>L\u016bdzu, \u0146emiet v\u0113r\u0101, ka str\u012bda gad\u012bjum\u0101 pirc\u0113jiem vispirms j\u0101sazin\u0101s ar p\u0101rdev\u0113ju, un, ja str\u012bdu neizdodas atrisin\u0101t, vi\u0146iem ir ties\u012bbas izmantot tie\u0161saistes pat\u0113r\u0113t\u0101ju str\u012bdu iz\u0161\u0137ir\u0161anas platformu, lai atrisin\u0101tu str\u012bdu: &nbsp;<a href=\"https:\/\/webgate.ec.europa.eu\/odr\/main\/?event=main.home.show\" target=\"_blank\" rel=\"noopener\">https:\/\/webgate.ec.europa.eu\/odr\/main\/?event=main.home.show<\/a>.<\/p>","protected":false},"excerpt":{"rendered":"<p>Kvalitat\u012bvas preces, kas ieg\u0101d\u0101tas tie\u0161saist\u0113, var atgriezt 14 (\u010detrpadsmit) dienu laik\u0101 no pieg\u0101des dienas pirc\u0113jam. Ja ir izpild\u012bti iepriek\u0161 min\u0113tie nosac\u012bjumi, l\u016bdzu, rakstiet mums uz info@lemila.lt, nor\u0101dot sava pas\u016bt\u012bjuma numuru vai pievienojot maks\u0101juma apliecin\u0101jumu. P\u0113c piepras\u012bjuma sa\u0146em\u0161anas m\u0113s sazin\u0101simies ar jums 2 darba dienu laik\u0101, lai vienotos par atgrie\u0161anas deta\u013c\u0101m. Kad b\u016bsim sa\u0146\u0113mu\u0161i preces un p\u0101rliecin\u0101ju\u0161ies, ka t\u0101s nav lietotas, nauda tiks atmaks\u0101ta uz maks\u0101t\u0101ja kontu (vai, ja tas neb\u016bs iesp\u0113jams, uz citu j\u016bsu nor\u0101d\u012bto kontu) 3 dienu laik\u0101. Boj\u0101tu pre\u010du atgrie\u0161ana notiek saska\u0146\u0101 ar Pre\u010du atgrie\u0161anas un apmai\u0146as noteikumiem, kas apstiprin\u0101ti ar ekonomikas ministra 2001. gada 29. j\u016bnija r\u012bkojumu Nr. 217 \"Par Pre\u010du atgrie\u0161anas un apmai\u0146as noteikumu apstiprin\u0101\u0161anu\". L\u016bdzu, \u0146emiet v\u0113r\u0101, ka str\u012bda gad\u012bjum\u0101 pirc\u0113jiem vispirms j\u0101sazin\u0101s ar p\u0101rdev\u0113ju un, ja str\u012bdu neizdodas atrisin\u0101t, vi\u0146iem ir ties\u012bbas pieteikties str\u012bda iz\u0161\u0137ir\u0161anai elektroniskaj\u0101 pat\u0113r\u0113t\u0101ju str\u012bdu iz\u0161\u0137ir\u0161anas platform\u0101: https:\/\/webgate.ec.europa.eu\/odr\/main\/?event=main.home.show.<\/p>","protected":false},"author":1,"featured_media":0,"parent":0,"menu_order":0,"comment_status":"closed","ping_status":"closed","template":"","meta":{"footnotes":""},"class_list":["post-22643","page","type-page","status-publish","hentry","post-no-thumbnail"],"_links":{"self":[{"href":"https:\/\/lemila.lt\/lv\/wp-json\/wp\/v2\/pages\/22643","targetHints":{"allow":["GET"]}}],"collection":[{"href":"https:\/\/lemila.lt\/lv\/wp-json\/wp\/v2\/pages"}],"about":[{"href":"https:\/\/lemila.lt\/lv\/wp-json\/wp\/v2\/types\/page"}],"author":[{"embeddable":true,"href":"https:\/\/lemila.lt\/lv\/wp-json\/wp\/v2\/users\/1"}],"replies":[{"embeddable":true,"href":"https:\/\/lemila.lt\/lv\/wp-json\/wp\/v2\/comments?post=22643"}],"version-history":[{"count":1,"href":"https:\/\/lemila.lt\/lv\/wp-json\/wp\/v2\/pages\/22643\/revisions"}],"predecessor-version":[{"id":22644,"href":"https:\/\/lemila.lt\/lv\/wp-json\/wp\/v2\/pages\/22643\/revisions\/22644"}],"wp:attachment":[{"href":"https:\/\/lemila.lt\/lv\/wp-json\/wp\/v2\/media?parent=22643"}],"curies":[{"name":"wp","href":"https:\/\/api.w.org\/{rel}","templated":true}]}}