{"id":28285,"date":"2026-02-12T15:05:36","date_gmt":"2026-02-12T13:05:36","guid":{"rendered":"https:\/\/lemila.lt\/?post_type=product&#038;p=28285"},"modified":"2026-04-14T16:09:26","modified_gmt":"2026-04-14T13:09:26","slug":"reviderm-perfecting-pigment-drops-tobulinantys-pigmentuoti-lasiukai-20ml","status":"publish","type":"product","link":"https:\/\/lemila.lt\/en\/product\/reviderm-perfecting-pigment-drops-tobulinantys-pigmentuoti-lasiukai-20ml\/","title":{"rendered":"REVIDERM Perfecting Pigment Drops Perfecting Pigment Drops, 20ml"},"content":{"rendered":"<p>Unikal\u016bs, lengvos tekst\u016bros, stipriai pigmentuoti mineraliniai la\u0161iukai, skirti \u012fmai\u0161yti \u012f baigiamaj\u012f odos prie\u017ei\u016bros produkt\u0105. Perfecting Pigment Drops galima naudoti vienus kaip skyst\u0105, stipriai maskuojan\u010di\u0105 priemon\u0119 arba mai\u0161yti su naudojamu veido kremu arba SPF produktu. Sud\u0117tyje esan\u010dios amino r\u016bg\u0161tys ir biomimetiniai ingredientai, u\u017etikrina tolyg\u0173 dengim\u0105, o \u0161vies\u0105 atspindin\u010dios dalel\u0117s suteikia odai \u0161vyt\u0117jimo ir nat\u016bralaus spindesio.<\/p>\n<p>Ingridientai: AQUA (WATER), DIMETHICONE, TRIMETHYLSILOXYSILICATE, METHYL TRIMETHICONE, CAPRYLYL METHICONE, CAPRYLYL DIMETHICONE ETHOXY GLUCOSIDE, BUTYLENE GLYCOL, SORBITAN ISOSTEARATE, ISODECANE, BIS-HYDROXYETHOXYPROPYL DIMETHICONE\/IPDI COPOLYMER ETHYLCARBAMATE, DIMETHICONE\/VINYL DIMETHICONE CROSSPOLYMER, SODIUM POTASSIUM ALUMINIUM SILICATE, SORBITAN CAPRYLATE, CELLULOSE, DIAMOND POWDER, CAPRYLIC\/ CAPRIC TRIGLYCERIDE, PENTYLENE GLYCOL, GLYCERIN, ASCORBYL TETRAISOPALMITATE, WITHANIA SOMNIFERA ROOT EXTRACT, VITEX AGNUS-CASTUS EXTRACT, BRASSICA CAMPESTRIS (RAPESEED) SEED OIL, TOCOPHERYL ACETATE, TOCOPHEROL, CYCLODEXTRIN, C20-24 OLEFIN, LECITHIN, SILICA, DI-C12-13 ALKYL TARTRATE, POLYPHENYLSILSESQUIOXANE, TRIETHOXYCAPRYLYLSILANE, STEARALKONIUM BENTONITE, DISODIUM STEAROYL GLUTAMATE, POLYSILICONE-11, ALUMINIUM HYDROXIDE, SODIUM BENZOATE, SODIUM DEHYDROACETATE, POTASSIUM SORBATE, SODIUM CHLORIDE, ALCOHOL, CITRIC ACID, [+\/- CI77891 (TIATNIUM DIOXIDE), CI77491 (IRON OXIDES), CI77492 (IRON OXIDES), CI77499 (IRON OXIDES)]<\/p>\n<p>Naudojimo b\u016bdas:\u00a0 Pagal norim\u0105 maskavim\u0105, \u012fmai\u0161ykite 1-5 la\u0161iukus \u012f baigiam\u0105j\u012f odos prie\u017ei\u016bros produkt\u0105. 1 la\u0161as \u2013 dr\u0117kinantis kremas su tonu, 2 \u2013 BB kremas, 3 \u2013 CC kremas, 4 \u2013 lengvos tekst\u016bros pudra, 5 \u2013 maskuoklis. Naudojant vienus la\u0161iukus, gaunasi pilnas dengimas ir stiprus maskavimas. Prie\u0161 naudojim\u0105 gerai suplakti.<\/p>\n","protected":false},"excerpt":{"rendered":"<p>Pigmented mineral drops to be added to the final skincare product. Can be used alone as a liquid, heavy masking agent or mixed with an existing face cream or SPF product.<\/p>","protected":false},"featured_media":28286,"comment_status":"open","ping_status":"closed","template":"","meta":[],"product_brand":[288],"product_cat":[137,131],"product_tag":[293],"class_list":{"0":"post-28285","1":"product","2":"type-product","3":"status-publish","4":"has-post-thumbnail","6":"product_brand-reviderm","7":"product_cat-makiazas","8":"product_cat-makiazo-pagrindas","9":"product_tag-reviderm","11":"first","12":"instock","13":"sale","14":"taxable","15":"shipping-taxable","16":"purchasable","17":"product-type-variable"},"_links":{"self":[{"href":"https:\/\/lemila.lt\/en\/wp-json\/wp\/v2\/product\/28285","targetHints":{"allow":["GET"]}}],"collection":[{"href":"https:\/\/lemila.lt\/en\/wp-json\/wp\/v2\/product"}],"about":[{"href":"https:\/\/lemila.lt\/en\/wp-json\/wp\/v2\/types\/product"}],"replies":[{"embeddable":true,"href":"https:\/\/lemila.lt\/en\/wp-json\/wp\/v2\/comments?post=28285"}],"version-history":[{"count":2,"href":"https:\/\/lemila.lt\/en\/wp-json\/wp\/v2\/product\/28285\/revisions"}],"predecessor-version":[{"id":28300,"href":"https:\/\/lemila.lt\/en\/wp-json\/wp\/v2\/product\/28285\/revisions\/28300"}],"wp:featuredmedia":[{"embeddable":true,"href":"https:\/\/lemila.lt\/en\/wp-json\/wp\/v2\/media\/28286"}],"wp:attachment":[{"href":"https:\/\/lemila.lt\/en\/wp-json\/wp\/v2\/media?parent=28285"}],"wp:term":[{"taxonomy":"product_brand","embeddable":true,"href":"https:\/\/lemila.lt\/en\/wp-json\/wp\/v2\/product_brand?post=28285"},{"taxonomy":"product_cat","embeddable":true,"href":"https:\/\/lemila.lt\/en\/wp-json\/wp\/v2\/product_cat?post=28285"},{"taxonomy":"product_tag","embeddable":true,"href":"https:\/\/lemila.lt\/en\/wp-json\/wp\/v2\/product_tag?post=28285"}],"curies":[{"name":"wp","href":"https:\/\/api.w.org\/{rel}","templated":true}]}}