{"id":21486,"date":"2024-01-22T11:02:37","date_gmt":"2024-01-22T11:02:37","guid":{"rendered":"https:\/\/lemila.lt\/?post_type=product&#038;p=21486"},"modified":"2024-11-26T19:20:33","modified_gmt":"2024-11-26T17:20:33","slug":"nailmatic-kids-magic-box-dovanu-rinkinys-vaikams-1vnt","status":"publish","type":"product","link":"https:\/\/lemila.lt\/en\/product\/nailmatic-kids-magic-box-dovanu-rinkinys-vaikams-1vnt\/","title":{"rendered":"Nailmatic KIDS MAGIC BOX Gift set for children, 1pc"},"content":{"rendered":"<p style=\"font-weight: 300\"><strong>The kit includes:<\/strong><\/p>\n<ul style=\"font-weight: 300\">\n<li>ZOUZOU Water-Based Nail Lacquer, 8ml is a water-based nail lacquer specially designed for children. Made in France, it is phthalate-free, formaldehyde-free, toluene-free and fragrance-free.  It works like magic: when you wash your hands with soap and water, it just disappears!;<\/li>\n<li>CHERRY Strawberry Lip Gloss, 6.5ml - A colourless, moisturising lip gloss with 97% natural ingredients. Made from apricot kernel oil and enriched with vitamin E, omega-6 and omega-9, this lip gloss intensely moisturises and softens the lips;<\/li>\n<li>RED PLANET Bath Bubble, 160g - These fun bubbles colour the bath water and help you relax after a long day of games and fun. Designed especially for children, Nailmatic bath bubbles are enriched with almond oil and chamomile blossom extract for moisturising and skin-softening properties;<\/li>\n<li>Nailmatic KIDS LAGOON Foaming &amp; Coloured Bath Salts - Nailmatic KIDS Bath Salts for children turn ordinary bathing into a foaming and coloured playground. This magical solution is enriched with vitamin E, sweet almond oil and chamomile blossom extract for moisturising and relaxing properties. Sprinkle the salt under a stream of water and watch the magic begin! If you want to get even more foam, just stir the water with your hand.<\/li>\n<\/ul>\n<p><strong>USE:<\/strong><\/p>\n<p>Nail polish: Shake the bottle before use. Apply one or two coats to the nails. Move your fingers to help the nail polish dry faster and voila!<\/p>\n<p>Lip gloss: Let your child apply lip gloss as often as he likes!<\/p>\n<p>Bath bubble: If the bath bubble is kept dry, nothing will happen to it. However, if it is wet or thrown into the bath - FZZZ! The bubble starts to dissolve and foam, a reaction caused by the ingredients in the product - citric acid and sodium bicarbonate - two absolutely non-toxic and non-degradable ingredients.<\/p>\n<p>Bath Salt: Sprinkle salt under a stream of water and watch the magic begin! If you want to get even more foam, just stir the water by hand.<\/p>\n<p>&nbsp;<\/p>","protected":false},"excerpt":{"rendered":"<p>Rinkinyje yra: Vandens pagrindo nag\u0173 lakas ZOUZOU, 8ml &#8211; vandens pagrindo nag\u0173 lakas, sukurtas specialiai vaikams. Pranc\u016bzijoje pagaminto nag\u0173 lako sud\u0117tyje n\u0117ra ftalat\u0173, formaldehido, tolueno ir be prid\u0117tini\u0173 kvap\u0173.\u00a0 Lakas suteikia d\u017eiaugsmo vaikams ir t\u0117veliams, kadangi jis veikia tarsi magija: plaunant rankas vandeniu ir muillu &#8211; jis tiesiog i\u0161nyksta!; CHERRY Bra\u0161ki\u0173 skonio l\u016bp\u0173 blizgesys, 6.5ml &#8211;\u00a0 Bespalvis, dr\u0117kinantis l\u016bp\u0173 blizgis, kurios sud\u0117tyje net 97% nat\u016brali\u0173 ingredient\u0173. Pagamintas i\u0161 abrikos\u0173 kauliuk\u0173 aliejaus, papildytas vitaminu E, omega-6 ir omega-9, \u0161is l\u016bp\u0173 blizgis intensyviai dr\u0117kina l\u016bp\u0173 od\u0105 ir j\u0105 mink\u0161tina; RED PLANET Vonios burbulas, 160g &#8211; \u0160ie linksmi putojantys burbulai nuda\u017eo vonios vanden\u012f ir padeda atsipalaiduoti po ilgos \u017eaidim\u0173 ir linksmybi\u0173 kupinos dienos. Sukurti specialiai vaikams, &#8220;Nailmatic&#8221; vonios burbulai yra praturtinti dr\u0117kinan\u010diomis ir od\u0105 mink\u0161tinan\u010diomis savyb\u0117mis pasi\u017eymin\u010diu migdol\u0173 aliejumi bei ramun\u0117li\u0173 \u017eied\u0173 ekstraktu; Nailmatic KIDS LAGOON Foaming &amp; Coloured Bath Salts\u00a0 &#8211; &#8220;Nailmatic KIDS&#8221; vonios druska, skirta vaikams, \u012fprastas maudynes paver\u010dia putojan\u010dia ir spalvota \u017eaidim\u0173 aik\u0161tele. \u0160is stebuklingas tirpalas yra praturtintas vitaminu E, sald\u017ei\u0173j\u0173 migdol\u0173 aliejumi ir ramun\u0117li\u0173 \u017eied\u0173 ekstraktu, kurie pasi\u017eymi dr\u0117kinan\u010diomis ir atpalaiduojan\u010diomis savyb\u0117mis. Paberkite druskos po vandens srove ir steb\u0117kite, kaip prasideda magija! Jei norite i\u0161gauti dar daugiau put\u0173, tiesiog pamai\u0161ykite vanden\u012f ranka. NAUDOJIMAS: Nag\u0173 lakas:\u00a0Prie\u0161 naudojim\u0105 supurtykite buteliuk\u0105. Padenkite nagus vienu ar dviem sluoksniais. Pajudinkite pir\u0161tukus, kad lakas grei\u010diau i\u0161d\u017ei\u016bt\u0173 ir voila! L\u016bp\u0173 blizgis:\u00a0Leiskite vaikui teptis l\u016bpytes taip da\u017enai, kaip jam norisi! Vonios burbulas:\u00a0Jei vonios burbulas laikomas sausai &#8211; jam nieko nenutiks. Ta\u010diau j\u012f sudr\u0117kinus ar \u012fmetus \u012f voni\u0105 &#8211; FZZZ! Burbulas pradeda tirpti ir putoti &#8211; tokia reakcija kyla d\u0117l priemon\u0117s sud\u0117tyje esan\u010di\u0173 med\u017eiag\u0173 &#8211; citrin\u0173 r\u016bg\u0161ties ir natrio bikarbonato &#8211; dviej\u0173 absoliu\u010diai netoksi\u0161k\u0173 ir suyran\u010di\u0173 ingredient\u0173. Vonios druska:\u00a0Paberkite druskos po vandens srove ir steb\u0117kite, kaip prasideda magija! Jei norite i\u0161gauti dar daugiau put\u0173, tiesiog pamai\u0161ykite vanden\u012f ranka. &nbsp;<\/p>","protected":false},"featured_media":21487,"comment_status":"open","ping_status":"closed","template":"","meta":[],"product_brand":[220],"product_cat":[110],"product_tag":[],"class_list":{"0":"post-21486","1":"product","2":"type-product","3":"status-publish","4":"has-post-thumbnail","6":"product_brand-nailmatic","7":"product_cat-vaikams","9":"first","10":"instock","11":"sale","12":"taxable","13":"shipping-taxable","14":"purchasable","15":"product-type-simple"},"_links":{"self":[{"href":"https:\/\/lemila.lt\/en\/wp-json\/wp\/v2\/product\/21486","targetHints":{"allow":["GET"]}}],"collection":[{"href":"https:\/\/lemila.lt\/en\/wp-json\/wp\/v2\/product"}],"about":[{"href":"https:\/\/lemila.lt\/en\/wp-json\/wp\/v2\/types\/product"}],"replies":[{"embeddable":true,"href":"https:\/\/lemila.lt\/en\/wp-json\/wp\/v2\/comments?post=21486"}],"version-history":[{"count":1,"href":"https:\/\/lemila.lt\/en\/wp-json\/wp\/v2\/product\/21486\/revisions"}],"predecessor-version":[{"id":21488,"href":"https:\/\/lemila.lt\/en\/wp-json\/wp\/v2\/product\/21486\/revisions\/21488"}],"wp:featuredmedia":[{"embeddable":true,"href":"https:\/\/lemila.lt\/en\/wp-json\/wp\/v2\/media\/21487"}],"wp:attachment":[{"href":"https:\/\/lemila.lt\/en\/wp-json\/wp\/v2\/media?parent=21486"}],"wp:term":[{"taxonomy":"product_brand","embeddable":true,"href":"https:\/\/lemila.lt\/en\/wp-json\/wp\/v2\/product_brand?post=21486"},{"taxonomy":"product_cat","embeddable":true,"href":"https:\/\/lemila.lt\/en\/wp-json\/wp\/v2\/product_cat?post=21486"},{"taxonomy":"product_tag","embeddable":true,"href":"https:\/\/lemila.lt\/en\/wp-json\/wp\/v2\/product_tag?post=21486"}],"curies":[{"name":"wp","href":"https:\/\/api.w.org\/{rel}","templated":true}]}}