{"id":3,"date":"2024-01-21T21:58:24","date_gmt":"2024-01-21T21:58:24","guid":{"rendered":"https:\/\/lemila.lt\/?page_id=3"},"modified":"2024-01-27T17:02:19","modified_gmt":"2024-01-27T15:02:19","slug":"privacy-policy","status":"publish","type":"page","link":"https:\/\/lemila.lt\/en\/privacy-policy\/","title":{"rendered":"Privacy Policy"},"content":{"rendered":"<p><strong><br>GENERAL INFORMATION<\/strong><\/p>\n\n\n\n<p>MB \"Mila shop\" (hereinafter referred to as the \"Data Controller\") hereby establishes the terms and conditions for the processing of personal data through the use of the website operated by the Data Controller (hereinafter referred to as \"Privacy Policy\"). The terms and conditions set out in the Privacy Policy apply each time you access the content and\/or service provided by us, regardless of the device (computer, mobile phone, tablet, TV, etc.) you are using.<\/p>\n\n\n\n<p><strong>Data controller details:&nbsp;<\/strong><\/p>\n\n\n\n<ul class=\"wp-block-list\">\n<li>Data controller: MB \"Mila shop\";<\/li>\n\n\n\n<li>Company code: 306387717;<\/li>\n\n\n\n<li>Address of the registered office: 52A Ukrainie\u010di\u0173 g., LT-13278 Vilnius<\/li>\n\n\n\n<li>E-mail: info@lemila.lt.<\/li>\n<\/ul>\n\n\n\n<p><em>It is very important that you read this Privacy Policy carefully because each time you visit a website owned by the Data Controller, you agree to the terms and conditions described in this Privacy Policy. If you do not agree to these terms and conditions, please do not visit our website or use our content and\/or services.<\/em><\/p>\n\n\n\n<p>We confirm that the Data Controller's website visitors' data will be collected in accordance with the requirements of the applicable European Union and Republic of Lithuania legislation and the instructions of the controlling authorities. All reasonable technical and administrative measures are in place to protect the data we collect about website visitors from loss, unauthorised use or modification.<\/p>\n\n\n\n<p>Persons under the age of 16 are not allowed to submit any personal data through our website. If you are a person who is under the age of 16, you must obtain the consent of your parents or other legal guardians before submitting personal information.<\/p>\n\n\n\n<p>The terms used in these Terms and Conditions shall be understood as they are defined in the General Data Protection Regulation 2016\/679.<\/p>\n\n\n\n<p><strong>WHAT INFORMATION DO WE COLLECT ABOUT YOU?<\/strong><\/p>\n\n\n\n<p><em>Information provided directly by you:<\/em><\/p>\n\n\n\n<ul class=\"wp-block-list\">\n<li>Name<\/li>\n\n\n\n<li>Last name<\/li>\n\n\n\n<li>Telephone number<\/li>\n\n\n\n<li>Email address<\/li>\n\n\n\n<li>IP address<\/li>\n\n\n\n<li>Cookie information<\/li>\n<\/ul>\n\n\n\n<p><strong>Information from third party sources&nbsp;<\/strong><\/p>\n\n\n\n<p>We may obtain information about you from public and commercial sources (to the extent permitted by applicable law) and link it to other information we obtain from or about you. We may also receive information about you from third party social networking services when you access them, for example through your Facebook accounts.<\/p>\n\n\n\n<p><strong>Other information we collect<\/strong><\/p>\n\n\n\n<p>We may also collect other information about you, your device or your use of our website content with your consent.<\/p>\n\n\n\n<p><strong>HOW DO WE USE YOUR DATA?<\/strong><\/p>\n\n\n\n<p>We may use the information collected for the following purposes:<\/p>\n\n\n\n<ul class=\"wp-block-list\">\n<li>providing you with the services you have requested by visiting our website;<\/li>\n\n\n\n<li>for direct marketing*, such as sending newsletters, delivering tailored promotional advertisements and sending notifications about promotions, evaluating and analysing our market, customers, products and services (including collecting your opinion on products and services and organising customer surveys);<\/li>\n\n\n\n<li>to get your feedback on the quality of the service you receive, in order to improve it and offer you the highest level of service;<\/li>\n\n\n\n<li>in other ways with your consent*.<\/li>\n<\/ul>\n\n\n\n<p><em>*Please be advised that you have the right to object to or withdraw your consent to the processing of your data for the purposes set out above, marked with an asterisk, at any time.&nbsp;<\/em><\/p>\n\n\n\n<p><strong>WHO DO WE DISCLOSE YOUR INFORMATION TO?<\/strong><\/p>\n\n\n\n<p>We undertake not to pass on your personal data to any unaffiliated third parties, except in the following cases:<\/p>\n\n\n\n<ul class=\"wp-block-list\">\n<li>if you have consented to the disclosure of personal data;<\/li>\n\n\n\n<li>in the provision of services - to our partners, where necessary, we will only provide you with as much of your personal information as is necessary to perform a particular service. You will be informed about the transfer of your personal data to third parties before the transfer.<\/li>\n\n\n\n<li>Law enforcement authorities in accordance with the procedure provided for in the legislation of the Republic of Lithuania.<\/li>\n<\/ul>\n\n\n\n<p><strong>WHAT DO WE DO TO PROTECT YOUR INFORMATION?<\/strong><\/p>\n\n\n\n<p>Personal data is protected against loss, unauthorised use and alteration. We have put in place technical and organisational measures to protect the security of personal data in order to safeguard all information we collect for the purposes of providing our services. We remind you that while we take reasonable steps to protect your information, no website, online transaction, computer system or wireless connection is completely secure.<\/p>\n\n\n\n<p>We will keep your data for 5 years after the last day you use our services or content. At the end of this period, the data will be erased by software so that it cannot be reproduced.<\/p>\n\n\n\n<p><strong>YOUR RIGHTS<\/strong><\/p>\n\n\n\n<p>The data subject whose data are processed in the course of the Data Controller's activities has the following rights:<\/p>\n\n\n\n<ul class=\"wp-block-list\">\n<li>to know (be informed) about the processing of your data (right to know);<\/li>\n\n\n\n<li>to know your data and how they are processed (right of access);<\/li>\n\n\n\n<li>require rectification or, depending on the purposes of the processing of the personal data, completion of incomplete personal data (the right to rectification);<\/li>\n\n\n\n<li>to have your data erased or to stop the processing of your data (except for storage) (right to erasure and right to be forgotten);<\/li>\n\n\n\n<li>has the right to require the Data Controller to restrict the processing of personal data on one of the legitimate grounds (right to restrict);<\/li>\n\n\n\n<li>have the right to data portability (right to port);<\/li>\n\n\n\n<li>to object to the processing of personal data when such data is processed or intended to be processed for direct marketing purposes, including profiling in relation to such direct marketing.<\/li>\n<\/ul>\n\n\n\n<p>The Data Subject shall have the right to submit any request or instruction relating to the processing of personal data to the Data Controller in writing in one of the following ways:<\/p>\n\n\n\n<ul class=\"wp-block-list\">\n<li>By direct delivery to MB \"Mila shop\", Ukrainie\u010di\u0173 g. 52A, LT-13278 Vilnius, Lithuania;<\/li>\n\n\n\n<li>By post: MB \"Mila shop\", Ukrainie\u010di\u0173 g. 52A, LT-13278 Vilnius, Lithuania;<\/li>\n\n\n\n<li>E-mail: info@lemila.lt.<\/li>\n<\/ul>\n\n\n\n<p>The controller shall, upon receipt of such a request or instruction, provide a reply within no later than one month from the date of the request and shall carry out or refuse to carry out the actions specified in the request. Where necessary, the period referred to may be extended by a further two months, depending on the complexity and number of requests. In such a case, the Data Controller shall inform the Data Subject of such extension within one month from the date of receipt of the request, together with the reasons for the delay.<\/p>\n\n\n\n<p>The Data Controller may refuse to allow data subjects to exercise the rights listed above, except for the refusal to process personal data for direct marketing purposes, where, in the cases provided for by law, it is necessary to ensure the prevention, investigation, and detection of crimes, breaches of professional or professional ethics, as well as the protection of the rights and freedoms of the data subject or other persons.<\/p>\n\n\n\n<p><strong>THIRD PARTY WEBSITES, SERVICES AND PRODUCTS ON OUR WEBSITES<\/strong><\/p>\n\n\n\n<p>The Data Controller's website may contain third-party banners, links to their websites and services, which are not under the Data Controller's control. The Data Controller is not responsible for the security and privacy of information collected by third parties. You must read the privacy statements applicable to the third party websites and services that you use.<\/p>\n\n\n\n<p><strong>SLAPS<\/strong><\/p>\n\n\n\n<p>When you visit the Controller's website, we want to provide you with content and features that are tailored to your specific needs. This requires the use of cookies. These are small pieces of information that are automatically created when you browse the website and are stored on your computer or other terminal device. They help the Data Controller to recognise you as a previous visitor to a particular website, to store your visit history and to tailor the content accordingly. Cookies also help to ensure the smooth functioning of websites, to monitor the duration and frequency of visits to websites and to collect statistical information about the number of visitors to websites.<\/p>\n\n\n\n<p><em>How to manage and delete cookies<\/em><\/p>\n\n\n\n<p>When you use your browser to access the content we provide, you can configure your browser to accept all cookies, reject all cookies or notify you when a cookie is being sent. Every browser is different, so if you don't know how to change your cookie preferences, please check your browser's help menu. Your device's operating system may have additional cookie controls. If you do not want information to be collected by cookies, you can use a simple procedure in most browsers that allows you to opt out of cookies. To learn more about how to manage cookies, please visit:&nbsp;<a href=\"http:\/\/www.allaboutcookies.org\/manage-cookies\/\" target=\"_blank\" rel=\"noopener\">http:\/\/www.allaboutcookies.org\/manage-cookies\/<\/a>.<\/p>\n\n\n\n<p>However, please note that in some cases, deleting cookies may slow down the speed of your browsing experience, restrict certain features of the website or block access to the website.<\/p>\n\n\n\n<p>Our website may contain links to the websites of other individuals, companies or organisations. Please note that the Data Controller is not responsible for the content of such websites or the privacy practices they use. Therefore, if you follow a link from the Data Controller's website to other websites, you should consult their privacy policies separately.<\/p>\n\n\n\n<figure class=\"wp-block-table\"><table><thead><tr><td><strong>HAT<\/strong><\/td><td><strong>DOMEN<\/strong><\/td><td><strong>TYPE<\/strong><\/td><td><strong>DESCRIPTION<\/strong><\/td><td><strong>TRUMP<\/strong><\/td><\/tr><\/thead><tbody><tr><td>tk_or<\/td><td>.lemila.lt<\/td><td>Analytics<\/td><td>This cookie is set by JetPack plugin on sites using WooCommerce. This is a referral cookie used for analysing referrer behavior for Jetpack<\/td><td>5 years<\/td><\/tr><tr><td>tk_r3d<\/td><td>.lemila.lt<\/td><td>Analytics<\/td><td>The cookie is installed by JetPack. Used for the internal metrics fo user activities to improve user experience<\/td><td>3 days<\/td><\/tr><tr><td>tk_lr<\/td><td>.lemila.lt<\/td><td>Analytics<\/td><td>This cookie is set by JetPack plugin on sites using WooCommerce. This is a referral cookie used for analysing referrer behavior for Jetpack<\/td><td>1 year<\/td><\/tr><tr><td>_ga<\/td><td>.lemila.lt<\/td><td>Analytics<\/td><td>This cookie is installed by Google Analytics. The cookie is used to calculate visitor, session, campaign data and keep track of site usage for the site's analytics report. The cookies store information anonymously and assign a randomly generated number to identify unique visitors.<\/td><td>2 years<\/td><\/tr><tr><td>_gid<\/td><td>.lemila.lt<\/td><td>Analytics<\/td><td>This cookie is installed by Google Analytics. The cookie is used to store information of how visitors use a website and helps in creating an analytics report of how the wbsite is doing. The data collected including the number visitors, the source where they have come from, and the pages viisted in anonymous form.<\/td><td>1 day<\/td><\/tr><tr><td>__cfduid<\/td><td>.lemila.lt<\/td><td>Essential<\/td><td>The cookie is used by cdn services like CloudFare to identify individual clients behind a shared IP address and apply security settings on a per-client basis. It does not correspond to any user ID in the web application and does not store any personally identifiable information.<\/td><td>1 month<\/td><\/tr><tr><td>cookielawinfo-checkbox-necessary<\/td><td>lemila.lt<\/td><td>Essential<\/td><td>This cookie is set by GDPR Cookie Consent plugin. The cookies is used to store the user consent for the cookies in the category 'Necessary'.<\/td><td>1 year<\/td><\/tr><tr><td>cookielawinfo-checkbox-non-necessary<\/td><td>lemila.lt<\/td><td>Essential<\/td><td>This cookie is set by GDPR Cookie Consent plugin. The cookies is used to store the user consent for the cookies in the category 'Non-necessary'.<\/td><td>1 year<\/td><\/tr><tr><td>_gat<\/td><td>.lemila.lt<\/td><td>Productivity<\/td><td>This cookies is installed by Google Universal Analytics to throttle the request rate to limit the colllection of data on high traffic sites.<\/td><td>1 minute<\/td><\/tr><\/tbody><\/table><\/figure>\n\n\n\n<p><strong>CONTACT US<\/strong><\/p>\n\n\n\n<p>If you have any questions about the information contained in this Privacy Policy, please feel free to contact us in any way that is convenient for you:<\/p>\n\n\n\n<ul class=\"wp-block-list\">\n<li>By direct delivery to MB \"Mila shop\", Ukrainie\u010di\u0173 g. 52A, LT-13278 Vilnius, Lithuania;<\/li>\n\n\n\n<li>By post: MB \"Mila shop\", Ukrainie\u010di\u0173 g. 52A, LT-13278 Vilnius, Lithuania;<\/li>\n\n\n\n<li>E-mail: info@lemila.lt.<\/li>\n<\/ul>","protected":false},"excerpt":{"rendered":"<p>BENDRA INFORMACIJA MB&nbsp;\u201cMila shop\u201d(toliau \u2013 Duomen\u0173 valdytojas) \u0161ia privatumo politika (toliau \u2013 Privatumo politika) nustato asmens duomen\u0173 tvarkymo s\u0105lygas naudojantis Duomen\u0173 valdytojo valdoma interneto svetaine. Privatumo politikos nustatytos s\u0105lygos taikomos kiekvien\u0105 kart\u0105 jums norint pasiekti m\u016bs\u0173 teikiam\u0105 turin\u012f ir\/ar paslaug\u0105, nepaisant to, kok\u012f \u012frengin\u012f (kompiuter\u012f, mobil\u0173j\u012f telefon\u0105, plan\u0161et\u0119, televizori\u0173 ar kt.) naudojate. Duomen\u0173 valdytojo rekvizitai:&nbsp; Labai svarbu, kad atid\u017eiai perskaitytum\u0117te Privatumo politik\u0105, nes kiekvien\u0105 kart\u0105 lankydami Duomen\u0173 valdytojui priklausan\u010di\u0105 interneto svetain\u0119, sutinkate su s\u0105lygomis, apra\u0161ytomis \u0161ioje Privatumo politikoje. Jei nesutinkate su \u0161iomis s\u0105lygomis, pra\u0161ome nesilankyti m\u016bs\u0173 svetain\u0117je, nesinaudoti m\u016bs\u0173 turiniu ir\/ar paslaugomis. Patvirtiname, kad Duomen\u0173 valdytojo svetain\u0117s lankytoj\u0173 duomenys bus renkami laikantis galiojan\u010di\u0173 Europos S\u0105jungos bei Lietuvos Respublikos teis\u0117s akt\u0173 reikalavim\u0173 bei kontroliuojan\u010di\u0173 institucij\u0173 nurodym\u0173. Taikomos visos protingos technin\u0117s ir administracin\u0117s priemon\u0117s tam, kad m\u016bs\u0173 surinkti duomenys apie svetain\u0117s lankytojus b\u016bt\u0173 apsaugomi nuo praradimo, neleistino naudojimo ar pakeitim\u0173. Asmenys, kurie yra jaunesni negu 16 met\u0173, negali teikti joki\u0173 asmens duomen\u0173 per m\u016bs\u0173 svetain\u0119. Jei esate asmuo, kuris yra jaunesnis negu 16 met\u0173, prie\u0161 pateikdami asmenin\u0119 informacij\u0105, turite gauti savo t\u0117v\u0173 arba kit\u0173 teis\u0117t\u0173 glob\u0117j\u0173 sutikim\u0105. Taisykl\u0117se vartojamos s\u0105vokos suprantamos taip, kaip jos yra apibr\u0117\u017etos Bendrajame duomen\u0173 apsaugos reglamente Nr. 2016\/679. KOKI\u0104 INFORMACIJ\u0104 APIE JUS RENKAME? Tiesiogiai j\u016bs\u0173 pateikiama informacija: Informacija i\u0161 tre\u010di\u0173j\u0173 \u0161ali\u0173 \u0161altini\u0173&nbsp; Mes galime gauti informacijos apie jus i\u0161 vie\u0161\u0173j\u0173 ir komercini\u0173 \u0161altini\u0173 (kiek tai leid\u017eia galiojantys teis\u0117s aktai) ir susieti j\u0105 su kita informacija, kuri\u0105 gauname i\u0161 j\u016bs\u0173 arba apie jus. Informacijos apie jus galime gauti ir i\u0161 tre\u010di\u0173j\u0173 \u0161ali\u0173 socialini\u0173 tinkl\u0173 paslaug\u0173, kai prie j\u0173 prisijungiate, pavyzd\u017eiui, per paskyras \u201eFacebook\u201c tinkle. Kita m\u016bs\u0173 renkama informacija Mes taip pat galime rinkti ir kit\u0105 informacij\u0105 apie jus, j\u016bs\u0173 \u012frengin\u012f ar j\u016bs\u0173 naudojim\u0105si m\u016bs\u0173 svetain\u0117s turiniu su j\u016bs\u0173 sutikimu. KAIP NAUDOJAME J\u016aS\u0172 DUOMENIS? Galime naudoti surinkt\u0105 informacij\u0105 toliau nurodytais tikslais: *Informuojame, kad j\u016bs turite teis\u0119 nesutikti ar bet kuriuo metu at\u0161aukti savo sutikim\u0105 tvarkyti j\u016bs\u0173 duomenis auk\u0161\u010diau nurodytais, \u017evaig\u017edute pa\u017eym\u0117tais, tikslais.&nbsp; KAM ATSKLEID\u017dIAME J\u016aS\u0172 INFORMACIJ\u0104? \u012esipareigojame neperduoti j\u016bs\u0173 asmenini\u0173 duomen\u0173 jokioms nesusijusioms tre\u010diosioms \u0161alims, i\u0161skyrus \u0161iuos atvejus: K\u0104 DAROME, KAD APSAUGOTUM\u0116ME J\u016aS\u0172 INFORMACIJ\u0104? Asmens duomenys yra saugomi nuo praradimo, neleistino naudojimo ir pakeitim\u0173. Esame \u012fsidieg\u0119 technines ir organizacines asmens duomen\u0173 apsaugos priemones, kad apsaugotum\u0117me vis\u0105 informacij\u0105, kuri\u0105 renkame m\u016bs\u0173 paslaug\u0173 teikimo tikslais. Primename, kad, nors ir imam\u0117s tinkam\u0173 veiksm\u0173 j\u016bs\u0173 informacijai apsaugoti, n\u0117 viena svetain\u0117, internetu atliekama operacija, kompiuteri\u0173 sistema ar belaidis ry\u0161ys n\u0117ra visi\u0161kai saug\u016bs. J\u016bs\u0173 duomenis saugosime 5 metus po paskutinio j\u016bs\u0173 naudojimosi m\u016bs\u0173 paslaugomis ar turiniu dienos. Pasibaigus \u0161iam terminui, duomenys bus i\u0161trinami programin\u0117mis priemon\u0117mis taip, kad j\u0173 negalima b\u016bt\u0173 atgaminti. J\u016aS\u0172 TEIS\u0116S Duomen\u0173 subjektas, kurio duomenys tvarkomi Duomen\u0173 valdytojo veikloje, turi \u0161ias teises: Bet kok\u012f pra\u0161ym\u0105 ar nurodym\u0105, susijus\u012f su asmens duomen\u0173 tvarkymu, Duomen\u0173 subjektas turi teis\u0119 pateikti Duomen\u0173 valdytojui ra\u0161tu vienu i\u0161 \u0161i\u0173 b\u016bd\u0173: Duomen\u0173 valdytojas, gav\u0119s tok\u012f pra\u0161ym\u0105 ar nurodym\u0105, ne v\u0117liau kaip per vien\u0105 m\u0117nes\u012f nuo kreipimosi datos, pateikia atsakym\u0105 bei atlieka pra\u0161yme nurodytus veiksmus ar atsisako juos atlikti. Prireikus nurodytas laikotarpis gali b\u016bti prat\u0119stas dar dviem m\u0117nesiams, atsi\u017evelgiant \u012f pra\u0161ym\u0173 sud\u0117tingum\u0105 ir skai\u010di\u0173. Tokiu atveju, per vien\u0105 m\u0117nes\u012f nuo pra\u0161ymo gavimo dienos, Duomen\u0173 valdytojas informuoja Duomen\u0173 subjekt\u0105 apie tok\u012f prat\u0119sim\u0105, kartu pateikdamas v\u0117lavimo prie\u017eastis. Duomen\u0173 valdytojas gali nesudaryti duomen\u0173 subjektams s\u0105lyg\u0173 \u012fgyvendinti auk\u0161\u010diau i\u0161vardint\u0173 teisi\u0173, i\u0161skyrus nesutikim\u0105 tvarkyti asmens duomenis tiesiogin\u0117s rinkodaros b\u016bdu, kai \u012fstatym\u0173 numatytais atvejais reikia u\u017etikrinti nusikaltim\u0173, tarnybin\u0117s ar profesin\u0117s etikos pa\u017eeidim\u0173 prevencij\u0105, tyrim\u0105 ir nustatym\u0105, taip pat duomen\u0173 subjekto ar kit\u0173 asmen\u0173 teisi\u0173 ir laisvi\u0173 apsaug\u0105. TRE\u010cI\u0172J\u0172 \u0160ALI\u0172 SVETAIN\u0116S, PASLAUGOS IR PRODUKTAI M\u016aS\u0172 SVETAIN\u0116SE Duomen\u0173 valdytojo interneto svetain\u0117je gali b\u016bti tre\u010di\u0173j\u0173 \u0161ali\u0173 reklamini\u0173 skydeli\u0173, nuorod\u0173 \u012f j\u0173 svetaines ir paslaugas, kuri\u0173 Duomen\u0173 valdytojas nekontroliuoja. Duomen\u0173 valdytojas neatsako u\u017e informacijos, kuri\u0105 surinko tre\u010diosios \u0161alys, saug\u0105 ir privatum\u0105. Turite perskaityti privatumo nuostatas, taikomas tre\u010di\u0173j\u0173 \u0161ali\u0173 svetain\u0117ms ir paslaugoms, kuriomis naudojat\u0117s. SLAPUKAI Jums besilankant Duomen\u0173 valdytojo interneto svetain\u0117je, norime pateikti tok\u012f turin\u012f ir funkcijas, kurios b\u016bt\u0173 pritaikytos b\u016btent j\u016bs\u0173 poreikiams. Tam reikalingi slapukai (angl. cookies). Tai nedideli informacijos elementai, kurie automati\u0161kai sukuriami nar\u0161ant svetain\u0117je ir yra i\u0161saugomi j\u016bs\u0173 kompiuteryje arba kitame galiniame \u012frenginyje. Jie padeda Duomen\u0173 valdytojui atpa\u017einti jus kaip ankstesn\u012f tam tikros interneto svetain\u0117s lankytoj\u0105, i\u0161saugoti j\u016bs\u0173 lankymosi svetain\u0117je istorij\u0105 ir pagal tai pritaikyti turin\u012f. Taip pat slapukai padeda u\u017etikrinti skland\u0173 svetaini\u0173 veikim\u0105, leid\u017eia steb\u0117ti lankymosi interneto svetain\u0117se trukm\u0119, da\u017enum\u0105 bei rinkti statistin\u0119 informacij\u0105 apie svetaini\u0173 lankytoj\u0173 skai\u010di\u0173. Kaip valdyti ir i\u0161trinti slapukus Kai naudojate nar\u0161ykl\u0119 m\u016bs\u0173 teikiamam turiniui pasiekti, galite konfig\u016bruoti savo nar\u0161ykl\u0119 taip, kad b\u016bt\u0173 priimti visi slapukai, atmesti visi slapukai arba b\u016bt\u0173 prane\u0161ama, kad slapukas atsiun\u010diamas. Kiekviena nar\u0161ykl\u0117 skirtinga, tod\u0117l, jei ne\u017einote kaip pakeisti slapuk\u0173 nuostatas, pasi\u017ei\u016br\u0117kite jos \u017einyno meniu. J\u016bs\u0173 \u012frenginio operacin\u0117je sistemoje gali b\u016bti papildom\u0173 slapuk\u0173 valdikli\u0173. Jei nenorite, kad informacija b\u016bt\u0173 renkama slapuk\u0173 pagalba, pasinaudokite daugelyje nar\u0161ykli\u0173 esama paprasta proced\u016bra, kuri leid\u017eia jums atsisakyti slapuk\u0173 naudojimosi. Nor\u0117dami daugiau su\u017einoti, kaip valdyti slapukus, apsilankykite adresu:&nbsp;http:\/\/www.allaboutcookies.org\/manage-cookies\/. Ta\u010diau atkreipiame d\u0117mes\u012f, kad kai kuriais atvejais slapuk\u0173 i\u0161trynimas gali sul\u0117tinti nar\u0161ymo internete spart\u0105, apriboti tam tikr\u0173 interneto svetain\u0117s funkcij\u0173 veikim\u0105 arba blokuoti prieig\u0105 prie svetain\u0117s. M\u016bs\u0173 svetain\u0117je gali b\u016bti nuorod\u0173 \u012f kit\u0173 asmen\u0173, \u012fmoni\u0173 ar organizacij\u0173 interneto tinklalapius. Atkreipiame d\u0117mes\u012f, kad Duomen\u0173 valdytojas n\u0117ra atsakingas u\u017e toki\u0173 interneto tinklalapi\u0173 turin\u012f ar j\u0173 naudojamus privatumo u\u017etikrinimo principus. Tad, jei paspaud\u0119 nuorod\u0105 i\u0161 Duomen\u0173 valdytojo interneto svetain\u0117s pateksite \u012f kitus tinklalapius, tur\u0117tum\u0117te atskirai pasidom\u0117ti j\u0173 Privatumo politika. SLAPUKAS DOMENAS TIPAS APRA\u0160YMAS TRUKM\u0116 tk_or .lemila.lt Analitikos This cookie is set by JetPack plugin on sites using WooCommerce. This is a referral cookie used for analyzing referrer behavior for Jetpack 5 metai tk_r3d .lemila.lt Analitikos The cookie is installed by JetPack. Used for the internal metrics fo user activities to improve user experience 3 dienos tk_lr .lemila.lt Analitikos This cookie is set by JetPack plugin on sites using WooCommerce. This is a referral cookie used for analyzing referrer behavior for Jetpack 1 metai _ga .lemila.lt Analitikos This cookie is installed by Google Analytics. The cookie is used to calculate visitor, session, campaign data and keep track of site usage for the site\u2019s analytics report. The cookies store information anonymously and assign a randomly generated number to identify unique visitors. 2 metai _gid .lemila.lt Analitikos This cookie is installed by Google Analytics. [&hellip;]<\/p>\n","protected":false},"author":1,"featured_media":0,"parent":0,"menu_order":0,"comment_status":"closed","ping_status":"open","template":"","meta":{"footnotes":""},"class_list":["post-3","page","type-page","status-publish","hentry","post-no-thumbnail"],"_links":{"self":[{"href":"https:\/\/lemila.lt\/en\/wp-json\/wp\/v2\/pages\/3","targetHints":{"allow":["GET"]}}],"collection":[{"href":"https:\/\/lemila.lt\/en\/wp-json\/wp\/v2\/pages"}],"about":[{"href":"https:\/\/lemila.lt\/en\/wp-json\/wp\/v2\/types\/page"}],"author":[{"embeddable":true,"href":"https:\/\/lemila.lt\/en\/wp-json\/wp\/v2\/users\/1"}],"replies":[{"embeddable":true,"href":"https:\/\/lemila.lt\/en\/wp-json\/wp\/v2\/comments?post=3"}],"version-history":[{"count":2,"href":"https:\/\/lemila.lt\/en\/wp-json\/wp\/v2\/pages\/3\/revisions"}],"predecessor-version":[{"id":22652,"href":"https:\/\/lemila.lt\/en\/wp-json\/wp\/v2\/pages\/3\/revisions\/22652"}],"wp:attachment":[{"href":"https:\/\/lemila.lt\/en\/wp-json\/wp\/v2\/media?parent=3"}],"curies":[{"name":"wp","href":"https:\/\/api.w.org\/{rel}","templated":true}]}}